{"id":4447,"date":"2026-03-09T23:42:57","date_gmt":"2026-03-09T22:42:57","guid":{"rendered":"https:\/\/www.srsp.it\/?post_type=product&#038;p=4447"},"modified":"2026-03-09T23:46:07","modified_gmt":"2026-03-09T22:46:07","slug":"80-18","status":"publish","type":"product","link":"https:\/\/www.srsp.it\/index.php\/prodotto\/80-18\/","title":{"rendered":"80.18 &#8211; Fabrizio Vallelonga"},"content":{"rendered":"<style type=\"text\/css\"><\/style>","protected":false},"excerpt":{"rendered":"<p style=\"text-align: justify;\"><strong>Ceramiche medievali dal territorio di Leopoli-Cencelle: il sito di Ripa Maiale (Allumiere, RM)<\/strong><\/p>\n<p><em>Fabrizio Vallelonga<\/em><\/p>\n<p style=\"text-align: justify;\">Nel 2014 sono riprese le attivit\u00e0 di ricerca condotte dalla Soprintendenza Archeologia, Belle Arti e Paesaggio-VT-EM in collaborazione con i Gruppi Archeologici d&#8217;Italia nell&#8217;area nota con il toponimo di Ripa Maiale (Allumiere &#8211; RM) dove precedenti indagini avevano gi\u00e0 rivelato un&#8217;intensa frequentazione in prossimit\u00e0 di una sorgente di acqua perenne. La sorgente, frequentata con alcune cesure dal Neolitico al basso medioevo, nel Bronzo Finale e nel periodo ellenistico fu utilizzata anche a scopi cultuali come testimoniato dai numerosi ritrovamenti di ex voto.<\/p>\n<p style=\"text-align: justify;\">Nel 2018, a poca distanza dalla sorgente, \u00e8 stata scoperta una piccola chiesa mono nave che mostra almeno due fasi costruttive, la cui cronologia \u00e8 ancora da precisare: la prima sembra ascrivibile in una forbice compresa tra il IX e X secolo, la seconda all&#8217; XI-XII. L&#8217;abbandono dell&#8217;edificio, a cui \u00e8 associata anche un&#8217;area sepolcrale posta davanti alla facciata, si pu\u00f2 collocare nel XIV secolo. \u00e8 probabile che la chiesa, prima del tutto sconosciuta alla ricerca, fosse, almeno nel periodo basso medievale, tra le dipendenze della vicina citt\u00e0 di Leopoli-Cencelle ed \u00e8 forse possibile che possa essere identificata con la chiesa di San Giovanni, nota dalla documentazione del XIV secolo.<\/p>\n<p style=\"text-align: justify;\">Lo scavo, ancora in corso, ha permesso di recuperare un discreto quantitativo di materiali ceramici, oltre ad alcuni frammenti scultorei relativi a rilievi altomedievali. Tra le ceramiche si riconoscono delle maioliche arcaiche che sembrerebbero relative alle ultime fasi di vita e abbandono del contesto. Tale limite cronologico \u00e8 infatti confermato dai reperti rinvenuti negli strati di distruzione della chiesa e di obliterazione del cimitero, all&#8217;interno dei quali, tra i numerosi materiali residui, appaiono datanti alcuni frammenti di maiolica arcaica.<\/p>\n<p style=\"text-align: justify;\">Nelle stratigrafie all&#8217;interno della chiesa e nei livellamenti esterni, contestuali alle fasi di funzionamento dell&#8217;edificio di culto, invece le ceramiche smaltate sono del tutto assenti. All&#8217;esterno dell&#8217;edificio, in particolare, sono stati recuperati numerosi frammenti di ceramiche a bande rosse pertinenti soprattutto a forme aperte (bacini), con impasti grezzi o depurati, che rappresentano un elemento di novit\u00e0 nel panorama locale e non sembrano trovare confronti precisi, anche nella vicina Cencelle.<\/p>\n<p style=\"text-align: justify;\">Nelle stratigrafie pi\u00f9 antiche, ancora solo parzialmente esplorate, sono stati rinvenuti frammenti di ceramica da fuoco, acroma depurata e a bande rosse. Tra le prime si distinguono alcuni orli di olle, fortemente estroflessi, che appaiono fondamentali per inquadrare le fasi pi\u00f9 antiche in un arco cronologico tra il IX-X secolo, considerando i confronti con i ritrovamenti di Cencelle.<\/p>\n<p>Miscellanea della Societ\u00e0 romana di storia patria, 80<br \/>\nluglio 2025, pp. 18<\/p>\n","protected":false},"featured_media":4449,"template":"","meta":[],"product_cat":[26],"product_tag":[],"_links":{"self":[{"href":"https:\/\/www.srsp.it\/index.php\/wp-json\/wp\/v2\/product\/4447"}],"collection":[{"href":"https:\/\/www.srsp.it\/index.php\/wp-json\/wp\/v2\/product"}],"about":[{"href":"https:\/\/www.srsp.it\/index.php\/wp-json\/wp\/v2\/types\/product"}],"wp:featuredmedia":[{"embeddable":true,"href":"https:\/\/www.srsp.it\/index.php\/wp-json\/wp\/v2\/media\/4449"}],"wp:attachment":[{"href":"https:\/\/www.srsp.it\/index.php\/wp-json\/wp\/v2\/media?parent=4447"}],"wp:term":[{"taxonomy":"product_cat","embeddable":true,"href":"https:\/\/www.srsp.it\/index.php\/wp-json\/wp\/v2\/product_cat?post=4447"},{"taxonomy":"product_tag","embeddable":true,"href":"https:\/\/www.srsp.it\/index.php\/wp-json\/wp\/v2\/product_tag?post=4447"}],"curies":[{"name":"wp","href":"https:\/\/api.w.org\/{rel}","templated":true}]}}