{"id":4409,"date":"2026-03-09T19:12:14","date_gmt":"2026-03-09T18:12:14","guid":{"rendered":"https:\/\/www.srsp.it\/?post_type=product&#038;p=4409"},"modified":"2026-03-09T19:17:55","modified_gmt":"2026-03-09T18:17:55","slug":"80-7","status":"publish","type":"product","link":"https:\/\/www.srsp.it\/index.php\/prodotto\/80-7\/","title":{"rendered":"80.7 &#8211; Laura Soro"},"content":{"rendered":"<style type=\"text\/css\"><\/style>","protected":false},"excerpt":{"rendered":"<p style=\"text-align: justify;\"><strong>Cagliari nell\u2019et\u00e0 degli <\/strong><strong><em>Judikes <\/em><\/strong><strong>(XI-XIII secolo). <\/strong><strong><em>Status quaestionis <\/em><\/strong><strong>sulle ceramiche d\u2019importazione e locali nei luoghi di culto della citt\u00e0<\/strong><\/p>\n<p><em>Laura Soro<\/em><\/p>\n<p style=\"text-align: justify;\">Il presente contributo mira a proporre una panoramica sulle ceramiche, locali e d\u2019importazione, messe in luce presso i luoghi di culto attivi a Cagliari nel corso dell\u2019et\u00e0 giudicale, periodo compreso tra XI e XIII secolo, in cui la Sardegna \u00e8 divisa in quattro Giudicati. Tale tematica \u00e8 resa complessa dall\u2019intersezione di diversi fattori: tra tutte, le carenze conoscitive legate all\u2019et\u00e0 giudicale, il popolamento di un\u2019area suburbana in cui sorse la cittadella giudicale di S. Igia e la conseguente carenza del registro archeologico urbano e delle relative attestazioni di cultura materiale databile tra VIII e XII secolo. In un panorama cos\u00ec delicato e apparentemente scarno di informazioni, i dati presi in esame, provenienti principalmente dai contesti di S. Saturnino, S. Bardilio\/Bonaria e via Brenta, acquisiscono ulteriore valore e permettono di avanzare alcune ipotesi ricostruttive circa la circolazione dei beni di consumo ed il loro utilizzo nelle mense giudicali relazionabili agli edifici religiosi.<\/p>\n<p>Miscellanea della Societ\u00e0 romana di storia patria, 80<br \/>\nluglio 2025, pp. 17<\/p>\n","protected":false},"featured_media":4412,"template":"","meta":[],"product_cat":[26],"product_tag":[],"_links":{"self":[{"href":"https:\/\/www.srsp.it\/index.php\/wp-json\/wp\/v2\/product\/4409"}],"collection":[{"href":"https:\/\/www.srsp.it\/index.php\/wp-json\/wp\/v2\/product"}],"about":[{"href":"https:\/\/www.srsp.it\/index.php\/wp-json\/wp\/v2\/types\/product"}],"wp:featuredmedia":[{"embeddable":true,"href":"https:\/\/www.srsp.it\/index.php\/wp-json\/wp\/v2\/media\/4412"}],"wp:attachment":[{"href":"https:\/\/www.srsp.it\/index.php\/wp-json\/wp\/v2\/media?parent=4409"}],"wp:term":[{"taxonomy":"product_cat","embeddable":true,"href":"https:\/\/www.srsp.it\/index.php\/wp-json\/wp\/v2\/product_cat?post=4409"},{"taxonomy":"product_tag","embeddable":true,"href":"https:\/\/www.srsp.it\/index.php\/wp-json\/wp\/v2\/product_tag?post=4409"}],"curies":[{"name":"wp","href":"https:\/\/api.w.org\/{rel}","templated":true}]}}