{"id":4259,"date":"2025-12-21T20:06:13","date_gmt":"2025-12-21T19:06:13","guid":{"rendered":"https:\/\/www.srsp.it\/?post_type=product&#038;p=4259"},"modified":"2025-12-22T14:26:36","modified_gmt":"2025-12-22T13:26:36","slug":"arch147-11","status":"publish","type":"product","link":"https:\/\/www.srsp.it\/index.php\/prodotto\/arch147-11\/","title":{"rendered":"Archivio della Societ\u00e0 romana di storia patria vol. 147\/II (2024) 11 &#8211; CAROCCI"},"content":{"rendered":"<style type=\"text\/css\"><\/style>","protected":false},"excerpt":{"rendered":"<p style=\"text-align: justify;\">Codice DOI: 10.61019\/ASRSP_147_II_11<\/p>\n<hr \/>\n<p>File formato PDF<\/p>\n<p style=\"text-align: left;\"><strong>Roberto Carocci<\/strong><\/p>\n<p style=\"text-align: left;\"><em>La lunga contesa. Il mondo del lavoro capitolino e l\u2019ascesa del fascismo. <\/em><\/p>\n<p style=\"text-align: justify;\">L\u2019articolo indaga la lunga contesa intercorsa nel primo dopoguerra tra il nascente movimento fascista e l\u2019associazionismo operaio romano che, a causa delle difficili condizioni materiali della popolazione, ebbe un rapido sviluppo, contraddistinto da una robusta ripresa della conflittualit\u00e0 sociale con diffuse accentuazioni radicali e dalla larga affermazione elettorale del Partito socialista. Con l\u2019aggravarsi della guerra civile nel resto d\u2019Italia, segnatamente con l\u2019attentato al teatro Diana di Milano nel marzo del 1921, si verific\u00f2 uno spostamento nell\u2019opinione pubblica in favore delle componenti reazionarie, fino ad accettare \u2013 se non a sostenere, come nel caso di una parte della stampa cittadina \u2013 le azioni delle camicie nere contro il \u201cpericolo rosso\u201d. Tra un sempre pi\u00f9 marcato utilizzo della violenza e un\u2019insistente ritualit\u00e0, il fascismo trov\u00f2 una sua pur lenta strada di affermazione, tuttavia frenata dalla capacit\u00e0 di resistenza delle classi subalterne cittadine che si concretizz\u00f2 nella nascita di organismi unitari di difesa. Momento culminante del confronto tra associazionismo operaio e il movimento di Mussolini si verific\u00f2 in occasione del congresso di fondazione del Partito nazionale fascista. Il fascismo riusc\u00ec a conquistare la citt\u00e0 solo nell\u2019ottobre del 1922, potendo da quel momento fare affidamento anche sugli apparati repressivi dello Stato, tuttavia fatic\u00f2 lungamente a penetrare tra i lavoratori romani e una parte consistente della cittadinanza.<\/p>\n<p style=\"text-align: left;\"><em>The long dispute. The Capitoline labor movement and the rise of fascism<\/em><\/p>\n<p style=\"text-align: justify;\">The article examines the long-standing dispute between the emerging fascist movement and the Roman workers\u2019 association during the early post-war period. Due to the challenging material conditions faced by the population, the workers\u2019 association experienced rapid growth, characterised by a resurgence of social conflict with widespread radical tendencies and the significant electoral success of the Socialist Party. As the civil war escalated in the rest of Italy, particularly following the attack on the Diana Theatre in Milan in March 1921, public opinion shifted in favour of the reactionary elements. Some sections of the city press even supported the actions of the black shirts against the \u2018red danger\u2019. Amid an increasingly pronounced use of violence and insistent ritualism, fascism slowly gained affirmation; however, it was held back by the resistance of the city\u2019s subaltern classes, which manifested in the formation of unified defence organisations. The culminating moment of the confrontation between labour associationism and Mussolini\u2019s movement occurred at the founding congress of the National Fascist Party. Fascism only conquered the city in October 1922, from which point it was able to rely on the state\u2019s repressive apparatuses. However, it struggled for a long time to gain a foothold among Roman workers and a considerable proportion of the population.<\/p>\n<p style=\"text-align: left;\">Archivio della Societ\u00e0 romana di storia patria, 147\/II<\/p>\n<p style=\"text-align: left;\">luglio 2025, pp. 21<\/p>\n","protected":false},"featured_media":4261,"template":"","meta":[],"product_cat":[26],"product_tag":[],"_links":{"self":[{"href":"https:\/\/www.srsp.it\/index.php\/wp-json\/wp\/v2\/product\/4259"}],"collection":[{"href":"https:\/\/www.srsp.it\/index.php\/wp-json\/wp\/v2\/product"}],"about":[{"href":"https:\/\/www.srsp.it\/index.php\/wp-json\/wp\/v2\/types\/product"}],"wp:featuredmedia":[{"embeddable":true,"href":"https:\/\/www.srsp.it\/index.php\/wp-json\/wp\/v2\/media\/4261"}],"wp:attachment":[{"href":"https:\/\/www.srsp.it\/index.php\/wp-json\/wp\/v2\/media?parent=4259"}],"wp:term":[{"taxonomy":"product_cat","embeddable":true,"href":"https:\/\/www.srsp.it\/index.php\/wp-json\/wp\/v2\/product_cat?post=4259"},{"taxonomy":"product_tag","embeddable":true,"href":"https:\/\/www.srsp.it\/index.php\/wp-json\/wp\/v2\/product_tag?post=4259"}],"curies":[{"name":"wp","href":"https:\/\/api.w.org\/{rel}","templated":true}]}}