{"id":3955,"date":"2025-01-31T19:33:48","date_gmt":"2025-01-31T18:33:48","guid":{"rendered":"https:\/\/www.srsp.it\/?post_type=product&#038;p=3955"},"modified":"2025-01-31T19:39:04","modified_gmt":"2025-01-31T18:39:04","slug":"arch147-7","status":"publish","type":"product","link":"https:\/\/www.srsp.it\/index.php\/prodotto\/arch147-7\/","title":{"rendered":"Archivio della Societ\u00e0 romana di storia patria vol. 147\/I (2024) 7 &#8211; CUXAC"},"content":{"rendered":"<style type=\"text\/css\"><\/style>","protected":false},"excerpt":{"rendered":"<p style=\"text-align: justify;\">Codice DOI: 10.61019\/ASRSP_147_I_7<\/p>\n<hr \/>\n<p>File formato PDF<\/p>\n<p style=\"text-align: justify;\">Mario Cuxac<\/p>\n<p style=\"text-align: justify;\"><em>Les logiques de l\u2019epuration fasciste des journalistes, le cas romain, 1927-1930<\/em><\/p>\n<p style=\"text-align: justify;\">La stampa fu una delle armi principali del regime fascista per costruire e mantenere il consenso, e in questo contesto il controllo dei giornalisti, che pass\u00f2 anche attraverso un periodo di purificazione professionale, fu fondamentale. Se da un lato la volont\u00e0 di punire ed epurare professionalmente alcuni dei giornalisti pi\u00f9 coinvolti nella campagna \u2018quartarellista\u2019 rappresentava un parametro importante, dall\u2019altro la necessit\u00e0 di poter contare su una professione controllata e coinvolta nella missione di \u2018educazione politica\u2019 degli Italiani era altrettanto cruciale. Questa dualit\u00e0 si riflette nelle misure adottate dal regime contro la stampa, tra repressione, controllo e tentativi di seduzione. Questo articolo esplora alcune delle problematiche iniziali, le esitazioni e le opinioni divergenti espresse durante la purificazione fascista dei giornalisti, prendendo come riferimento il caso romano. Le fonti inedite dell&#8217;Archivio della Fondazione Murialdi di Roma, in particolare i verbali del direttorio del Sindacato fascista dei giornalisti romani, la cui iscrizione divenne una tappa quasi indispensabile per poter esercitare, permettono di percepire le dinamiche della purificazione, tra logiche professionali, politiche, ma anche locali, come la concorrenza tra giornali o la solidariet\u00e0 tra giornalisti, come evidenziato da alcuni dei percorsi presentati nell&#8217;articolo.<\/p>\n<p style=\"text-align: justify;\"><em>The logics of the Fascist purge of journalists: the case of Rome, 1927-1930<\/em><\/p>\n<p style=\"text-align: justify;\">The press was one of the major tools of the Fascist regime for building and maintaining consensus, and in this context the control of journalists, which included a period of professional expurgation, was crucial. While the desire to punish or expel certain journalists most involved in the \u2018Quartarella\u2019 campaign was an important factor, equally determinative was the need to rely on a controlled profession to aid in the mission of the \u2018political education\u2019 of the Italian citizenry. This duality is reflected in the measures taken by the regime against the press, between repression, control, and attempts at seduction. This article explores some of the initial questions, hesitations, and divergent opinions during the Fascist purge of journalists, focusing on Rome. Unpublished sources from the archive of the Murialdi Foundation in Rome, in particular the minutes of the board of the Roman Fascist journalists\u2019 union, membership in which became almost indispensable for practicing the profession, allow us to perceive the dynamics of the purge and to trace the professional, political, and local logics, e.g., competition between newspapers or solidarity among journalists, as evidenced by the individual paths presented in the article.<\/p>\n<p style=\"text-align: left;\">Archivio della Societ\u00e0 romana di storia patria, 147\/I<\/p>\n<p style=\"text-align: left;\">dicembre 2024, pp. 27<\/p>\n","protected":false},"featured_media":3957,"template":"","meta":[],"product_cat":[26],"product_tag":[],"_links":{"self":[{"href":"https:\/\/www.srsp.it\/index.php\/wp-json\/wp\/v2\/product\/3955"}],"collection":[{"href":"https:\/\/www.srsp.it\/index.php\/wp-json\/wp\/v2\/product"}],"about":[{"href":"https:\/\/www.srsp.it\/index.php\/wp-json\/wp\/v2\/types\/product"}],"wp:featuredmedia":[{"embeddable":true,"href":"https:\/\/www.srsp.it\/index.php\/wp-json\/wp\/v2\/media\/3957"}],"wp:attachment":[{"href":"https:\/\/www.srsp.it\/index.php\/wp-json\/wp\/v2\/media?parent=3955"}],"wp:term":[{"taxonomy":"product_cat","embeddable":true,"href":"https:\/\/www.srsp.it\/index.php\/wp-json\/wp\/v2\/product_cat?post=3955"},{"taxonomy":"product_tag","embeddable":true,"href":"https:\/\/www.srsp.it\/index.php\/wp-json\/wp\/v2\/product_tag?post=3955"}],"curies":[{"name":"wp","href":"https:\/\/api.w.org\/{rel}","templated":true}]}}