{"id":3870,"date":"2024-11-17T11:40:09","date_gmt":"2024-11-17T10:40:09","guid":{"rendered":"https:\/\/www.srsp.it\/?post_type=product&#038;p=3870"},"modified":"2024-11-17T11:43:47","modified_gmt":"2024-11-17T10:43:47","slug":"78-29","status":"publish","type":"product","link":"https:\/\/www.srsp.it\/index.php\/prodotto\/78-29\/","title":{"rendered":"78.29 &#8211; Cristina Collettini"},"content":{"rendered":"<style type=\"text\/css\"><\/style>","protected":false},"excerpt":{"rendered":"<p><strong>Cristina Collettini<\/strong><\/p>\n<p><em>Il restauro e la valorizzazione di un\u2019opera d\u2019arte: l\u2019integrazione delle competenze<\/em><\/p>\n<p style=\"text-align: justify;\">L\u2019intervento sulla croce di Nicola da Guardiagrele per la chiesa di Santa Maria Maggiore a Lanciano, che ha visto coinvolte la Soprintendenza ABAP per le province di Chieti e Pescara e l\u2019Arcidiocesi di Lanciano e Ortona, ha confermato come il restauro di un\u2019opera d\u2019arte sia sempre un atto critico che ha come imprescindibile punto di partenza il riconoscimento del carattere di straordinariet\u00e0 dell\u2019opera.<\/p>\n<p style=\"text-align: justify;\">Questo \u00e8 stato improntato ai principi di rispetto per la materia antica, di riconoscibilit\u00e0 delle aggiunte moderne, della compatibilit\u00e0 dei nuovi materiali con quelli antichi, di reversibilit\u00e0 degli interventi, ormai canonizzati nel pensiero e nella concezione modernamente intesa di restauro, che tanto devono alla scuola e alla critica italiana.<\/p>\n<p>Miscellanea della Societ\u00e0 romana di storia patria, 78<br \/>\nluglio 2024, pp. 3<\/p>\n","protected":false},"featured_media":3872,"template":"","meta":[],"product_cat":[26],"product_tag":[],"_links":{"self":[{"href":"https:\/\/www.srsp.it\/index.php\/wp-json\/wp\/v2\/product\/3870"}],"collection":[{"href":"https:\/\/www.srsp.it\/index.php\/wp-json\/wp\/v2\/product"}],"about":[{"href":"https:\/\/www.srsp.it\/index.php\/wp-json\/wp\/v2\/types\/product"}],"wp:featuredmedia":[{"embeddable":true,"href":"https:\/\/www.srsp.it\/index.php\/wp-json\/wp\/v2\/media\/3872"}],"wp:attachment":[{"href":"https:\/\/www.srsp.it\/index.php\/wp-json\/wp\/v2\/media?parent=3870"}],"wp:term":[{"taxonomy":"product_cat","embeddable":true,"href":"https:\/\/www.srsp.it\/index.php\/wp-json\/wp\/v2\/product_cat?post=3870"},{"taxonomy":"product_tag","embeddable":true,"href":"https:\/\/www.srsp.it\/index.php\/wp-json\/wp\/v2\/product_tag?post=3870"}],"curies":[{"name":"wp","href":"https:\/\/api.w.org\/{rel}","templated":true}]}}