{"id":3824,"date":"2024-11-12T23:27:36","date_gmt":"2024-11-12T22:27:36","guid":{"rendered":"https:\/\/www.srsp.it\/?post_type=product&#038;p=3824"},"modified":"2024-11-12T23:32:21","modified_gmt":"2024-11-12T22:32:21","slug":"78-15","status":"publish","type":"product","link":"https:\/\/www.srsp.it\/index.php\/prodotto\/78-15\/","title":{"rendered":"78.15 &#8211; Marcello Angheben"},"content":{"rendered":"<style type=\"text\/css\"><\/style>","protected":false},"excerpt":{"rendered":"<p><strong>Les peintures de l\u2019abside de Santa Maria de Ronzano et les fonctions eucharistiques et d\u00e9votionnelles des trois images canoniques du Christ<\/strong><\/p>\n<p><em>Marcello Angheben<\/em><\/p>\n<p style=\"text-align: justify;\">Ce programme se singularise par la pr\u00e9sence des trois images canoniques du Christ\u00a0: en majest\u00e9, sur la croix et sur les genoux de sa M\u00e8re. L\u2019article vise \u00e0 montrer qu\u2019elles ont \u00e9t\u00e9 con\u00e7ues pour accompagner \u00e0 la fois la c\u00e9l\u00e9bration de la liturgie eucharistique et la d\u00e9votion personnelle. La premi\u00e8re image correspond \u00e0 sa fonction de grand-pr\u00eatre de la liturgie c\u00e9leste, tandis que les deux autres le pr\u00e9sentent comme la victime du sacrifice. Elles ont \u00e9galement d\u00fb servir de support \u00e0 la pri\u00e8re, au m\u00eame titre que l\u2019ensemble des peintures, suscitant parfois des \u00e9motions exceptionnellement fortes comme dans la Mise au Tombeau o\u00f9 la Vierge et les Saintes Femmes versent des larmes mat\u00e9rialis\u00e9es par la peinture, ce qui demeure exceptionnel \u00e0 la fin du XIII<sup>e<\/sup> si\u00e8cle et confirme ainsi la datation basse, au m\u00eame titre que de nombreux autres arguments.<\/p>\n<p style=\"text-align: justify;\">Questo programma si caratterizza per la presenza delle tre immagini canoniche di Cristo: in maest\u00e0, sulla croce e sulle ginocchia di sua Madre. Questo articolo intende mostrare che esse sono state concepite per accompagnare sia la celebrazione della liturgia eucaristica sia la devozione personale. La prima immagine corrisponde alla sua funzione di Sommo Sacerdote della liturgia celeste, mentre le altre due lo presentano come vittima del sacrificio. Dovevano servire anche come supporto per la preghiera, come l&#8217;insieme dei dipinti, suscitando a volte emozioni eccezionalmente forti come nel Seppellimento di Cristo, dove la Vergine e le Sante versano lacrime, ci\u00f2 che rimane eccezionale alla fine del XIII secolo e conferma cos\u00ec la bassa datazione, insieme a molti altri argomenti.<\/p>\n<p>Miscellanea della Societ\u00e0 romana di storia patria, 78<br \/>\nluglio 2024, pp. 28<\/p>\n","protected":false},"featured_media":3826,"template":"","meta":[],"product_cat":[26],"product_tag":[],"_links":{"self":[{"href":"https:\/\/www.srsp.it\/index.php\/wp-json\/wp\/v2\/product\/3824"}],"collection":[{"href":"https:\/\/www.srsp.it\/index.php\/wp-json\/wp\/v2\/product"}],"about":[{"href":"https:\/\/www.srsp.it\/index.php\/wp-json\/wp\/v2\/types\/product"}],"wp:featuredmedia":[{"embeddable":true,"href":"https:\/\/www.srsp.it\/index.php\/wp-json\/wp\/v2\/media\/3826"}],"wp:attachment":[{"href":"https:\/\/www.srsp.it\/index.php\/wp-json\/wp\/v2\/media?parent=3824"}],"wp:term":[{"taxonomy":"product_cat","embeddable":true,"href":"https:\/\/www.srsp.it\/index.php\/wp-json\/wp\/v2\/product_cat?post=3824"},{"taxonomy":"product_tag","embeddable":true,"href":"https:\/\/www.srsp.it\/index.php\/wp-json\/wp\/v2\/product_tag?post=3824"}],"curies":[{"name":"wp","href":"https:\/\/api.w.org\/{rel}","templated":true}]}}