{"id":3820,"date":"2024-11-12T23:20:58","date_gmt":"2024-11-12T22:20:58","guid":{"rendered":"https:\/\/www.srsp.it\/?post_type=product&#038;p=3820"},"modified":"2024-11-12T23:25:26","modified_gmt":"2024-11-12T22:25:26","slug":"78-14","status":"publish","type":"product","link":"https:\/\/www.srsp.it\/index.php\/prodotto\/78-14\/","title":{"rendered":"78.14 &#8211; Lorenzo Riccardi"},"content":{"rendered":"<style type=\"text\/css\"><\/style>","protected":false},"excerpt":{"rendered":"<p style=\"text-align: left;\"><strong>Maest\u00e0 di Cristo e santi eremiti nella Valle Roveto: le pitture dell\u2019eremo di Santa Maria della Ritornata a Civita d\u2019Antino<\/strong><\/p>\n<p><em>Lorenzo Riccardi<\/em><\/p>\n<p style=\"text-align: justify;\">Il santuario di Santa Maria della Ritornata a Civita d\u2019Antino conserva pitture murali scalabili tra la met\u00e0 del XIII e Il XV secolo. Alla fase pi\u00f9 antica e pi\u00f9 estesamente conservata, risale, oltre alla lunetta in controfacciata, la decorazione dell\u2019abside con la Maest\u00e0 di Cristo nel catino e due semicori di apostoli nel semicilindro, nonch\u00e9 alcune figure di santi eremiti e monaci, che ne confermano la destinazione eremitica gi\u00e0 dal Medioevo.<\/p>\n<p>Miscellanea della Societ\u00e0 romana di storia patria, 78<br \/>\nluglio 2024, pp. 18<\/p>\n","protected":false},"featured_media":3823,"template":"","meta":[],"product_cat":[26],"product_tag":[],"_links":{"self":[{"href":"https:\/\/www.srsp.it\/index.php\/wp-json\/wp\/v2\/product\/3820"}],"collection":[{"href":"https:\/\/www.srsp.it\/index.php\/wp-json\/wp\/v2\/product"}],"about":[{"href":"https:\/\/www.srsp.it\/index.php\/wp-json\/wp\/v2\/types\/product"}],"wp:featuredmedia":[{"embeddable":true,"href":"https:\/\/www.srsp.it\/index.php\/wp-json\/wp\/v2\/media\/3823"}],"wp:attachment":[{"href":"https:\/\/www.srsp.it\/index.php\/wp-json\/wp\/v2\/media?parent=3820"}],"wp:term":[{"taxonomy":"product_cat","embeddable":true,"href":"https:\/\/www.srsp.it\/index.php\/wp-json\/wp\/v2\/product_cat?post=3820"},{"taxonomy":"product_tag","embeddable":true,"href":"https:\/\/www.srsp.it\/index.php\/wp-json\/wp\/v2\/product_tag?post=3820"}],"curies":[{"name":"wp","href":"https:\/\/api.w.org\/{rel}","templated":true}]}}