{"id":3788,"date":"2024-11-10T22:41:34","date_gmt":"2024-11-10T21:41:34","guid":{"rendered":"https:\/\/www.srsp.it\/?post_type=product&#038;p=3788"},"modified":"2024-11-10T23:27:08","modified_gmt":"2024-11-10T22:27:08","slug":"78-4","status":"publish","type":"product","link":"https:\/\/www.srsp.it\/index.php\/prodotto\/78-4\/","title":{"rendered":"78.4 &#8211; Francesco Gandolfo"},"content":{"rendered":"<style type=\"text\/css\"><\/style>","protected":false},"excerpt":{"rendered":"<p><strong>Osservazioni a margine degli affreschi della chiesa di San Silvestro a Tivoli<\/strong><\/p>\n<p><em>Francesco Gandolfo<\/em><\/p>\n<p style=\"text-align: justify;\">Lo studio conferma il rapporto esistente tra gli affreschi dell\u2019abside della chiesa di San Silvestro a Tivoli e quelli della cripta della cattedrale di Anagni attribuiti al Maestro delle Traslazioni, ponendo in evidenza l\u2019utilizzo degli stessi disegni di base, sia pure con un cambiamento nei fattori di definizione interni. Queste considerazioni portano a datare all\u2019inizio degli anni venti del XIII secolo la realizzazione degli affreschi di Tivoli. Sul piano dei contenuti iconografici pone in evidenza la ripresa di soluzioni dalla decorazione absidale fatta realizzare in San Pietro da papa Innocenzo III. Per quanto riguarda la fascia inferiore con la storia della guarigione dell\u2019imperatore Costantino dalla lebbra da parte di san Silvestro, rileva una scelta esclusivamente agiografica, rispetto alla dimensione politica presente in altri cicli, tendenti a sottolineare la superiorit\u00e0 del potere papale, una situazione che si pu\u00f2 giustificare con la posizione filoimperiale mantenuta in quegli anni dalla citt\u00e0 di Tivoli.<\/p>\n<p>Miscellanea della Societ\u00e0 romana di storia patria, 78<br \/>\nluglio 2024, pp. 16<\/p>\n","protected":false},"featured_media":3790,"template":"","meta":[],"product_cat":[26],"product_tag":[],"_links":{"self":[{"href":"https:\/\/www.srsp.it\/index.php\/wp-json\/wp\/v2\/product\/3788"}],"collection":[{"href":"https:\/\/www.srsp.it\/index.php\/wp-json\/wp\/v2\/product"}],"about":[{"href":"https:\/\/www.srsp.it\/index.php\/wp-json\/wp\/v2\/types\/product"}],"wp:featuredmedia":[{"embeddable":true,"href":"https:\/\/www.srsp.it\/index.php\/wp-json\/wp\/v2\/media\/3790"}],"wp:attachment":[{"href":"https:\/\/www.srsp.it\/index.php\/wp-json\/wp\/v2\/media?parent=3788"}],"wp:term":[{"taxonomy":"product_cat","embeddable":true,"href":"https:\/\/www.srsp.it\/index.php\/wp-json\/wp\/v2\/product_cat?post=3788"},{"taxonomy":"product_tag","embeddable":true,"href":"https:\/\/www.srsp.it\/index.php\/wp-json\/wp\/v2\/product_tag?post=3788"}],"curies":[{"name":"wp","href":"https:\/\/api.w.org\/{rel}","templated":true}]}}