{"id":3552,"date":"2024-07-19T12:06:09","date_gmt":"2024-07-19T10:06:09","guid":{"rendered":"https:\/\/www.srsp.it\/?post_type=product&#038;p=3552"},"modified":"2025-05-08T18:03:54","modified_gmt":"2025-05-08T16:03:54","slug":"misc72-e-book","status":"publish","type":"product","link":"https:\/\/www.srsp.it\/index.php\/prodotto\/misc72-e-book\/","title":{"rendered":"72 &#8211; Roma al tempo di Dante in formato E-BOOK"},"content":{"rendered":"<style type=\"text\/css\"><\/style>","protected":false},"excerpt":{"rendered":"<p style=\"text-align: left;\">Marco Vendittelli<br \/>\nMarco Ciocchetti<\/p>\n<p>Una storia municipale 1265-1321<\/p>\n<p style=\"text-align: justify;\">Dante non aveva un\u2019alta considerazione dei romani suoi contemporanei. Anzi, si potrebbe dire che detestava loro e il loro idioma, che considerava \u00abneppure un volgare, ma un tristiloquio\u00bb, \u00abil pi\u00f9 brutto di tutti i volgari italiani\u00bb. Gli abitanti di Roma per il Sommo erano, \u00abper bruttura di abitudini e costumi\u00bb, \u00abi pi\u00f9 fetidi di tutti\u00bb. Giudizio o pregiudizio? \u00c8 difficile rispondere, ma forse dobbiamo ritenere che la pessima stima derivasse meno da una esperienza diretta e pi\u00f9 da un preconcetto, fondato su un sentire comune del tempo. Del resto \u00e8 ben difficile stabilire fino a che punto sia stata profonda la conoscenza diretta del \u2018Sommo\u2019 di Roma e dei romani. Tanto il viaggio a Roma del poeta in occasione del giubileo del 1300 quanto il suo soggiorno romano come ambasciatore del Comune di Firenze, dall\u2019ottobre del 1301 al 27 gennaio successivo, continuano a far discutere. Anche la stessa citt\u00e0 sembra attrarlo solo per la sua storia antica, per la sua santit\u00e0 cristiana o per essere la sede del papato, che l\u2019aveva trasformata in \u00abcloaca del sangue e de la puzza\u00bb (Paradiso, XXVII, 25-26).<\/p>\n<p style=\"text-align: justify;\">Un silenzio quello di Dante che in parte riflette una clamorosa lacuna negli studi storiografici, poich\u00e9 per la Roma dell\u2019et\u00e0 di Dante mancava una aggiornata ricostruzione degli svolgimenti politici e istituzionali che fosse dettagliata e solidamente ancorata alle fonti. Questa insufficienza di fondo si \u00e8 ingigantita negli ultimi decenni dal mutare dei paradigmi interpretativi della storia delle citt\u00e0 italiane e, precipuamente per Roma, da alcune scoperte documentarie e soprattutto dalle tante nuove ricerche e interpretazioni condotte nell\u2019ultimo sessantennio su molti aspetti della societ\u00e0, dell\u2019economia, della struttura urbana, della cultura, dell\u2019arte e dell\u2019architettura di Roma nel pieno e nel tardo medioevo.<\/p>\n<p style=\"text-align: justify;\">Marco Vendittelli (1955), \u00e8 docente di storia medievale presso l\u2019Universit\u00e0 degli studi di Roma Tor Vergata e presidente del Centro di studi internazionali \u201cGiuseppe Ermini\u201d, in oltre quarant\u2019anni di attivit\u00e0 di ricerca ha pubblicato numerosi volumi e saggi e partecipato a convegni nazionali e internazionali. Tra le sue recenti pubblicazioni: <em>Mercanti-banchieri romani tra XII e XIII secolo. Una storia negata<\/em>, Roma 2018, e <em>Pax vobiscum. La Crociata di Bonifacio VIII contro i Colonna di Palestrina (maggio 1297-ottobre 1298)<\/em>, Roma 2021<\/p>\n<p style=\"text-align: justify;\">Marco Ciocchetti (1986) \u00e8 dottore di ricerca in storia medievale; collabora con la cattedra di storia medievale presso l\u2019Universit\u00e0 degli studi di Roma Tor Vergata. Tra le sue recenti pubblicazioni: <em>Racconti di un evento: l\u2019aggressione a Bonifacio VIII. Anagni, 7-9 settembre 1303<\/em>, Roma 2020.<\/p>\n<p style=\"text-align: center;\">IL VOLUME \u00c8 STATO REALIZZATO CON IL CONTRIBUTO DELLA REGIONE LAZIO,<br \/>\nDIREZIONE CULTURA, POLITICHE GIOVANILI E LAZIO CREATIVO,<br \/>\nAREA SERVIZI CULTURALI E PROMOZIONE DELLA LETTURA,<br \/>\nL.R. N. 24\/2019 \u2013 PIANO 2021<\/p>\n<p>&nbsp;<\/p>\n<p style=\"text-align: left;\">Collana Miscellanea della Societ\u00e0 romana di storia patria, 72<\/p>\n<p style=\"text-align: left;\">dicembre 2021, pp. 495, ill.<\/p>\n","protected":false},"featured_media":3554,"template":"","meta":[],"product_cat":[26],"product_tag":[],"_links":{"self":[{"href":"https:\/\/www.srsp.it\/index.php\/wp-json\/wp\/v2\/product\/3552"}],"collection":[{"href":"https:\/\/www.srsp.it\/index.php\/wp-json\/wp\/v2\/product"}],"about":[{"href":"https:\/\/www.srsp.it\/index.php\/wp-json\/wp\/v2\/types\/product"}],"wp:featuredmedia":[{"embeddable":true,"href":"https:\/\/www.srsp.it\/index.php\/wp-json\/wp\/v2\/media\/3554"}],"wp:attachment":[{"href":"https:\/\/www.srsp.it\/index.php\/wp-json\/wp\/v2\/media?parent=3552"}],"wp:term":[{"taxonomy":"product_cat","embeddable":true,"href":"https:\/\/www.srsp.it\/index.php\/wp-json\/wp\/v2\/product_cat?post=3552"},{"taxonomy":"product_tag","embeddable":true,"href":"https:\/\/www.srsp.it\/index.php\/wp-json\/wp\/v2\/product_tag?post=3552"}],"curies":[{"name":"wp","href":"https:\/\/api.w.org\/{rel}","templated":true}]}}