{"id":3516,"date":"2024-07-11T22:32:08","date_gmt":"2024-07-11T20:32:08","guid":{"rendered":"https:\/\/www.srsp.it\/?post_type=product&#038;p=3516"},"modified":"2024-07-12T11:23:43","modified_gmt":"2024-07-12T09:23:43","slug":"77-5-lore","status":"publish","type":"product","link":"https:\/\/www.srsp.it\/index.php\/prodotto\/77-5-lore\/","title":{"rendered":"77.5 &#8211; Lo spazio politico di Roma altomedievale come problema storiografico &#8211; Vito Lor\u00e9"},"content":{"rendered":"<style type=\"text\/css\"><\/style>","protected":false},"excerpt":{"rendered":"<p><strong>Lo spazio politico di Roma altomedievale come problema storiografico<\/strong><\/p>\n<p><em>Vito Lor\u00e9<\/em><\/p>\n<p style=\"text-align: justify;\">La storiografia su Roma altomedievale si \u00e8 concentrata sulla dimensione propriamente urbana della societ\u00e0 romana, trascurando il problema, di difficile soluzione, del rapporto fra la citt\u00e0 e il suo spazio politico nei secoli VIII-X. Il saggio si propone di esaminare il tema in rapporto alla struttura della documentazione, analizzandone i limiti e suggerendo alcune piste per ricerche future.<\/p>\n<p>&nbsp;<\/p>\n<p>Collana Miscellanea della Societ\u00e0 romana di storia patria, 77<br \/>\naprile 2024, pp. 14<\/p>\n","protected":false},"featured_media":3518,"template":"","meta":[],"product_cat":[26],"product_tag":[],"_links":{"self":[{"href":"https:\/\/www.srsp.it\/index.php\/wp-json\/wp\/v2\/product\/3516"}],"collection":[{"href":"https:\/\/www.srsp.it\/index.php\/wp-json\/wp\/v2\/product"}],"about":[{"href":"https:\/\/www.srsp.it\/index.php\/wp-json\/wp\/v2\/types\/product"}],"wp:featuredmedia":[{"embeddable":true,"href":"https:\/\/www.srsp.it\/index.php\/wp-json\/wp\/v2\/media\/3518"}],"wp:attachment":[{"href":"https:\/\/www.srsp.it\/index.php\/wp-json\/wp\/v2\/media?parent=3516"}],"wp:term":[{"taxonomy":"product_cat","embeddable":true,"href":"https:\/\/www.srsp.it\/index.php\/wp-json\/wp\/v2\/product_cat?post=3516"},{"taxonomy":"product_tag","embeddable":true,"href":"https:\/\/www.srsp.it\/index.php\/wp-json\/wp\/v2\/product_tag?post=3516"}],"curies":[{"name":"wp","href":"https:\/\/api.w.org\/{rel}","templated":true}]}}