{"id":3512,"date":"2024-07-11T22:18:43","date_gmt":"2024-07-11T20:18:43","guid":{"rendered":"https:\/\/www.srsp.it\/?post_type=product&#038;p=3512"},"modified":"2024-07-12T11:23:52","modified_gmt":"2024-07-12T09:23:52","slug":"77-4-caciorgna","status":"publish","type":"product","link":"https:\/\/www.srsp.it\/index.php\/prodotto\/77-4-caciorgna\/","title":{"rendered":"77.4 &#8211; Il governo del territorio tra potere centrale e autorit\u00e0 locali &#8211; Maria Teresa Caciorgna"},"content":{"rendered":"<style type=\"text\/css\"><\/style>","protected":false},"excerpt":{"rendered":"<p><strong>Il governo del territorio tra potere centrale e autorit\u00e0 locali<\/strong><\/p>\n<p><em>Maria Teresa Caciorgna<\/em><\/p>\n<p style=\"text-align: justify;\">Dopo aver dato un quadro sulla produzione storiografica sulle vicende del governo pontificio sui territori della regione che per comodit\u00e0 chiamiamo oggi Lazio, il contributo riguarda le diverse forme messe in atto dal Papato per assicurarsi il governo del territorio: acquisizione di capisaldi per il controllo della viabilit\u00e0, la fedelt\u00e0 delle popolazioni, le concessioni in feudo, il personale delegato al governo. Dalla parte delle citt\u00e0 sono affrontate de dinamiche tra i due poteri, la capacit\u00e0 di nominare gli ufficiali comunali, la gestione del territorio e i rapporti tra le componenti sociali.<\/p>\n<p>&nbsp;<\/p>\n<p>Collana Miscellanea della Societ\u00e0 romana di storia patria, 77<br \/>\naprile 2024, pp. 17<\/p>\n","protected":false},"featured_media":3514,"template":"","meta":[],"product_cat":[26],"product_tag":[],"_links":{"self":[{"href":"https:\/\/www.srsp.it\/index.php\/wp-json\/wp\/v2\/product\/3512"}],"collection":[{"href":"https:\/\/www.srsp.it\/index.php\/wp-json\/wp\/v2\/product"}],"about":[{"href":"https:\/\/www.srsp.it\/index.php\/wp-json\/wp\/v2\/types\/product"}],"wp:featuredmedia":[{"embeddable":true,"href":"https:\/\/www.srsp.it\/index.php\/wp-json\/wp\/v2\/media\/3514"}],"wp:attachment":[{"href":"https:\/\/www.srsp.it\/index.php\/wp-json\/wp\/v2\/media?parent=3512"}],"wp:term":[{"taxonomy":"product_cat","embeddable":true,"href":"https:\/\/www.srsp.it\/index.php\/wp-json\/wp\/v2\/product_cat?post=3512"},{"taxonomy":"product_tag","embeddable":true,"href":"https:\/\/www.srsp.it\/index.php\/wp-json\/wp\/v2\/product_tag?post=3512"}],"curies":[{"name":"wp","href":"https:\/\/api.w.org\/{rel}","templated":true}]}}