{"id":3505,"date":"2024-07-11T20:12:48","date_gmt":"2024-07-11T18:12:48","guid":{"rendered":"https:\/\/www.srsp.it\/?post_type=product&#038;p=3505"},"modified":"2024-07-12T11:24:11","modified_gmt":"2024-07-12T09:24:11","slug":"77-2-leggio","status":"publish","type":"product","link":"https:\/\/www.srsp.it\/index.php\/prodotto\/77-2-leggio\/","title":{"rendered":"77.2 &#8211; Monachesimo e organizzazione dei territori &#8211; T. Leggio"},"content":{"rendered":"<style type=\"text\/css\"><\/style>","protected":false},"excerpt":{"rendered":"<p><strong>Monachesimo e organizzazione dei territori<\/strong><\/p>\n<p><em>Tersilio Leggio<\/em><\/p>\n<p style=\"text-align: justify;\">Il monachesimo \u00e8 un fenomeno complesso che segn\u00f2 profondamente lo sviluppo politico, economico e sociale del Lazio fin dall\u2019alto medioevo, e che presenta peculiarit\u00e0 cos\u00ec diverse da zona a zona che \u00e8 pi\u00f9 corretto parlare di \u201cmonachismi\u201d al plurale. Accanto alle grandi abbazie di Farfa, Montecassino e Subiaco, troviamo la presenza di innumerevoli monasteri di dimensioni minori e ambizioni pi\u00f9 contenute, ma che tuttavia giocavano un ruolo centrale nell&#8217;organizzazione dello spazio e nel controllo della popolazione a livello locale. Mentre sono innumerevoli i saggi e le pubblicazioni specialistiche dedicate alle singole istituzioni, che ci forniscono un quadro utile, anche se molto frammentato e di diverso spessore, sono pochi gli studi esaurienti sul fenomeno con metodo comparativo. Il monachesimo nel Lazio costituisce un tema inesauribile, con innumerevoli particolarit\u00e0 e percorsi storiografici diseguali, ma di straordinario interesse, tale da essere al centro dell&#8217;attenzione di molti studiosi e continuer\u00e0 a farlo in futuro.<\/p>\n<p>&nbsp;<\/p>\n<p>Collana Miscellanea della Societ\u00e0 romana di storia patria, 77<br \/>\naprile 2024, pp. 26<\/p>\n","protected":false},"featured_media":3507,"template":"","meta":[],"product_cat":[26],"product_tag":[],"_links":{"self":[{"href":"https:\/\/www.srsp.it\/index.php\/wp-json\/wp\/v2\/product\/3505"}],"collection":[{"href":"https:\/\/www.srsp.it\/index.php\/wp-json\/wp\/v2\/product"}],"about":[{"href":"https:\/\/www.srsp.it\/index.php\/wp-json\/wp\/v2\/types\/product"}],"wp:featuredmedia":[{"embeddable":true,"href":"https:\/\/www.srsp.it\/index.php\/wp-json\/wp\/v2\/media\/3507"}],"wp:attachment":[{"href":"https:\/\/www.srsp.it\/index.php\/wp-json\/wp\/v2\/media?parent=3505"}],"wp:term":[{"taxonomy":"product_cat","embeddable":true,"href":"https:\/\/www.srsp.it\/index.php\/wp-json\/wp\/v2\/product_cat?post=3505"},{"taxonomy":"product_tag","embeddable":true,"href":"https:\/\/www.srsp.it\/index.php\/wp-json\/wp\/v2\/product_tag?post=3505"}],"curies":[{"name":"wp","href":"https:\/\/api.w.org\/{rel}","templated":true}]}}