{"id":3197,"date":"2024-02-06T20:34:23","date_gmt":"2024-02-06T19:34:23","guid":{"rendered":"https:\/\/www.srsp.it\/?post_type=product&#038;p=3197"},"modified":"2025-11-11T17:43:13","modified_gmt":"2025-11-11T16:43:13","slug":"arch146-6","status":"publish","type":"product","link":"https:\/\/www.srsp.it\/index.php\/prodotto\/arch146-6\/","title":{"rendered":"Archivio della Societ\u00e0 romana di storia patria vol. 146 (2023) &#8211; 6. Maria Teresa Bonadonna Russo"},"content":{"rendered":"<style type=\"text\/css\"><\/style>","protected":false},"excerpt":{"rendered":"<p style=\"text-align: left;\">Codice DOI <a href=\"https:\/\/www.medra.org\/servlet\/view?lang=it&amp;doi=10.61019\/ASRSP_146_6\" target=\"_blank\" rel=\"noopener\">10.61019\/ASRSP_146_6<\/a><\/p>\n<hr \/>\n<p>File formato PDF<\/p>\n<p>Maria Teresa Bonadonna Russo<\/p>\n<p style=\"text-align: left;\"><em>Oratorio e Congregazione fino al 1870<\/em><\/p>\n<p style=\"text-align: justify;\">Nel saggio si ripercorre la storia della costituzione dell\u2019Oratorio da parte di Filippo Neri, risposta meditata e organica ai problemi di una societ\u00e0 in trasformazione con cui fu possibile a fondere armonicamente le pratiche relative all\u2019essere persone credenti e attive nel mondo. Valutate le caratteristiche di novit\u00e0 dell\u2019Oratorio, viene presentato uno fra i suoi strumenti principali di azione, ovvero il sermone, nel quale si realizza la personalissima interpretazione filippina della cultura, che non deve ridursi a sterile esercizio intellettuale, ma va considerata e impiegata come strumento per orientarsi ad acquistare coscienza di s\u00e9. Si ripercorrono poi alcune delle tappe pi\u00f9 importanti della storia della Congregazione: la prima fase a S. Girolamo della Carit\u00e0, il trasferimento a S. Giovanni dei Fiorentini e quindi alla Chiesa Nuova, il consolidarsi delle due pratiche dette \u00aboratorio di chiesa\u00bb e \u00aboratorio piccolo\u00bb, i mutamenti avvenuti dopo una cinquantina d\u2019anni con la scomparsa degli uomini della prima stagione filippina, e infine il suo perdurare sostanzialmente invariato fino all\u2019Ottocento.<\/p>\n<p>&nbsp;<\/p>\n<p style=\"text-align: left;\">Oratory and Congregation through 1870<\/p>\n<p style=\"text-align: justify;\">The essay traces the history of the establishment of the Oratory by Philip Neri as a thoughtful and organic response to the problems of a changing society with which it was possible to harmoniously blend practices related to being persons of faith active in the world. The essay first assesses the Oratory\u2019s novel characteristics and then passes to a consideration of one of its main instruments of action, namely the sermon, which presents a very personal Philippine interpretation of culture, namely, that it should not be reduced to a sterile intellectual exercise but considered and employed as a guiding tool in the acquisition of self-awareness. The essay subsequently traces some of the most important stages in the history of the congregation: the first phase at S. Girolamo della Carit\u00e0, the move first to S. Giovanni dei Fiorentini and then to the Chiesa Nuova, the consolidation of the two practices known as \u00aboratorio di chiesa\u00bb (church oratory) and \u00aboratorio piccolo\u00bb (little oratory), the changes that took place after about fifty years with the disappearance of the men who had participated in the first Philippine season, and finally the congregation\u2019s essentially unchanged continuation until the late nineteenth century.<\/p>\n<p>&nbsp;<\/p>\n<p style=\"text-align: left;\">Archivio della Societ\u00e0 romana di storia patria, 146<\/p>\n<p style=\"text-align: left;\">dicembre 2023, pp. 20<\/p>\n","protected":false},"featured_media":3200,"template":"","meta":[],"product_cat":[26],"product_tag":[],"_links":{"self":[{"href":"https:\/\/www.srsp.it\/index.php\/wp-json\/wp\/v2\/product\/3197"}],"collection":[{"href":"https:\/\/www.srsp.it\/index.php\/wp-json\/wp\/v2\/product"}],"about":[{"href":"https:\/\/www.srsp.it\/index.php\/wp-json\/wp\/v2\/types\/product"}],"wp:featuredmedia":[{"embeddable":true,"href":"https:\/\/www.srsp.it\/index.php\/wp-json\/wp\/v2\/media\/3200"}],"wp:attachment":[{"href":"https:\/\/www.srsp.it\/index.php\/wp-json\/wp\/v2\/media?parent=3197"}],"wp:term":[{"taxonomy":"product_cat","embeddable":true,"href":"https:\/\/www.srsp.it\/index.php\/wp-json\/wp\/v2\/product_cat?post=3197"},{"taxonomy":"product_tag","embeddable":true,"href":"https:\/\/www.srsp.it\/index.php\/wp-json\/wp\/v2\/product_tag?post=3197"}],"curies":[{"name":"wp","href":"https:\/\/api.w.org\/{rel}","templated":true}]}}