{"id":3180,"date":"2024-02-06T19:30:57","date_gmt":"2024-02-06T18:30:57","guid":{"rendered":"https:\/\/www.srsp.it\/?post_type=product&#038;p=3180"},"modified":"2025-11-11T17:41:56","modified_gmt":"2025-11-11T16:41:56","slug":"arch146-1","status":"publish","type":"product","link":"https:\/\/www.srsp.it\/index.php\/prodotto\/arch146-1\/","title":{"rendered":"Archivio della Societ\u00e0 romana di storia patria vol. 146 (2023) &#8211; 1. Paolo Vian"},"content":{"rendered":"<style type=\"text\/css\"><\/style>","protected":false},"excerpt":{"rendered":"<p style=\"text-align: left;\">Codice DOI <a href=\"https:\/\/www.medra.org\/servlet\/view?lang=it&amp;doi=10.61019\/ASRSP_146_1\" target=\"_blank\" rel=\"noopener\">10.61019\/ASRSP_146_1<\/a><\/p>\n<hr \/>\n<p>File formato PDF<\/p>\n<p>Paolo Vian<\/p>\n<p><em>La canonizzazione di san Filippo Neri: fasi, promotori, ostacoli<\/em><\/p>\n<p style=\"text-align: justify;\">Dichiarato santo da Gregorio XV il 12 marzo 1622, Filippo Neri fu canonizzato con inconsueta rapidit\u00e0, a poco pi\u00f9 di venticinque anni dalla morte (26 maggio 1595). Il contributo segue le diverse fasi di un cammino non lineare, segnato anche da contrasti e difficolt\u00e0, nell\u2019incrocio fra spinte dal basso della piet\u00e0 dei fedeli e motivazioni della grande politica. La canonizzazione di Filippo viene inserita nella simultanea considerazione di quattro fenomeni storici, fra loro connessi: la nascita di un culto spontaneo di Filippo fra i suoi discepoli e fedeli; l\u2019elaborazione di una memoria del fondatore da parte della Congregazione che da lui aveva avuto origine; lo sviluppo della Congregazione oratoriana; la stabilizzazione di una \u00abpolitica della santit\u00e0\u00bb della Chiesa romana, con particolari procedure e norme, dopo il Concilio di Trento. Alla canonizzazione di Filippo contribu\u00ec, con incidenza diversa, una pluralit\u00e0 di attori, con differenti motivazioni, partendo per\u00f2 dalla singolare eccezionalit\u00e0 del protagonista, percepita subito da quanti lo incontrarono e vissero con lui.<\/p>\n<p style=\"text-align: left;\">The canonization of St. Philip Neri: stages, promoters, obstacles<\/p>\n<p style=\"text-align: justify;\">Declared a saint by Gregory XV on 12 March 1622, Philip Neri was canonized with unusual rapidity, just over twenty-five years after his death (26 May 1595). This contribution follows the different phases of a non-linear path, marked by contrasts and difficulties, that navigated between bottom-up pressures exerted by the piety of the faithful and the top-down forces of high-level politics. The canonization of Philip Neri is examined through the simultaneous consideration of four interconnected historical phenomena: the spontaneous emergence of a cult of Philip Neri among his disciples and devotees; the elaboration of a memory of their founder by the Congregation that he had established; the development of the Oratorian Congregation; and the stabilization within the Roman Church, following the Council of Trent, of a \u201cpolitics of sanctity\u201d that entailed particular procedures and norms. A plurality of actors contributed to the canonization of Philip Neri, to different degrees and with different motivations, all starting, however, from the protagonists\u2019 singular exceptionality, immediately perceived by those who met him and lived with him.<\/p>\n<p style=\"text-align: left;\">Archivio della Societ\u00e0 romana di storia patria, 146<\/p>\n<p style=\"text-align: left;\">dicembre 2023, pp. 43<\/p>\n","protected":false},"featured_media":3181,"template":"","meta":[],"product_cat":[26],"product_tag":[],"_links":{"self":[{"href":"https:\/\/www.srsp.it\/index.php\/wp-json\/wp\/v2\/product\/3180"}],"collection":[{"href":"https:\/\/www.srsp.it\/index.php\/wp-json\/wp\/v2\/product"}],"about":[{"href":"https:\/\/www.srsp.it\/index.php\/wp-json\/wp\/v2\/types\/product"}],"wp:featuredmedia":[{"embeddable":true,"href":"https:\/\/www.srsp.it\/index.php\/wp-json\/wp\/v2\/media\/3181"}],"wp:attachment":[{"href":"https:\/\/www.srsp.it\/index.php\/wp-json\/wp\/v2\/media?parent=3180"}],"wp:term":[{"taxonomy":"product_cat","embeddable":true,"href":"https:\/\/www.srsp.it\/index.php\/wp-json\/wp\/v2\/product_cat?post=3180"},{"taxonomy":"product_tag","embeddable":true,"href":"https:\/\/www.srsp.it\/index.php\/wp-json\/wp\/v2\/product_tag?post=3180"}],"curies":[{"name":"wp","href":"https:\/\/api.w.org\/{rel}","templated":true}]}}