{"id":3033,"date":"2023-10-22T22:38:53","date_gmt":"2023-10-22T20:38:53","guid":{"rendered":"https:\/\/www.srsp.it\/?post_type=product&#038;p=3033"},"modified":"2025-11-11T17:11:13","modified_gmt":"2025-11-11T16:11:13","slug":"misc75-22-pdf","status":"publish","type":"product","link":"https:\/\/www.srsp.it\/index.php\/prodotto\/misc75-22-pdf\/","title":{"rendered":"75.22 &#8211; Un contesto ceramico relativo alla fase di vita del quartiere alessandrino dall\u2019area del Foro di Cesare: dati preliminari &#8211; in formato PDF"},"content":{"rendered":"<style type=\"text\/css\"><\/style>","protected":false},"excerpt":{"rendered":"<p style=\"text-align: left;\"><strong>Un contesto ceramico relativo alla fase di vita del quartiere alessandrino dall\u2019area del Foro di Cesare: dati preliminari<\/strong><\/p>\n<p><strong>\u00a0<\/strong><em>Laura di Siena, Jan Kindberg Jacobsen, Giovanni Murro, Claudio Parisi Presicce, Rubina Raja, Massimo Vitti\u00a0\u00a0\u00a0 <\/em><\/p>\n<p style=\"text-align: justify;\"><em>\u00a0<\/em>Nell\u2019area del Foro di Cesare, tra Via Bonella e Via Cremona, nel 2019 e 2021 sono stati eseguiti scavi sistematici in collaborazione tra la Sovrintendenza Capitolina, l\u2019Accademia di Danimarca (DIR) e il Centre for Urban Network Evolutions dell\u2019Universit\u00e0 di Aarhus i quali hanno permesso di documentare la sequenza stratigrafica relativa all\u2019interro dell\u2019area. L\u2019interro risulta funzionale all\u2019obliterazione del contesto sottostante e all\u2019innalzamento delle quote altimetriche al fine di installare le fondazioni dei primi edifici sorti, a partire dalla met\u00e0 del XVI secolo, in quello che diverr\u00e0 il ben noto Quartiere Alessandrino. Le varie unit\u00e0 stratigrafiche, del deposito indagato, si compongono di un terreno caratterizzato dalla medesima matrice, gamma di inclusi e peculiarit\u00e0 macroscopiche di sedimento. Talvolta sono risultate sterili, ma spesso ricche di detriti e di materiali ceramici. Questi ultimi constano dei prodotti locali (maioliche a smalto monocromo, policromo e invetriate da cucina) ed anche importati dai vari centri dell\u2019Italia centro-settentrionale. E seppur trattasi dei prodotti pi\u00f9 diffusi nell\u2019<em>Urbe<\/em> durante il Rinascimento, perch\u00e9 in voga e quindi maggiormente richiesti dal mercato, questi consentono di ampliare il repertorio sinora conosciuto attraverso materiali da scavi urbani e da collezioni museali.<\/p>\n<p>&nbsp;<\/p>\n<p>Collana Miscellanea della Societ\u00e0 romana di storia patria, 75<\/p>\n<p style=\"text-align: left;\">marzo 2023, pp. 13<\/p>\n","protected":false},"featured_media":3050,"template":"","meta":[],"product_cat":[26],"product_tag":[],"_links":{"self":[{"href":"https:\/\/www.srsp.it\/index.php\/wp-json\/wp\/v2\/product\/3033"}],"collection":[{"href":"https:\/\/www.srsp.it\/index.php\/wp-json\/wp\/v2\/product"}],"about":[{"href":"https:\/\/www.srsp.it\/index.php\/wp-json\/wp\/v2\/types\/product"}],"wp:featuredmedia":[{"embeddable":true,"href":"https:\/\/www.srsp.it\/index.php\/wp-json\/wp\/v2\/media\/3050"}],"wp:attachment":[{"href":"https:\/\/www.srsp.it\/index.php\/wp-json\/wp\/v2\/media?parent=3033"}],"wp:term":[{"taxonomy":"product_cat","embeddable":true,"href":"https:\/\/www.srsp.it\/index.php\/wp-json\/wp\/v2\/product_cat?post=3033"},{"taxonomy":"product_tag","embeddable":true,"href":"https:\/\/www.srsp.it\/index.php\/wp-json\/wp\/v2\/product_tag?post=3033"}],"curies":[{"name":"wp","href":"https:\/\/api.w.org\/{rel}","templated":true}]}}