{"id":2941,"date":"2023-07-05T19:59:55","date_gmt":"2023-07-05T17:59:55","guid":{"rendered":"https:\/\/www.srsp.it\/?post_type=product&#038;p=2941"},"modified":"2025-11-24T19:11:24","modified_gmt":"2025-11-24T18:11:24","slug":"74-santelia","status":"publish","type":"product","link":"https:\/\/www.srsp.it\/index.php\/prodotto\/74-santelia\/","title":{"rendered":"74 &#8211; Il monastero medievale di Sant&#8217;Elia"},"content":{"rendered":"<style type=\"text\/css\"><\/style>","protected":false},"excerpt":{"rendered":"<p><a href=\"https:\/\/www.srsp.it\/index.php\/prodotto\/74-santelia-ebook\/\"><img class=\"size-full wp-image-2221 alignleft\" src=\"https:\/\/www.srsp.it\/wp-content\/uploads\/2022\/03\/ebook.png\" alt=\"\" height=\"30\" \/><span style=\"font-size: large;\">E&#8217; disponibile l&#8217;edizione digitale dell&#8217;intero volume in formato E-BOOK<br \/>\n(\u20ac 25,00)<\/span><\/a><\/p>\n<p>&nbsp;<\/p>\n<p><a href=\"https:\/\/www.srsp.it\/index.php\/prodotto\/74-santelia-pdf\/\"><img class=\"size-full wp-image-2221 alignleft\" src=\"https:\/\/www.srsp.it\/wp-content\/uploads\/2022\/03\/img_pdf.png\" alt=\"\" height=\"30\" \/><span style=\"font-size: large;\">E&#8217; disponibile l&#8217;edizione digitale dell&#8217;intero volume in formato PDF<br \/>\n(\u20ac 20,00)<\/span><\/a><\/p>\n<p>&nbsp;<\/p>\n<p><strong>Alison Locke Perchuk<\/strong><\/p>\n<p style=\"text-align: justify;\"><em>Il monastero medievale di Sant\u2019Elia: una storia in pittura e in pietra<\/em> \u00e8 la prima monografia interdisciplinare sull\u2019antico cenobio benedettino maschile di Castel Sant\u2019Elia (VT), rappresentato oggi dalla sua chiesa abbaziale, ovvero la basilica romanica di Sant\u2019Elia. Uno dei pochissimi monasteri dedicati al profeta Elia di cui si abbia notizia nell&#8217;Occidente latino, fu ricostruito intorno al 1122-26 con il sostegno papale e conserva oggi ricche tracce artistiche di questo mecenatismo, ma la sua collocazione periferica rispetto alla citt\u00e0 di Roma e la perdita quasi totale del suo patrimonio documentario lo hanno lasciato in gran parte al di fuori della storiografia.<\/p>\n<p style=\"text-align: justify;\">La chiesa di Sant&#8217;Elia \u00e8 una basilica in pietra abbellita da marmi romani di recupero, dotata dell\u2019originale pavimentazione marmorea e di arredi liturgici cosmateschi, di sculture e iscrizioni altomedievali e di vivaci pitture murali romaniche che includono singolari raffigurazioni del profeta Elia e delle dodici trib\u00f9 di Israele in veste di guerrieri, un programma absidale di origine romana decisamente elitario e un importante ciclo narrativo dell\u2019Apocalisse. Il drammatico paesaggio descritto da Gregorio Magno in cui venne poi edificato il monastero, fu sacralizzato da una teofania che confer\u00ec al monastero stesso la sua ragion d&#8217;essere; il luogo dell\u2019apparizione divina \u00e8 segnato da una cappella indipendente. Attraverso un\u2019analisi storico-artistica arricchita da studi archeologici, epigrafici, storici, liturgici, teologici e paesaggistici, Alison Locke Perchuk restituisce al monastero la sua importanza, rivelandolo come il frutto di una prolungata meditazione sulla storia, l&#8217;identit\u00e0 e l&#8217;esegesi, messa al servizio del papato riformatore dell&#8217;inizio del XII secolo.<\/p>\n<p style=\"text-align: justify;\"><em>Il monastero medievale di Sant&#8217;Elia<\/em> apporta contributi significativi agli attuali dibattiti storico-artistici riguardanti l&#8217;identit\u00e0 comunitaria e la costruzione della memoria sociale, la creativit\u00e0 e i processi artistici, le capacit\u00e0 multisensoriali ed esegetiche delle opere d&#8217;arte visive, le intersezioni tra topografia e santit\u00e0 e infine gli effetti del medievalismo sulla nostra comprensione del medioevo.<\/p>\n<p><img class=\"size-full wp-image-2221 aligncenter\" src=\"https:\/\/www.srsp.it\/wp-content\/uploads\/2023\/07\/colophon74.png\" alt=\"\" \/><br \/>\nCollana Miscellanea della Societ\u00e0 romana di storia patria, 74<\/p>\n<p style=\"text-align: left;\">marzo 2023, pp. 597, ill.<\/p>\n","protected":false},"featured_media":2944,"template":"","meta":[],"product_cat":[22],"product_tag":[],"_links":{"self":[{"href":"https:\/\/www.srsp.it\/index.php\/wp-json\/wp\/v2\/product\/2941"}],"collection":[{"href":"https:\/\/www.srsp.it\/index.php\/wp-json\/wp\/v2\/product"}],"about":[{"href":"https:\/\/www.srsp.it\/index.php\/wp-json\/wp\/v2\/types\/product"}],"wp:featuredmedia":[{"embeddable":true,"href":"https:\/\/www.srsp.it\/index.php\/wp-json\/wp\/v2\/media\/2944"}],"wp:attachment":[{"href":"https:\/\/www.srsp.it\/index.php\/wp-json\/wp\/v2\/media?parent=2941"}],"wp:term":[{"taxonomy":"product_cat","embeddable":true,"href":"https:\/\/www.srsp.it\/index.php\/wp-json\/wp\/v2\/product_cat?post=2941"},{"taxonomy":"product_tag","embeddable":true,"href":"https:\/\/www.srsp.it\/index.php\/wp-json\/wp\/v2\/product_tag?post=2941"}],"curies":[{"name":"wp","href":"https:\/\/api.w.org\/{rel}","templated":true}]}}