{"id":2342,"date":"2022-03-27T11:59:40","date_gmt":"2022-03-27T09:59:40","guid":{"rendered":"https:\/\/www.srsp.it\/?post_type=product&#038;p=2342"},"modified":"2022-03-31T21:50:06","modified_gmt":"2022-03-31T19:50:06","slug":"misc7","status":"publish","type":"product","link":"https:\/\/www.srsp.it\/index.php\/prodotto\/misc7\/","title":{"rendered":"7 &#8211; La congiura dei cardinali contro Leone X"},"content":{"rendered":"<style type=\"text\/css\"><\/style>","protected":false},"excerpt":{"rendered":"<p style=\"text-align: justify;\">Alessandro Ferrajoli<\/p>\n<p style=\"text-align: justify;\">Il testo scritto dallo storico ed erudito Alessandro Ferrajoli (che molto si \u00e8 occupato di storia ecclesiastica) \u00e8 un\u2019analisi degli avvenimenti politici e storici che hanno portato al processo contro i cardinali congiurati (quasi tutti molto giovani) a danno di papa Leone X.<\/p>\n<p style=\"text-align: justify;\">L\u2019autore parte dall\u2019espulsione di Borghese Petrucci dalla citt\u00e0 Siena e di Francesco Maria della Rovere dal ducato di Urbino ad opera di Leone X nel 1516, l\u2019anno prima della Guerra di Urbino del 1517. Segue la scoperta delle trame e della congiura ordita dal cardinale Alfonso Petrucci, e la conseguente fuga di quest\u2019ultimo da Roma e la sua rottura col papa, cui seguiranno l\u2019arresto e il processo di alcuni famigliari del Petrucci.<\/p>\n<p style=\"text-align: justify;\">Dopo una finta riconciliazione papale col Petrucci e il ritorno di questo a Roma, seguir\u00e0 invece il suo arresto insieme a quello dei cardinali Sauli e Riario, tutti e tre sottoposti a processo. Vengono esposti anche i procedimenti extragiudiziali contro i cardinali Soderini e Castellesi. Di tutti verr\u00e0 giustiziato il solo Petrucci, mentre l\u2019ammenda degli altri congiurati sar\u00e0 soprattutto pecuniaria.<\/p>\n<p style=\"text-align: justify;\">Lo studio prosegue e approfondisce anche le sorti di tutti gli altri congiurati e delle vicende processuali collegate, con alcune conclusioni finali dell\u2019autore.<\/p>\n<p style=\"text-align: justify;\">Presenti nel testo importanti notizie biografiche dei personaggi pi\u00f9 notevoli, nonch\u00e9 una corposa appendice documentale tra cui \u00e8 presente anche una lettera del Bembo.<\/p>\n<p style=\"text-align: justify;\">Collana Miscellanea della Societ\u00e0 romana di storia patria, 7<\/p>\n<p style=\"text-align: justify;\">1919, pp. 355<\/p>\n","protected":false},"featured_media":2343,"template":"","meta":[],"product_cat":[22],"product_tag":[],"_links":{"self":[{"href":"https:\/\/www.srsp.it\/index.php\/wp-json\/wp\/v2\/product\/2342"}],"collection":[{"href":"https:\/\/www.srsp.it\/index.php\/wp-json\/wp\/v2\/product"}],"about":[{"href":"https:\/\/www.srsp.it\/index.php\/wp-json\/wp\/v2\/types\/product"}],"wp:featuredmedia":[{"embeddable":true,"href":"https:\/\/www.srsp.it\/index.php\/wp-json\/wp\/v2\/media\/2343"}],"wp:attachment":[{"href":"https:\/\/www.srsp.it\/index.php\/wp-json\/wp\/v2\/media?parent=2342"}],"wp:term":[{"taxonomy":"product_cat","embeddable":true,"href":"https:\/\/www.srsp.it\/index.php\/wp-json\/wp\/v2\/product_cat?post=2342"},{"taxonomy":"product_tag","embeddable":true,"href":"https:\/\/www.srsp.it\/index.php\/wp-json\/wp\/v2\/product_tag?post=2342"}],"curies":[{"name":"wp","href":"https:\/\/api.w.org\/{rel}","templated":true}]}}