{"id":2338,"date":"2022-03-27T11:50:31","date_gmt":"2022-03-27T09:50:31","guid":{"rendered":"https:\/\/www.srsp.it\/?post_type=product&#038;p=2338"},"modified":"2022-03-31T21:50:44","modified_gmt":"2022-03-31T19:50:44","slug":"misc9","status":"publish","type":"product","link":"https:\/\/www.srsp.it\/index.php\/prodotto\/misc9\/","title":{"rendered":"9 &#8211; La Restaurazione Pontificia nelle provincie di prima recupera (maggio 1814-marzo 1815)"},"content":{"rendered":"<style type=\"text\/css\"><\/style>","protected":false},"excerpt":{"rendered":"<p style=\"text-align: justify;\">Maria Moscarini<\/p>\n<p style=\"text-align: justify;\">In questo saggio Maria Moscarini tratta della Restaurazione papale nelle province di \u201cprima ricupera\u201d che segu\u00ec alla caduta di Napoleone e riport\u00f2 i pontefici sul trono dello Stato della Chiesa.<br \/>\nIl 13 maggio 1814 mons. Agostino Rivarola, nominato da Pio VII delegato apostolico in Roma con il compito di riassumere l\u2019esercizio della sovranit\u00e0 pontificia, pubblicava un editto con disposizioni che, in realt\u00e0, ebbero efficacia molto breve e solo nelle province dette appunto di prima recupera, cio\u00e8 il Lazio e l\u2019Umbria.<\/p>\n<p style=\"text-align: justify;\">Lo studio tratta dei dipartimenti di Roma e del Trasimeno. Questi dipartimenti corrispondevano alle antiche province del Lazio e dell\u2019Umbria. Il dipartimento di Roma, chiamato anche dipartimento del Tevere, comprendeva 6 circondari: Roma, Viterbo, Velletri, Tivoli, Frosinone e Rieti; quello del Trasimeno 4: Spoleto, Perugia, Foligno e Todi.<\/p>\n<p style=\"text-align: justify;\">Il volume contiene i seguenti argomenti: Liberazione e ritorno di Pio VII a Roma (24 mag. 1814); La restaurazione del governo pontificio in Roma e nella provincia del Trasimeno per opera di mons. Agostino Rivarola e dei delegati (10-24 mag. 1814); La restaurazione dopo il ritorno del pontefice e i provvedimenti presi; Carattere della restaurazione; La missione del Card. Consalvi all\u2019estero; Giudizi e consigli sui provvedimenti di Roma; Condizioni degli Stati pontifici verso la fine del 1814 e i primi mesi del 1815; Effetti della restaurazione; Nuova invasione napoletana e fuga del pontefice a Roma.<\/p>\n<p style=\"text-align: justify;\">In appendice sono presenti 53 documenti.<\/p>\n<p style=\"text-align: justify;\">Collana Miscellanea della Societ\u00e0 romana di storia patria, 9<\/p>\n<p style=\"text-align: justify;\">1933, pp. 196<\/p>\n","protected":false},"featured_media":2339,"template":"","meta":[],"product_cat":[22],"product_tag":[],"_links":{"self":[{"href":"https:\/\/www.srsp.it\/index.php\/wp-json\/wp\/v2\/product\/2338"}],"collection":[{"href":"https:\/\/www.srsp.it\/index.php\/wp-json\/wp\/v2\/product"}],"about":[{"href":"https:\/\/www.srsp.it\/index.php\/wp-json\/wp\/v2\/types\/product"}],"wp:featuredmedia":[{"embeddable":true,"href":"https:\/\/www.srsp.it\/index.php\/wp-json\/wp\/v2\/media\/2339"}],"wp:attachment":[{"href":"https:\/\/www.srsp.it\/index.php\/wp-json\/wp\/v2\/media?parent=2338"}],"wp:term":[{"taxonomy":"product_cat","embeddable":true,"href":"https:\/\/www.srsp.it\/index.php\/wp-json\/wp\/v2\/product_cat?post=2338"},{"taxonomy":"product_tag","embeddable":true,"href":"https:\/\/www.srsp.it\/index.php\/wp-json\/wp\/v2\/product_tag?post=2338"}],"curies":[{"name":"wp","href":"https:\/\/api.w.org\/{rel}","templated":true}]}}