{"id":2336,"date":"2022-03-27T11:47:37","date_gmt":"2022-03-27T09:47:37","guid":{"rendered":"https:\/\/www.srsp.it\/?post_type=product&#038;p=2336"},"modified":"2022-03-31T21:50:56","modified_gmt":"2022-03-31T19:50:56","slug":"misc10","status":"publish","type":"product","link":"https:\/\/www.srsp.it\/index.php\/prodotto\/misc10\/","title":{"rendered":"10 &#8211; Studi e documenti sulla Roma sacra"},"content":{"rendered":"<style type=\"text\/css\"><\/style>","protected":false},"excerpt":{"rendered":"<p style=\"text-align: justify;\">Carlo Cecchelli<\/p>\n<p style=\"text-align: justify;\">Il volume \u00e8 scritto dal professor Carlo Cecchelli della R. Universit\u00e0 di Roma, il quale d\u00e0 il via con quest\u2019opera a una serie di studi riguardanti le chiese di Roma.<\/p>\n<p style=\"text-align: justify;\">La ricerca eseguita non si limita soltanto alla topografia e alla storia dell\u2019arte, ma riguarda anche la storia politica e la storia religiosa.<\/p>\n<p style=\"text-align: justify;\">All\u2019interno sono presenti abbondanti materiali documentali e quelle che per l\u2019epoca erano le ricerche e i risultati pi\u00f9 innovativi.<\/p>\n<p style=\"text-align: justify;\">Mettendo a profitto i suoi vasti e profondi studi sul mondo paleocristiano e medievale, l\u2019autore ha potuto trattare questa materia con larghezza di vedute, apportando conclusioni originali e suggestive. Sono circa una dozzina le chiese e i monumenti trattati in questo primo contributo, con annesse anche diverse illustrazioni.<\/p>\n<p style=\"text-align: justify;\">Collana Miscellanea della Societ\u00e0 romana di storia patria, 10<\/p>\n<p style=\"text-align: justify;\">vol. I, 1938, pp. 316, ill.<br \/>\n[v. pureMiscellanea 18]<\/p>\n","protected":false},"featured_media":2337,"template":"","meta":[],"product_cat":[22],"product_tag":[],"_links":{"self":[{"href":"https:\/\/www.srsp.it\/index.php\/wp-json\/wp\/v2\/product\/2336"}],"collection":[{"href":"https:\/\/www.srsp.it\/index.php\/wp-json\/wp\/v2\/product"}],"about":[{"href":"https:\/\/www.srsp.it\/index.php\/wp-json\/wp\/v2\/types\/product"}],"wp:featuredmedia":[{"embeddable":true,"href":"https:\/\/www.srsp.it\/index.php\/wp-json\/wp\/v2\/media\/2337"}],"wp:attachment":[{"href":"https:\/\/www.srsp.it\/index.php\/wp-json\/wp\/v2\/media?parent=2336"}],"wp:term":[{"taxonomy":"product_cat","embeddable":true,"href":"https:\/\/www.srsp.it\/index.php\/wp-json\/wp\/v2\/product_cat?post=2336"},{"taxonomy":"product_tag","embeddable":true,"href":"https:\/\/www.srsp.it\/index.php\/wp-json\/wp\/v2\/product_tag?post=2336"}],"curies":[{"name":"wp","href":"https:\/\/api.w.org\/{rel}","templated":true}]}}