{"id":2326,"date":"2022-03-27T11:24:16","date_gmt":"2022-03-27T09:24:16","guid":{"rendered":"https:\/\/www.srsp.it\/?post_type=product&#038;p=2326"},"modified":"2022-03-31T21:51:55","modified_gmt":"2022-03-31T19:51:55","slug":"misc14-16","status":"publish","type":"product","link":"https:\/\/www.srsp.it\/index.php\/prodotto\/misc14-16\/","title":{"rendered":"14\/16 &#8211; La nunziatura di Fabio Chigi (1640-1651)"},"content":{"rendered":"<style type=\"text\/css\"><\/style>","protected":false},"excerpt":{"rendered":"<p style=\"text-align: justify;\">Vlastimil Kybal &#8211; Giovanni Incisa della Rocchetta<\/p>\n<p style=\"text-align: justify;\">Il primo dei due volumi contiene 221 lettere, quasi tutte del Chigi, delle quali 31 appartengono agli anni 1640-1643, le altre 190 al 1644 e furono scritte le prime 47 fino al 13 marzo 1644 da Colonia, le altre da M\u00fcnster in Westfalia. Le lettere sono intercalate da due Diari, il primo scritto dal Chigi stesso, va dal 19 marzo 1644 al 29 maggio 1645, il secondo da Giovanni Lorenzo Della Ratta di Nardo, suo segretario, dal 22 marzo al 21 giugno 1644: essi servono ad illustrare molti punti delle lettere.<\/p>\n<p style=\"text-align: justify;\">Il secondo volume, in cui si continua lo studio riguardante la nunziatura di Fabio Chigi (Alessandro VII, contiene 187 lettere scritte da M\u00fcnster in Westfalia, a completamento di quanto gi\u00e0 presente nel primo volume, coprendo l\u2019arco temporale che arriva fino al 1645.<\/p>\n<p style=\"text-align: justify;\">Questo testo, primo di altri volumi, studia l\u2019importanza della nunziatura di Fabio Chigi (Alessandro VII), talmente notevole da indurre Ludovico Pastor a pubblicarne il carteggio, incaricando il Kybal di prepararlo. Interrotto purtroppo il lavoro a causa della guerra del 1914-18, il Kybal offr\u00ec quanto gi\u00e0 sviluppato del suo lavoro alla famiglia Chigi affinch\u00e9 fosse selezionato e pubblicato da qualche storico italiano; la nobile famiglia accett\u00f2 e ne incaric\u00f2 il marchese Giovanni Incisa della Rocchetta, appartenente per madre proprio ai Chigi.<\/p>\n<p style=\"text-align: justify;\">Una delle migliori parti dell\u2019opera in due volumi \u00e8 costituita dalle note: l\u2019autore, infatti, con pazienza e non comune erudizione, spiega molte delle frasi del Chigi, e soprattutto presenta al lettore i numerosi personaggi nominati nei carteggi.<\/p>\n<p>&nbsp;<\/p>\n<p style=\"text-align: justify;\">Collana Miscellanea della Societ\u00e0 romana di storia patria, 14 e 16<\/p>\n<p style=\"text-align: justify;\">novembre 1943-maggio 1946, 2 voll., pp. xxxi, 681; xi, 521<\/p>\n","protected":false},"featured_media":2327,"template":"","meta":[],"product_cat":[22],"product_tag":[],"_links":{"self":[{"href":"https:\/\/www.srsp.it\/index.php\/wp-json\/wp\/v2\/product\/2326"}],"collection":[{"href":"https:\/\/www.srsp.it\/index.php\/wp-json\/wp\/v2\/product"}],"about":[{"href":"https:\/\/www.srsp.it\/index.php\/wp-json\/wp\/v2\/types\/product"}],"wp:featuredmedia":[{"embeddable":true,"href":"https:\/\/www.srsp.it\/index.php\/wp-json\/wp\/v2\/media\/2327"}],"wp:attachment":[{"href":"https:\/\/www.srsp.it\/index.php\/wp-json\/wp\/v2\/media?parent=2326"}],"wp:term":[{"taxonomy":"product_cat","embeddable":true,"href":"https:\/\/www.srsp.it\/index.php\/wp-json\/wp\/v2\/product_cat?post=2326"},{"taxonomy":"product_tag","embeddable":true,"href":"https:\/\/www.srsp.it\/index.php\/wp-json\/wp\/v2\/product_tag?post=2326"}],"curies":[{"name":"wp","href":"https:\/\/api.w.org\/{rel}","templated":true}]}}