{"id":2324,"date":"2022-03-27T11:21:05","date_gmt":"2022-03-27T09:21:05","guid":{"rendered":"https:\/\/www.srsp.it\/?post_type=product&#038;p=2324"},"modified":"2022-03-31T21:52:10","modified_gmt":"2022-03-31T19:52:10","slug":"misc15","status":"publish","type":"product","link":"https:\/\/www.srsp.it\/index.php\/prodotto\/misc15\/","title":{"rendered":"15 &#8211; Il Senato romano nell\u2019Alto Medio Evo (757-1143)"},"content":{"rendered":"<style type=\"text\/css\"><\/style>","protected":false},"excerpt":{"rendered":"<p style=\"text-align: justify;\">Arrigo Solmi<\/p>\n<p style=\"text-align: justify;\">Arrigo Solmi, storico del diritto e storiografo, esamina le vicende del Senato Romano fin dal suo libro <em>Il Comune nella storia del diritto<\/em> (1922), fermandosi a meditare su quella \u00abromana libertas\u00bb che Enrico IV era stato costretto a riconoscere e a giurare, collegata a una anteriore e assai lunga, tradizione di libert\u00e0 municipali e civili.<\/p>\n<p style=\"text-align: justify;\">Il Solmi, rinnovando le sue indagini sul periodo dell\u2019Alto Medio Evo e abbandonata la tesi della soluzione di continuit\u00e0 con l\u2019antico che aveva ispirato la sua giovent\u00f9 di studioso, tenta di approfondire negli ultimi anni, nell\u2019intento di ricostruire sui dati offerti dalle fonti (dati scarsi ma per lui pi\u00f9 espliciti e concreti che per altri), la vicenda del Senato e la sua funzione nella vita medievale di Roma, basandosi sulla posizione espressa dal Fedele, di asserita continuit\u00e0 delle tradizioni e degli istituti romani; l\u2019autore, si noti, prende comunque in esame l\u2019arco temporale 757-1143 senza avventurarsi oltre.<\/p>\n<p style=\"text-align: justify;\">Non si potr\u00e0 prescindere da questa sua opera per gli studi sul tema, per il grado di compiutezza cui la tesi della continuit\u00e0 \u00e8 pervenuta in questo volume.<\/p>\n<p style=\"text-align: justify;\">Purtroppo il manoscritto fu consegnato per le stampe da Arrigo Solmi all\u2019immediata vigilia della sua morte, avvenuta il 5 marzo 1944. Manoscritto, come sempre, ordinato e pulito: cui solo qualche nota era rimasta in bianco nei raffronti di testi. La revisione dell\u2019opera \u00e8 stata affidata al prof. Palumbo.<\/p>\n<p style=\"text-align: justify;\">Collana Miscellanea della Societ\u00e0 romana di storia patria, 15<\/p>\n<p style=\"text-align: justify;\">settembre 1944, pp. 273<\/p>\n","protected":false},"featured_media":2325,"template":"","meta":[],"product_cat":[22],"product_tag":[],"_links":{"self":[{"href":"https:\/\/www.srsp.it\/index.php\/wp-json\/wp\/v2\/product\/2324"}],"collection":[{"href":"https:\/\/www.srsp.it\/index.php\/wp-json\/wp\/v2\/product"}],"about":[{"href":"https:\/\/www.srsp.it\/index.php\/wp-json\/wp\/v2\/types\/product"}],"wp:featuredmedia":[{"embeddable":true,"href":"https:\/\/www.srsp.it\/index.php\/wp-json\/wp\/v2\/media\/2325"}],"wp:attachment":[{"href":"https:\/\/www.srsp.it\/index.php\/wp-json\/wp\/v2\/media?parent=2324"}],"wp:term":[{"taxonomy":"product_cat","embeddable":true,"href":"https:\/\/www.srsp.it\/index.php\/wp-json\/wp\/v2\/product_cat?post=2324"},{"taxonomy":"product_tag","embeddable":true,"href":"https:\/\/www.srsp.it\/index.php\/wp-json\/wp\/v2\/product_tag?post=2324"}],"curies":[{"name":"wp","href":"https:\/\/api.w.org\/{rel}","templated":true}]}}