{"id":2298,"date":"2022-03-26T21:17:05","date_gmt":"2022-03-26T20:17:05","guid":{"rendered":"https:\/\/www.srsp.it\/?post_type=product&#038;p=2298"},"modified":"2022-03-31T21:55:51","modified_gmt":"2022-03-31T19:55:51","slug":"misc28","status":"publish","type":"product","link":"https:\/\/www.srsp.it\/index.php\/prodotto\/misc28\/","title":{"rendered":"28 &#8211; Statuta civitatis Ferentini"},"content":{"rendered":"<style type=\"text\/css\"><\/style>","protected":false},"excerpt":{"rendered":"<p style=\"text-align: justify;\">Marco Vendittelli<\/p>\n<p style=\"text-align: justify;\">Edizione critica dal ms. 89 della Biblioteca del Senato della Repubblica<\/p>\n<p style=\"text-align: justify;\">L\u2019Amministrazione comunale di Ferentino ha voluto, non per semplice vanto campanilistico, ma quale risultato di una cosciente riflessione sulla propria storia, farsi carico dell\u2019edizione critica dei propri statuti medievali, rivolgendosi per la realizzazione alla Societ\u00e0 romana di storia patria, la quale ha affidato a Marco Vendittelli la cura di questo lavoro.<\/p>\n<p style=\"text-align: justify;\">L\u2019opera di curatela svolta \u00e8 stata fondamentale e completa, rendendo possibile la totale fruizione di un documento difficile come uno statuto medievale e soprattutto di raccordo interdisciplinare, sicch\u00e9 se al giurista, il quale sicuramente ha in mano la chiave per una esatta \u201clettura\u201d di questo ordine di testi, mancano tuttavia per lo pi\u00f9 gli strumenti tecnici indispensabili per una corretta edizione, al paleografo-diplomatista, viceversa, vengono meno di solito le cognizioni di base per riconoscere, nell\u2019intricato groviglio di norme, che potrebbero dirsi \u201ccostituzionali\u201d, e di delibere puramente contingenti, le successive stratificazioni; il tutto si fa poi, paradossalmente, ancora pi\u00f9 difficile allorquando (come avviene per Ferentino, ma anche per la maggior parte dei comuni, e non soltanto delle province di Campagna e di Marittima) ci sia stata tramandata una sola redazione degli Statuti, oltretutto piuttosto tarda, per cui pi\u00f9 lunga \u00e8 stata la sedimentazione e di conseguenza riesce pi\u00f9 arduo riconoscerne i singoli strati.<\/p>\n<p style=\"text-align: justify;\">A tutto questo, il Vendittelli pone rimedio consegnando questa sua importante opera.<\/p>\n<p style=\"text-align: center;\">IL VOLUME \u00c8 STATO REALIZZATO GRAZIE AL CONTRIBUTO DELL&#8217;AMMINISTRAZIONE COMUNALE DI FERENTINO<\/p>\n<p style=\"text-align: justify;\">Collana Miscellanea della Societ\u00e0 romana di storia patria, 28<\/p>\n<p style=\"text-align: justify;\">1988, pp. Lxxv, 340<\/p>\n","protected":false},"featured_media":2299,"template":"","meta":[],"product_cat":[22],"product_tag":[],"_links":{"self":[{"href":"https:\/\/www.srsp.it\/index.php\/wp-json\/wp\/v2\/product\/2298"}],"collection":[{"href":"https:\/\/www.srsp.it\/index.php\/wp-json\/wp\/v2\/product"}],"about":[{"href":"https:\/\/www.srsp.it\/index.php\/wp-json\/wp\/v2\/types\/product"}],"wp:featuredmedia":[{"embeddable":true,"href":"https:\/\/www.srsp.it\/index.php\/wp-json\/wp\/v2\/media\/2299"}],"wp:attachment":[{"href":"https:\/\/www.srsp.it\/index.php\/wp-json\/wp\/v2\/media?parent=2298"}],"wp:term":[{"taxonomy":"product_cat","embeddable":true,"href":"https:\/\/www.srsp.it\/index.php\/wp-json\/wp\/v2\/product_cat?post=2298"},{"taxonomy":"product_tag","embeddable":true,"href":"https:\/\/www.srsp.it\/index.php\/wp-json\/wp\/v2\/product_tag?post=2298"}],"curies":[{"name":"wp","href":"https:\/\/api.w.org\/{rel}","templated":true}]}}