{"id":2271,"date":"2022-03-25T18:32:20","date_gmt":"2022-03-25T17:32:20","guid":{"rendered":"https:\/\/www.srsp.it\/?post_type=product&#038;p=2271"},"modified":"2022-03-31T21:58:45","modified_gmt":"2022-03-31T19:58:45","slug":"misc41","status":"publish","type":"product","link":"https:\/\/www.srsp.it\/index.php\/prodotto\/misc41\/","title":{"rendered":"41 &#8211; Santi e culti del Lazio Istituzioni, societ\u00e0, devozioni"},"content":{"rendered":"<style type=\"text\/css\"><\/style>","protected":false},"excerpt":{"rendered":"<p style=\"text-align: justify;\">Atti del Convegno di Studio \u2013 Roma 2-4 maggio 1996 a cura di Sofia Boesch Gajano e Enzo Petrucci<\/p>\n<p style=\"text-align: justify;\">Il volume affronta il problema del rapporto tra dimensione religiosa,\u00a0dimensione sociale e dimensione istituzionale\u00a0nello specifico della realt\u00e0 laziale attraverso l&#8217;osservatorio della storia della santit\u00e0 e del culto dei santi, testimoniata da una molteplicit\u00e0 di fonti scritte, monumentali, iconografiche, in una lunga diacronia.<\/p>\n<p style=\"text-align: justify;\">All&#8217;interno di questo ambito generale l&#8217;attenzione si \u00e8 concentrata sul fenomeno del santo patrono cittadino,\u00a0con l&#8217;obbiettivo di verificarne presenza e funzioni in una realt\u00e0 diversa da quella delle citt\u00e0 dell&#8217;Italia centro-settentrionale alla luce degli studi sulla &#8220;religion civique&#8221; .<\/p>\n<p>INDICE<\/p>\n<p>Enzo Petrucci, <em>Presentazione del Convegno<\/em><\/p>\n<p><strong>Culto dei santi e storia del territorio<\/strong><\/p>\n<p style=\"text-align: justify;\">Victor Saxer, <em>Il culto dei santi nelle diocesi suburbicarie di Roma in et\u00e0 paleocristiana<\/em><\/p>\n<p>Eugenio Susi, <em>I culti farfensi nel secolo VIII<\/em><\/p>\n<p>Claudia Gnocchi, <em>Un sondaggio sui documenti farfensi dei secoli XI e XII<\/em><\/p>\n<p style=\"text-align: justify;\">Umberto Longo, <em>Dialettiche agiografiche, influssi cultuali, pratiche liturgiche: Farfa, Sant\u2019Eutizio e Cluny (secoli XI e XII)<\/em><\/p>\n<p>Tersilio Leggio, <em>Rieti e la sua diocesi: le stratificazioni cultuali<\/em><\/p>\n<p>Giulia Barone, <em>Tra Roma e Lazio: vita religiosa e culto dei santi nel basso Medioevo<\/em><\/p>\n<p><strong>Vita religiosa e storia della santit\u00e0<\/strong><\/p>\n<p style=\"text-align: justify;\">Francesco De Palma, <em>Modelli di santit\u00e0 a Roma e nel Lazio. Un approccio statistico-tipologico a quattro secoli di cause di beatificazione<\/em><\/p>\n<p style=\"text-align: justify;\">Stefano Andretta, <em>Tre esempi di santit\u00e0 monacale a Roma e nel Lazio nel secolo XVII. Giacinta Marescotti, Chiara della Passione e Francesca Farnese<\/em><\/p>\n<p style=\"text-align: justify;\">Marina Caffiero, <em>Santit\u00e0, territorio e istituzioni. Le Maestre Pie tra centro e periferia (secoli XVII-XVIII)<\/em><\/p>\n<p style=\"text-align: justify;\">Giampiero Raspa, <em>Modelli di santit\u00e0 proposti alle maestre della scuola pia di Anagni (prima met\u00e0 del secolo XVIII)<\/em><\/p>\n<p style=\"text-align: justify;\">Giuseppe Orlandi, <em>I santi nella vita e nel ministero apostolico dei Redentoristi. Gli \u00abexempla\u00bb nella predicazione missionaria<\/em><\/p>\n<p style=\"text-align: justify;\">Vincenzo Padiglione, Antonio Riccio, <em>Coerenze contestuali nei racconti di grazie ricevute<\/em><\/p>\n<p><strong>Il santo patrono<\/strong><\/p>\n<p style=\"text-align: justify;\">Maria Teresa Caciorgna, <em>Sviluppo cittadino e culto dei santi nel Lazio medioevale (secoli XII-XV)<\/em><\/p>\n<p style=\"text-align: justify;\">Riccardo Cataldi, <em>Il culto di Ambrogio Martire a Ferentino: i risultati di un convegno<\/em><\/p>\n<p>Anna Esposito, <em>Il culto di Santa Rosa (e altre devozioni) a Viterbo nel XV secolo<\/em><\/p>\n<p style=\"text-align: justify;\">Enzo Petrucci, <em>Santo Patrono, culto dei santi e vissuto religioso nei comuni del Lazio settentrionale dal Medioevo all\u2019et\u00e0 contemporanea<\/em><\/p>\n<p>Sofia Boesch Gajano, <em>Conclusioni<\/em><\/p>\n<p><em>\u00a0<\/em><\/p>\n<p style=\"text-align: left;\">Collana Miscellanea della Societ\u00e0 romana di storia patria, 41<\/p>\n<p style=\"text-align: left;\">dicembre 2000, pp. 590, 2 tavv. f.t.<\/p>\n","protected":false},"featured_media":2272,"template":"","meta":[],"product_cat":[22],"product_tag":[],"_links":{"self":[{"href":"https:\/\/www.srsp.it\/index.php\/wp-json\/wp\/v2\/product\/2271"}],"collection":[{"href":"https:\/\/www.srsp.it\/index.php\/wp-json\/wp\/v2\/product"}],"about":[{"href":"https:\/\/www.srsp.it\/index.php\/wp-json\/wp\/v2\/types\/product"}],"wp:featuredmedia":[{"embeddable":true,"href":"https:\/\/www.srsp.it\/index.php\/wp-json\/wp\/v2\/media\/2272"}],"wp:attachment":[{"href":"https:\/\/www.srsp.it\/index.php\/wp-json\/wp\/v2\/media?parent=2271"}],"wp:term":[{"taxonomy":"product_cat","embeddable":true,"href":"https:\/\/www.srsp.it\/index.php\/wp-json\/wp\/v2\/product_cat?post=2271"},{"taxonomy":"product_tag","embeddable":true,"href":"https:\/\/www.srsp.it\/index.php\/wp-json\/wp\/v2\/product_tag?post=2271"}],"curies":[{"name":"wp","href":"https:\/\/api.w.org\/{rel}","templated":true}]}}