{"id":2252,"date":"2022-03-25T17:36:42","date_gmt":"2022-03-25T16:36:42","guid":{"rendered":"https:\/\/www.srsp.it\/?post_type=product&#038;p=2252"},"modified":"2022-03-31T22:00:28","modified_gmt":"2022-03-31T20:00:28","slug":"misc51","status":"publish","type":"product","link":"https:\/\/www.srsp.it\/index.php\/prodotto\/misc51\/","title":{"rendered":"51 &#8211; L\u2019Orbis Christianus Antiquus di Gregorio Magno"},"content":{"rendered":"<style type=\"text\/css\"><\/style>","protected":false},"excerpt":{"rendered":"<p style=\"text-align: justify;\">Atti del Convegno di Studio &#8211; Roma 26-28 ottobre 2004 a cura di Letizia Ermini Pani<\/p>\n<p style=\"text-align: justify;\">I due volumi pubblicano gli Atti del Convegno tenuto a Roma il 26-28 ottobre 2004 nella ricorrenza del quattordicesimo centenario della morte di Gregorio I, vescovo di Roma dal 590 al 604.<\/p>\n<p style=\"text-align: justify;\">Il Convegno \u00e8 stato organizzato dalla Societ\u00e0 romana di storia patria e si \u00e8 tenuto nella sua sede storica al- la Biblioteca Vallicelliana. Le relazioni pubblicate sono il risultato di ricerche originali condotte sulla vita religiosa, pastorale, caritativa, politica, sociale ed economica all\u2019epoca del pontificato di Gregorio Magno.<\/p>\n<p style=\"text-align: justify;\">I contributi di diciotto storici, storici dell\u2019arte, archeologi, epigrafisti e topografi ricostruiscono un quadro ampio e articolato del pontificato gregoriano nel contesto della storia di Roma e delle regioni del centro-Italia della fine del secolo VI e degli inizi del VII.<\/p>\n<p>&nbsp;<\/p>\n<p>VOLUME I<\/p>\n<p><em>Presentazione <\/em>di Letizia Ermini Pani Sofia Boesch Gajano<\/p>\n<p style=\"text-align: justify;\"><em>Tra Oriente e Occidente: le coordinate geopolitiche del pontificato di Gregorio Magno<\/em><\/p>\n<p>Letizia Ermini Pani<\/p>\n<p><em>La<\/em> <em>Roma<\/em> <em>di Gregorio Magno<\/em><\/p>\n<p>Ludovico Gatto<\/p>\n<p><em>Gli<\/em> <em>\u201cstranieri\u201d<\/em> <em>in Roma al tempo di Gregorio Magno<\/em><\/p>\n<p>Anna Maria Giuntella<\/p>\n<p style=\"text-align: justify;\"><em>Contributo ad una carta topografica dei monasteri d\u2019Italia nell\u2019et\u00e0 di Gregorio Magno: il caso di Roma<\/em><\/p>\n<p>Margherita Cecchelli<\/p>\n<p><em>La<\/em> <em>cripta<\/em> <em>semianulare<\/em> <em>vaticana<\/em> <em>e<\/em> <em>le<\/em> <em>sue<\/em> <em>derivazioni<\/em> <em>romane<\/em><\/p>\n<p>Alberto Bartola<\/p>\n<p><em>Gregorio<\/em> <em>Magno e il monastero di S. Andrea <\/em>ad Clivum Scauri<\/p>\n<p>Silvana Casartelli Novelli<\/p>\n<p style=\"text-align: justify;\"><em>L\u2019immagine<\/em> <em>\u00abn\u00e9<\/em> <em>idolo<\/em> <em>n\u00e9<\/em> <em>icona\u00bb<\/em> <em>nella<\/em> <em>concezione<\/em> <em>del<\/em> <em>primo<\/em> <em>\u201cpapa<\/em> <em>monaco\u201d<\/em> <em>della Chiesa di Roma<\/em><\/p>\n<p>Francesca Romana Stasolla<\/p>\n<p><em>Modi<\/em> <em>e<\/em> <em>luoghi<\/em> <em>dell\u2019assistenza<\/em> <em>nelle<\/em> <em>opere<\/em> <em>di<\/em> <em>Gregorio Magno<\/em><\/p>\n<p>Antonio Enrico Felle<\/p>\n<p><em>Sacra Scrittura ed epigrafia al tempo di Gregorio Magno (570-610)<\/em><\/p>\n<p><em>\u00a0<\/em><\/p>\n<p>VOLUME II<\/p>\n<p>Stefano Del Lungo<\/p>\n<p><em>Il paesaggio e l\u2019organizzazione agricola negli scritti di Gregorio Magno<\/em><\/p>\n<p>Sonia Antonelli<\/p>\n<p style=\"text-align: justify;\"><em>L\u2019oratorio di Anione nelle epistole di Gregorio Magno. Un edificio di culto altomedievale presso Teramo<\/em><\/p>\n<p>Ottavio Bucarelli<\/p>\n<p><em>La<\/em> <em>carit\u00e0<\/em> <em>del<\/em> <em>Papa.<\/em> <em>Benefici<\/em> <em>e<\/em> <em>beneficiati<\/em> <em>nelle<\/em> <em>epistole<\/em> <em>di Gregorio Magno<\/em><\/p>\n<p>Gabriele Chiusano<\/p>\n<p><em>Gregorio<\/em> <em>Magno<\/em> <em>e<\/em> <em>le<\/em> <em>diocesi<\/em> <em>di<\/em> <em>Fondi,<\/em> <em>Terracina,<\/em> <em>Formia e Minturno<\/em><\/p>\n<p>Cristina Corsi<\/p>\n<p style=\"text-align: justify;\"><em>Insediamento<\/em> <em>e<\/em> <em>paesaggio<\/em> <em>nel<\/em> <em>territorio<\/em> <em>di<\/em> <em>Cassino<\/em> <em>tra<\/em> <em>S.<\/em> <em>Benedetto<\/em> <em>e<\/em> <em>Gregorio<\/em> <em>Magno<\/em><\/p>\n<p>Gabriella Di Rocco<\/p>\n<p><em>La consacrazione in chiese di edifici di culto pagano: il caso di Itri<\/em><\/p>\n<p>Gianluca Pilara<\/p>\n<p style=\"text-align: justify;\"><em>La<\/em> <em>gestione<\/em> <em>dell\u2019annona<\/em> <em>civile<\/em> <em>e<\/em> <em>militare<\/em> <em>a<\/em> <em>Roma<\/em> <em>durante<\/em> <em>il<\/em> <em>pontificato<\/em> <em>di<\/em> <em>Gregorio<\/em> <em>Magno<\/em><\/p>\n<p>Francesca Riganati<\/p>\n<p><em>Reliquie, reliquiari e cose sacre dal <\/em>Registrum Epistularum Gregorii Magni<\/p>\n<p>Francesca Zagari<\/p>\n<p><em>Gregorio<\/em> <em>Magno<\/em> <em>e<\/em> <em>Tauriana:<\/em> <em>fonti<\/em> <em>storiche<\/em> <em>e<\/em> <em>dati archeologici<\/em><\/p>\n<p><em>\u00a0<\/em><\/p>\n<p style=\"text-align: center;\">IL VOLUME \u00c8 STATO REALIZZATO GRAZIE AL CONTRIBUTO DELLA REGIONE LAZIO<br \/>\nDIREZIONE REGIONALE CULTURA E POLITICHE GIOVANILI AREA SERVIZI CULTURALI, PROMOZIONE DELLA LETTURA E OSSERVATORIO DELLA CULTURA<\/p>\n<p style=\"text-align: left;\">Collana Miscellanea della Societ\u00e0 romana di storia patria, 51<\/p>\n<p style=\"text-align: left;\">maggio 2007, 2 voll. pp. X, 586, 137 tavv. f.t.<\/p>\n","protected":false},"featured_media":2253,"template":"","meta":[],"product_cat":[22],"product_tag":[],"_links":{"self":[{"href":"https:\/\/www.srsp.it\/index.php\/wp-json\/wp\/v2\/product\/2252"}],"collection":[{"href":"https:\/\/www.srsp.it\/index.php\/wp-json\/wp\/v2\/product"}],"about":[{"href":"https:\/\/www.srsp.it\/index.php\/wp-json\/wp\/v2\/types\/product"}],"wp:featuredmedia":[{"embeddable":true,"href":"https:\/\/www.srsp.it\/index.php\/wp-json\/wp\/v2\/media\/2253"}],"wp:attachment":[{"href":"https:\/\/www.srsp.it\/index.php\/wp-json\/wp\/v2\/media?parent=2252"}],"wp:term":[{"taxonomy":"product_cat","embeddable":true,"href":"https:\/\/www.srsp.it\/index.php\/wp-json\/wp\/v2\/product_cat?post=2252"},{"taxonomy":"product_tag","embeddable":true,"href":"https:\/\/www.srsp.it\/index.php\/wp-json\/wp\/v2\/product_tag?post=2252"}],"curies":[{"name":"wp","href":"https:\/\/api.w.org\/{rel}","templated":true}]}}