{"id":2250,"date":"2022-03-25T17:27:55","date_gmt":"2022-03-25T16:27:55","guid":{"rendered":"https:\/\/www.srsp.it\/?post_type=product&#038;p=2250"},"modified":"2022-03-31T22:00:43","modified_gmt":"2022-03-31T20:00:43","slug":"misc52","status":"publish","type":"product","link":"https:\/\/www.srsp.it\/index.php\/prodotto\/misc52\/","title":{"rendered":"52 &#8211; Constitutiones et Reformationes del Collegio dei notai di Roma (1446)"},"content":{"rendered":"<style type=\"text\/css\"><\/style>","protected":false},"excerpt":{"rendered":"<p>Isa Lori Sanfilippo<\/p>\n<p style=\"text-align: left;\">Contributi per una storia del notariato romano dal XIII al XV secolo<\/p>\n<p style=\"text-align: justify;\">Il volume contiene l\u2019edizione e l\u2019inquadramento storico delle Riformanze degli Statuti del Collegio dei notai di Roma. Esse rappresentano il primo ed uno dei pochissimi documenti ufficiali di questo Collegio, essendo scomparso il pi\u00f9 antico statuto.<\/p>\n<p style=\"text-align: justify;\">Nella seconda parte si cerca di comprendere il perch\u00e9 della scomparsa di tanta parte della documentazione romana, si ripercorrono gli interventi messi in atto nei secoli dai pontefici, dal Comune di Roma ed infine dallo stato italiano, come la creazione di archivi, il riordinamento di quelli esistenti, la redazione di copiari e repertori.<\/p>\n<p style=\"text-align: justify;\">La conservazione del materiale documentario ha sempre costituito un problema per chi deve salvaguardarlo, ma forse ci sono pi\u00f9 documenti di quelli che uno pensi ed \u00e8 tempo di andare a cercarli con metodo e continuit\u00e0.<\/p>\n<p><em>\u00a0<\/em><\/p>\n<p style=\"text-align: center;\">IL VOLUME \u00c8 STATO REALIZZATO GRAZIE AL CONTRIBUTO DEL MINISTERO DEI BENI E DELLE ATTIVIT\u00c0 CULTURALI E DEL TURISMO<br \/>\nDIREZIONE GENERALE BIBLIOTECHE E ISTITUTI CULTURALI<\/p>\n<p style=\"text-align: left;\">Collana Miscellanea della Societ\u00e0 romana di storia patria, 52<\/p>\n<p style=\"text-align: left;\">giugno 2007, pp. 185<\/p>\n","protected":false},"featured_media":2251,"template":"","meta":[],"product_cat":[22],"product_tag":[],"_links":{"self":[{"href":"https:\/\/www.srsp.it\/index.php\/wp-json\/wp\/v2\/product\/2250"}],"collection":[{"href":"https:\/\/www.srsp.it\/index.php\/wp-json\/wp\/v2\/product"}],"about":[{"href":"https:\/\/www.srsp.it\/index.php\/wp-json\/wp\/v2\/types\/product"}],"wp:featuredmedia":[{"embeddable":true,"href":"https:\/\/www.srsp.it\/index.php\/wp-json\/wp\/v2\/media\/2251"}],"wp:attachment":[{"href":"https:\/\/www.srsp.it\/index.php\/wp-json\/wp\/v2\/media?parent=2250"}],"wp:term":[{"taxonomy":"product_cat","embeddable":true,"href":"https:\/\/www.srsp.it\/index.php\/wp-json\/wp\/v2\/product_cat?post=2250"},{"taxonomy":"product_tag","embeddable":true,"href":"https:\/\/www.srsp.it\/index.php\/wp-json\/wp\/v2\/product_tag?post=2250"}],"curies":[{"name":"wp","href":"https:\/\/api.w.org\/{rel}","templated":true}]}}