{"id":2126,"date":"2022-03-07T20:03:40","date_gmt":"2022-03-07T19:03:40","guid":{"rendered":"https:\/\/www.srsp.it\/?post_type=product&#038;p=2126"},"modified":"2022-03-31T22:04:45","modified_gmt":"2022-03-31T20:04:45","slug":"codice4","status":"publish","type":"product","link":"https:\/\/www.srsp.it\/index.php\/prodotto\/codice4\/","title":{"rendered":"Le pi\u00f9 antiche carte del convento di San Sisto in Roma (905-1300)"},"content":{"rendered":"<style type=\"text\/css\"><\/style>","protected":false},"excerpt":{"rendered":"<p style=\"text-align: left;\">Cristina Carbonetti Vendittelli<\/p>\n<p style=\"text-align: justify;\">Edizione critica di duecentoundici documenti per lo pi\u00f9 dei secoli XII-XIII, appartenuti a uno dei pi\u00f9 antichi conventi femminili romani e conservati oggi in diverse sedi a causa di una diaspora iniziata gi\u00e0 nella prima et\u00e0 moderna.<\/p>\n<p style=\"text-align: justify;\">L\u2019edizione \u00e8 preceduta da un\u2019introduzione dove si ricostruiscono le vicende dell\u2019archivio, si analizzano le forme della documentazione edita e i processi documentari che le hanno determinate, e si tracciano la storia del convento e quella della formazione e gestione del suo patrimonio.<\/p>\n<p style=\"text-align: justify;\">\u00c8 inoltre corredata da un indice delle persone, dei luoghi e delle cose notevoli.<\/p>\n<p style=\"text-align: left;\">Codice diplomatico di Roma e della regione romana, 4<\/p>\n<p style=\"text-align: left;\">1987, pp. Xc, 592<\/p>\n","protected":false},"featured_media":2127,"template":"","meta":[],"product_cat":[24],"product_tag":[],"_links":{"self":[{"href":"https:\/\/www.srsp.it\/index.php\/wp-json\/wp\/v2\/product\/2126"}],"collection":[{"href":"https:\/\/www.srsp.it\/index.php\/wp-json\/wp\/v2\/product"}],"about":[{"href":"https:\/\/www.srsp.it\/index.php\/wp-json\/wp\/v2\/types\/product"}],"wp:featuredmedia":[{"embeddable":true,"href":"https:\/\/www.srsp.it\/index.php\/wp-json\/wp\/v2\/media\/2127"}],"wp:attachment":[{"href":"https:\/\/www.srsp.it\/index.php\/wp-json\/wp\/v2\/media?parent=2126"}],"wp:term":[{"taxonomy":"product_cat","embeddable":true,"href":"https:\/\/www.srsp.it\/index.php\/wp-json\/wp\/v2\/product_cat?post=2126"},{"taxonomy":"product_tag","embeddable":true,"href":"https:\/\/www.srsp.it\/index.php\/wp-json\/wp\/v2\/product_tag?post=2126"}],"curies":[{"name":"wp","href":"https:\/\/api.w.org\/{rel}","templated":true}]}}