{"id":2073,"date":"2022-03-02T20:14:40","date_gmt":"2022-03-02T19:14:40","guid":{"rendered":"https:\/\/www.srsp.it\/?post_type=product&#038;p=2073"},"modified":"2022-04-14T15:21:07","modified_gmt":"2022-04-14T13:21:07","slug":"misc67","status":"publish","type":"product","link":"https:\/\/www.srsp.it\/index.php\/prodotto\/misc67\/","title":{"rendered":"67 &#8211; I fascicoli documentari di Raniero Gatti capitano del popolo di Viterbo"},"content":{"rendered":"<style type=\"text\/css\"><\/style>","protected":false},"excerpt":{"rendered":"<p>Arianna Cervi<br \/>\nI fascicoli documentari di Raniero Gatti capitano del popolo di Viterbo<\/p>\n<p style=\"text-align: justify;\">Il volume contiene l\u2019edizione critica di cinque fascicoli documentari redatti a pi\u00f9 riprese tra il 1258 e il 1266 su esplicito mandato di Raniero Gatti, capitano del Popolo del comune di Viterbo. Tali fascicoli, editi qui per la prima volta, occupano le prime sessantasei carte del primo voluminoso codice delle ben note Margherite viterbesi, nonostante al tempo della loro compilazione fossero del tutto privi di una legatura e quindi autonomi rispetto ai cartulari comunali o ad altri prodotti documentari coevi.<\/p>\n<p style=\"text-align: justify;\">All\u2019edizione \u00e8 premessa un\u2019introduzione storico-diplomatistica, che indaga gli aspetti codicologici e redazionali dei fascicoli editi, le peculiarit\u00e0 formali e contenutistiche che li distinguono da altri <em>quaterni<\/em> contemporanei e infine le motivazioni che furono alla base della loro redazione.<\/p>\n<p style=\"text-align: justify;\">Nel vasto e variegato panorama della documentazione comunale viterbese questi fascicoli sono i soli ad essere stati appositamente ed autonomamente predisposti dall\u2019<em>officium capitanei<\/em> senza che vi fosse alcun intervento direttivo da parte del podest\u00e0 del Comune. A ci\u00f2 si aggiunga anche che Raniero Gatti, promotore di questa particolare operazione documentaria, era una figura di indubbio rilievo e di grande risonanza nello scenario istituzionale di Viterbo, tanto da ricoprire la carica di capitano del Popolo per ben tre volte tra il sesto e il settimo decennio del XIII secolo e da acquisire un grande e duraturo potere politico, ad un tempo personale e popolare.<\/p>\n<p style=\"text-align: justify;\">I fascicoli editi costituiscono dunque un punto di osservazione privilegiato per approfondire le tematiche storiche legate al consolidamento del Popolo in seno al Comune, all\u2019uso strumentale della documentazione comunale da parte della compagine politica popolare e infine al ruolo catalizzatore che in tali processi pu\u00f2 aver avuto un magistrato dalla forte personalit\u00e0 e dalle grandi capacit\u00e0, quale era appunto Raniero Gatti.<\/p>\n<p style=\"text-align: center;\">IL VOLUME \u00c8 STATO REALIZZATO GRAZIE<br \/>\nAL CONTRIBUTO DEL MINISTERO DEI BENI E DELLE ATTIVIT\u00c0 CULTURALI<br \/>\nE DEL TURISMO DIREZIONE GENERALE BIBLIOTECHE E ISTITUTI CULTURALI<\/p>\n<p style=\"text-align: left;\">Collana Miscellanea della Societ\u00e0 romana di storia patria, 67<\/p>\n<p style=\"text-align: left;\">maggio 2017, pp. lxxx, 247<\/p>\n","protected":false},"featured_media":2074,"template":"","meta":[],"product_cat":[22],"product_tag":[],"_links":{"self":[{"href":"https:\/\/www.srsp.it\/index.php\/wp-json\/wp\/v2\/product\/2073"}],"collection":[{"href":"https:\/\/www.srsp.it\/index.php\/wp-json\/wp\/v2\/product"}],"about":[{"href":"https:\/\/www.srsp.it\/index.php\/wp-json\/wp\/v2\/types\/product"}],"wp:featuredmedia":[{"embeddable":true,"href":"https:\/\/www.srsp.it\/index.php\/wp-json\/wp\/v2\/media\/2074"}],"wp:attachment":[{"href":"https:\/\/www.srsp.it\/index.php\/wp-json\/wp\/v2\/media?parent=2073"}],"wp:term":[{"taxonomy":"product_cat","embeddable":true,"href":"https:\/\/www.srsp.it\/index.php\/wp-json\/wp\/v2\/product_cat?post=2073"},{"taxonomy":"product_tag","embeddable":true,"href":"https:\/\/www.srsp.it\/index.php\/wp-json\/wp\/v2\/product_tag?post=2073"}],"curies":[{"name":"wp","href":"https:\/\/api.w.org\/{rel}","templated":true}]}}