{"id":1968,"date":"2022-01-29T17:32:52","date_gmt":"2022-01-29T16:32:52","guid":{"rendered":"https:\/\/www.srsp.it\/?post_type=product&#038;p=1968"},"modified":"2025-04-09T08:21:29","modified_gmt":"2025-04-09T06:21:29","slug":"misc70","status":"publish","type":"product","link":"https:\/\/www.srsp.it\/index.php\/prodotto\/misc70\/","title":{"rendered":"70 &#8211; Da Universitas ad Academia"},"content":{"rendered":"<style type=\"text\/css\"><\/style>","protected":false},"excerpt":{"rendered":"<p style=\"text-align: left;\">Isabella Salvagni<\/p>\n<p style=\"text-align: justify;\">II. La fondazione dell\u2019Accademia de i Pittori e Scultori di Roma nella chiesa dei santi Luca e Martina.<br \/>\nLe professioni artistiche a Roma: istituzioni, sedi, societ\u00e0 (1588-1705)<\/p>\n<p style=\"text-align: justify;\">Il quadro che si delinea non sembra essere cos\u00ec privo di una certa vitalit\u00e0 e tenuta, e il Tevere sembra mantenere la sua funzione di collegamento tra Roma e il mare, come dimostra anche la continuit\u00e0 di vita degli insediamenti alla foce di Ostia e Porto.<\/p>\n<p style=\"text-align: justify;\">Secondo una consolidata tradizione l\u2019Accademia del Disegno dei Pittori, Scultori e Architetti di Roma intitolata a San Luca, \u201cideata\u201d da Girolamo Muziano nel 1577, fu finalmente \u201cfondata\u201d da Federico Zuccari nel 1593. La rilettura storica delle dinamiche intrecciatesi all\u2019interno dell\u2019ambiente artistico romano tra \u2018600 e primissimo \u2018700 modifica l\u2019assunto di tale demiurgica \u201cfondazione\u201d, restituendocene un portato diverso e rivelandoci che essa fu confezionata come operazione propagandistica e trascinata nella letteratura corrente fino ad ora. Ben lontana dall\u2019essere frutto di una o pi\u00f9 iniziative astratte e isolate, la nascita dell\u2019Accademia fu il risultato di ben pi\u00f9 complessi avvenimenti, nonch\u00e9 esito di quel lungo iter di trasformazione che invest\u00ec l\u2019antica \u00abUniversitas pictur\u00e6 ac miniatur\u00e6\u00bb, e che occup\u00f2 interamente il \u2018500, per concludersi e trovare attuazio-ne entro il primo \u2018600. Questo processo composito si riflesse anche e soprattutto nei luoghi di inse-diamento dell\u2019istituzione, che ne tradussero il portato \u2018politico\u2019 in immagine architettonica, proiet-tando quest\u2019ultima alla scala della citt\u00e0, passando inesorabilmente attraverso il tentativo di assoggettare al controllo delle gerarchie ecclesiastiche l\u2019ambiente e la produzione artistica contemporanea, e, non da ultimo, coinvolgendo il sito nel quale l\u2019Accademia sarebbe andata infine ad insediarsi: i fori Romano ed Imperiali, ridisegnati dal nuovo Quartiere dei Pantani e ora connessi alla citt\u00e0.<\/p>\n<p style=\"text-align: justify;\">ISABELLA SALVAGNI.<br \/>\n<em>Storica ed archivista, pi\u00f9 volte libero docente presso universit\u00e0 statali, gi\u00e0 Aiuto-Curatore dell\u2019Archivio Storico dell\u2019Accademia nazionale di San Luca. Ha partecipato a e coordinato gruppi di ricerca, curato l\u2019allestimento di mostre documentarie. Ripetutamente borsista presso enti nazionali, ha affrontato e svolto in collaborazione con universit\u00e0, soprintendenze e istituti culturali italiani e stranieri numerosi studi, confluiti in diverse monografie e saggi editi, tra i quali si ricordano i molteplici contributi sulle origini, le sedi e la storia dell\u2019Accademia di San Luca.<\/em><\/p>\n<p style=\"text-align: center;\">IL VOLUME \u00c8 STATO REALIZZATO GRAZIE AL CONTRIBUTO<br \/>\nDEL MINISTERO PER I BENI E LE ATTIVIT\u00c0 CULTURALI E PER IL TURISMO<br \/>\nDIREZIONE GENERALE BIBLIOTECHE E ISTITUTI CULTURALI<\/p>\n<p style=\"text-align: left;\">Collana Miscellanea della Societ\u00e0 romana di storia patria, 70<\/p>\n<p style=\"text-align: left;\">febbraio 2021, pp. 658<\/p>\n","protected":false},"featured_media":1969,"template":"","meta":[],"product_cat":[22],"product_tag":[],"_links":{"self":[{"href":"https:\/\/www.srsp.it\/index.php\/wp-json\/wp\/v2\/product\/1968"}],"collection":[{"href":"https:\/\/www.srsp.it\/index.php\/wp-json\/wp\/v2\/product"}],"about":[{"href":"https:\/\/www.srsp.it\/index.php\/wp-json\/wp\/v2\/types\/product"}],"wp:featuredmedia":[{"embeddable":true,"href":"https:\/\/www.srsp.it\/index.php\/wp-json\/wp\/v2\/media\/1969"}],"wp:attachment":[{"href":"https:\/\/www.srsp.it\/index.php\/wp-json\/wp\/v2\/media?parent=1968"}],"wp:term":[{"taxonomy":"product_cat","embeddable":true,"href":"https:\/\/www.srsp.it\/index.php\/wp-json\/wp\/v2\/product_cat?post=1968"},{"taxonomy":"product_tag","embeddable":true,"href":"https:\/\/www.srsp.it\/index.php\/wp-json\/wp\/v2\/product_tag?post=1968"}],"curies":[{"name":"wp","href":"https:\/\/api.w.org\/{rel}","templated":true}]}}