{"id":1966,"date":"2022-01-29T17:21:29","date_gmt":"2022-01-29T16:21:29","guid":{"rendered":"https:\/\/www.srsp.it\/?post_type=product&#038;p=1966"},"modified":"2025-04-18T11:24:17","modified_gmt":"2025-04-18T09:24:17","slug":"misc69","status":"publish","type":"product","link":"https:\/\/www.srsp.it\/index.php\/prodotto\/misc69\/","title":{"rendered":"69 &#8211; Il Campidoglio fuori Roma"},"content":{"rendered":"<style type=\"text\/css\"><\/style>","protected":false},"excerpt":{"rendered":"<p style=\"text-align: left;\">Ettore Di Meo<\/p>\n<p style=\"text-align: justify;\">Obiettivo di questo lavoro, sintesi tra dati i noti e le risultanze di una ricerca condotta sulla documentazione proveniente da diversi archivi, \u00e8 stato il tentativo di ricostruire le vicende storiche di esponenti del patriziato romano che hanno ricoperto la carica di podest\u00e0 a Cori &#8211; una delle comunit\u00e0 soggette al Campidoglio &#8211; nell\u2019arco cronologico 1362-1605. Partendo dallo studio dei temi fondamentali di riferimento, come le funzioni, le qualit\u00e0 e le capacit\u00e0 dei podest\u00e0, i criteri di scelta, gli atti di nomina, grazie alla cospicua documentazione esaminata \u00e8 stato anche possibile conoscere diversi aspetti, minuti ma non meno interessanti, della loro vita a Cori, come, ad esempio, la cerimonia di arrivo, la loro residenza, le relazioni che avevano con la realt\u00e0 cittadina, gli aspetti amministrativi che richiedevano la loro attenzione. Il volume \u00e8 completato dalla relativa cronotassi.<\/p>\n<p style=\"text-align: left;\">Collana Miscellanea della Societ\u00e0 romana di storia patria, 69<\/p>\n<p style=\"text-align: left;\">aprile 2018, pp. 258<\/p>\n","protected":false},"featured_media":1967,"template":"","meta":[],"product_cat":[22],"product_tag":[],"_links":{"self":[{"href":"https:\/\/www.srsp.it\/index.php\/wp-json\/wp\/v2\/product\/1966"}],"collection":[{"href":"https:\/\/www.srsp.it\/index.php\/wp-json\/wp\/v2\/product"}],"about":[{"href":"https:\/\/www.srsp.it\/index.php\/wp-json\/wp\/v2\/types\/product"}],"wp:featuredmedia":[{"embeddable":true,"href":"https:\/\/www.srsp.it\/index.php\/wp-json\/wp\/v2\/media\/1967"}],"wp:attachment":[{"href":"https:\/\/www.srsp.it\/index.php\/wp-json\/wp\/v2\/media?parent=1966"}],"wp:term":[{"taxonomy":"product_cat","embeddable":true,"href":"https:\/\/www.srsp.it\/index.php\/wp-json\/wp\/v2\/product_cat?post=1966"},{"taxonomy":"product_tag","embeddable":true,"href":"https:\/\/www.srsp.it\/index.php\/wp-json\/wp\/v2\/product_tag?post=1966"}],"curies":[{"name":"wp","href":"https:\/\/api.w.org\/{rel}","templated":true}]}}