{"id":954,"date":"2021-02-08T12:44:50","date_gmt":"2021-02-08T11:44:50","guid":{"rendered":"http:\/\/www.srsp.it\/?page_id=954"},"modified":"2022-11-05T20:10:34","modified_gmt":"2022-11-05T19:10:34","slug":"campagna_romana-2-2","status":"publish","type":"page","link":"https:\/\/www.srsp.it\/index.php\/campagna_romana-2-2\/","title":{"rendered":"Campagna Romana di Jean Coste ieri e oggi"},"content":{"rendered":"<style type=\"text\/css\"> \n#cmsms_divider_69ed07561e75a { \n\tpadding-top:20px; \n\tmargin-bottom:20px; \n} \n \n#cmsms_row_69ed07561e7b2 .cmsms_row_outer_parent { \n\tpadding-top: 0px; \n} \n\n#cmsms_row_69ed07561e7b2 .cmsms_row_outer_parent { \n\tpadding-bottom: 50px; \n} \n\n \n#cmsms_icon_list_items_69ed07561e973.cmsms_icon_list_items .cmsms_icon_list_item:before { \n\tleft:14px; \n} \n#cmsms_icon_list_items_69ed07561e973.cmsms_icon_list_type_block .cmsms_icon_list_item:before { \n\twidth:2px; \n} \n\n#cmsms_icon_list_items_69ed07561e973 .cmsms_icon_list_icon { \n\tborder-width:2px; \n\twidth:30px; \n\theight:30px; \n\t-webkit-border-radius:50%; \n\t-moz-border-radius:50%; \n\tborder-radius:50%; \n} \n\n#cmsms_icon_list_items_69ed07561e973 .cmsms_icon_list_icon:before { \n\tfont-size:18px; \n\tline-height:26px; \n} \n\n.cmsms_icon_list_items.cmsms_color_type_bg #cmsms_icon_list_item_69ed07561e9d6:hover .cmsms_icon_list_icon { \n\tborder-color:transparent; \n} \n<\/style><div id=\"cmsms_row_69ed07561e3b0\" class=\"cmsms_row cmsms_color_scheme_default\">\n<div class=\"cmsms_row_outer_parent\">\n<div class=\"cmsms_row_outer\">\n<div class=\"cmsms_row_inner\">\n<div class=\"cmsms_row_margin\">\n<div class=\"cmsms_column one_first\" data-animation=\"fadeIn\" data-delay=\"100\">\n<div class=\"cmsms_text\" data-animation=\"fadeInUp\" data-delay=\"300\">\n<p style=\"text-align: center;\"><span style=\"color: #800000;\">PROGETTO<br \/>\n<\/span><span style=\"color: #800000; font-size: 12pt;\">&#8220;<em>PATRIA E IMMAGINI<\/em>&#8220;<\/span><\/p>\n<p style=\"text-align: center;\"><span style=\"color: #800000; font-size: 12pt;\">&#8220;LA <em>CAMPAGNA ROMANA DI JEAN COSTE IERI E OGGI<\/em>&#8220;<\/span><\/p>\n<p style=\"text-align: center;\"><span style=\"font-size: 12pt; color: #800000;\">Il fondo fotografico dell\u2019Archivio Coste presso la Societ\u00e0 Romana di Storia Patria<\/span><\/p>\n<p style=\"text-align: justify;\">Con il 2020 giunge a conclusione il progetto di ricerca \u201cPatria e immagini\u201d, elaborato in collaborazione con la Deputazione Subalpina di Storia Patria e la Societ\u00e0 Napoletana di Storia Patria e promosso dalla Giunta Centrale per gli Studi Storici.<\/p>\n<p style=\"text-align: justify;\">Il progetto \u00e8 nato dalla constatazione che nell\u2019impegno dello Stato unitario per costruire la \u201cNazione\u201d, dopo lo stesso Stato, le Deputazioni e le Societ\u00e0 si preoccuparono di recuperare e tutelare documenti, istituzioni, simboli e immagini. Tale preoccupazione e tale vocazione si sono protratte, ben oltre i decenni successivi all\u2019Unit\u00e0, fino ai nostri giorni, mostrando tutta la vitalit\u00e0 di una tradizione ormai consolidata, volta alla conoscenza e alla conservazione delle identit\u00e0 territoriali.<\/p>\n<p style=\"text-align: justify;\">La Societ\u00e0 romana ha proceduto, per la sua parte di sviluppo del progetto complessivo, alla ricognizione, catalogazione e digitalizzazione del fondo fotografico dell&#8217;Archivio di Jean Coste, illustre medievista e studioso della topografia storica della Campagna Romana (Clermont-Ferrand, 1926 \u2013 Roma, 1994), nonch\u00e9 Consigliere e Segretario della Societ\u00e0 romana. Il fondo fotografico costituisce un patrimonio di grande interesse dal punto di vista scientifico e persino di attualit\u00e0, in quanto le immagini forniscono una testimonianza importante delle profonde mutazioni subite negli ultimi decenni dal territorio del Suburbio e dell\u2019Agro Romano, rendendo talvolta illeggibili le preesistenze archeologiche e storiche.<\/p>\n<p style=\"text-align: justify;\">Le fotografie scattate dallo stesso Coste e dai suoi collaboratori durante le \u201cspedizioni\u201d di ricognizione archeologica e topografica nella Campagna Romana, dal novembre 1964 al giugno 1994, tramandano un\u2019immagine datata e databile di circa duemila soggetti fotografici per un totale di poco meno di tremila e ottocento scatti. Del fondo fotografico dell\u2019<em>Archivio Coste <\/em>\u00e8 stato redatto un inventario analitico ed \u00e8 stata eseguita una sistematica campagna di scansione a cura della Societ\u00e0 romana e dell\u2019Istituto centrale per il catalogo e la documentazione del Ministero della Cultura*. Al suo interno \u00e8 stato selezionato un numero rappresentativo di immagini da porre a confronto con quelle del medesimo soggetto, eseguite nei mesi di ottobre e novembre 2020, nello stesso luogo e con la stessa angolatura.<\/p>\n<p style=\"text-align: justify;\">In particolare, sono stati presi in considerazione sessanta siti fotografati da Jean Coste e dai suoi collaboratori tra il 1965 e il 1983, distribuiti nel settore orientale della Campagna Romana fra le vie Nomentana e Appia. Ci\u00f2 ha permesso, non solo di far conoscere e valorizzare il fondo fotografico, ma anche di fissare, grazie alle nuove immagini realizzate dal fotografo Roberto Nadalin, le tappe dell&#8217;urbanizzazione del territorio romano che hanno inciso in modo particolarmente significativo nel quadro storico e archeologico.<\/p>\n<p style=\"text-align: justify;\">Grazie al contributo del Ministero della Cultura \u00e8 stato possibile pubblicare il volume <em>Jean Coste e la Campagna Romana. Archivio fotografico e nuovi percorsi di ricerca<\/em>, Roma 2022 (Miscellanea della Societ\u00e0 romana di storia patria LXXI) <a href=\"https:\/\/www.srsp.it\/index.php\/prodotto\/71-jean-coste-e-la-campagna-romana\/\">https:\/\/www.srsp.it\/index.php\/prodotto\/71-jean-coste-e-la-campagna-romana\/<\/a> nel quale sono raccolti dodici saggi articolati secondo le seguenti tematiche:<\/p>\n<ul>\n<li>I materiali e il progetto;<\/li>\n<li>Jean Coste studioso e raccoglitore di fotografie;<\/li>\n<li>Jean Coste educatore della giovent\u00f9 negli anni Sessanta attraverso la frequentazione del territorio;<\/li>\n<li>Jean Coste storico del territorio;<\/li>\n<li>La Campagna Romana di Jean Coste e la citt\u00e0 negli ultimi sessanta anni.<\/li>\n<\/ul>\n<p style=\"text-align: justify;\">Oltre all&#8217;opera umana e scientifica dello studioso, si \u00e8 intesa sottolineare la funzione documentaria e divulgativa della fotografia come fonte per la storia del territorio romano nel passato e sino all\u2019epoca contemporanea attraverso la tecnica della &#8216;ripetizione fotografica&#8217;.<\/p>\n<p style=\"text-align: justify;\">Sono state riportate in corsivo le didascalie originali delle singole fotografie stilate dallo stesso Coste, insieme alla data, sul <em>verso<\/em> della stampa di esse. A tal proposito, va tenuto presente che i nomi dei luoghi sono riportati nella forma locale allora in uso e possono in tal modo risultare &#8216;decontestualizzati&#8217; rispetto alla successiva urbanizzazione: per offrire la possibilit\u00e0 di localizzare pi\u00f9 chiaramente sia i luoghi fotografati da Jean Coste durante le sue spedizioni qui riportati sia quelli raffigurati nelle immagini pubblicate all\u2019interno del volume \u00e8 stata realizzata una mappa interattiva. In aggiunta, per ciascun soggetto si \u00e8 ritenuto utile fornire un elenco, indicato fra parentesi, degli ulteriori scatti ad esso relativi conservati nel fondo fotografico. In qualche caso sono stati riportati alcuni passi significativi, ricavati dai diari che lo studioso era solito compilare in lingua italiana al ritorno dalle sue \u201cspedizioni\u201d realizzate con regolarit\u00e0 nei giorni festivi (Taccuini).<\/p>\n<address style=\"text-align: justify;\"><sub>*La campagna di scansione \u00e8 stata realizzata grazie al contributo della Regione Lazio Direzione Regionale Cultura e Politiche Giovanili, Area Servizi Culturali, Promozione della Lettura e Osservatorio della Cultura. Piano annuale 2019.<\/sub><\/address>\n<\/div>\n<div class=\"cmsms_text\">\n<iframe loading=\"lazy\" src=\"https:\/\/www.google.com\/maps\/d\/embed?mid=1fSIvwMtPZYtQik7aM7IM3yXYQwyFOntZ&amp;ehbc=2E312F\" width=\"1900px\" height=\"480px\"><\/iframe>\n<\/div>\n<div class=\"cmsms_text\">\n<p style=\"text-align: center;\"><span style=\"color: #800000; font-size: 14pt;\">Mappa dei siti<\/span><\/p>\n<p style=\"text-align: center;\"><span style=\"color: #800000; font-size: 14pt;\"><img src=\"https:\/\/www.srsp.it\/images\/TorreRossa.png\" \/>\u00a0 <span style=\"color: #ff0000;\">siti ri-fotografati<\/span><br \/>\n<img src=\"https:\/\/www.srsp.it\/images\/TorreBlu.png\" \/>\u00a0 <span style=\"color: #0000ff;\">altri siti visitati da Jean Coste<\/span><br \/>\n<\/span><\/p>\n<\/div>\n<div class=\"cmsms_text\">\n<p style=\"text-align: center;\"><a name=\"Elenco\"><\/a><\/p>\n<hr \/>\n<\/div>\n<div class=\"cmsms_text\">\n<p style=\"text-align: center;\"><span style=\"color: #800000; font-size: 14pt;\">ELENCO DEI SITI FOTOGRAFATI<\/span><\/p>\n<p style=\"text-align: center;\">(click sulla zona per vedere le fotografie)<\/p>\n<\/div>\n<div id=\"cmsms_divider_69ed07561e75a\" class=\"cmsms_divider solid\"><\/div>\n<\/div>\n<\/div>\n<\/div>\n<\/div>\n<\/div>\n<\/div>\n<div id=\"cmsms_row_69ed07561e7b2\" class=\"cmsms_row cmsms_color_scheme_default\">\n<div class=\"cmsms_row_outer_parent\">\n<div class=\"cmsms_row_outer\">\n<div class=\"cmsms_row_inner\">\n<div class=\"cmsms_row_margin\">\n<div class=\"cmsms_column one_first\" data-animation=\"fadeInUp\" data-delay=\"50\">\n \n<ul id=\"cmsms_icon_list_items_69ed07561e973\" class=\"cmsms_icon_list_items cmsms_icon_list_type_block cmsms_icon_list_pos_left cmsms_color_type_bg\" data-animation=\"fadeIn\" data-delay=\"350\"><li id=\"cmsms_icon_list_item_69ed07561e9d6\" class=\"cmsms_icon_list_item\">\n<div class=\"cmsms_icon_list_item_inner\">\n<div class=\"cmsms_icon_list_icon_wrap\">\n<span class=\"cmsms_icon_list_icon cmsms-icon-location-7\"><\/span>\n<\/div>\n<div class=\"cmsms_icon_list_item_content\">\n<h3 class=\"cmsms_icon_list_item_title\">Tutte le zone<\/h3>\n<div class=\"cmsms_icon_list_item_text\">\n<p><span style=\"font-size: 16pt;\"><a href=\"cr-jc-at#Elenco\">APPIA-TUSCOLANA<\/a><\/span><\/p>\n<p><span style=\"font-size: 16pt;\"><a href=\"cr-jc-ca#Elenco\">CASILINA<\/a><\/span><\/p>\n<p><span style=\"font-size: 16pt;\"><a href=\"cr-jc-co#Elenco\">COLLATINA<\/a><\/span><\/p>\n<p><span style=\"font-size: 16pt;\"><a href=\"cr-jc-np#Elenco\">NOMENTANA-PALOMBARESE<\/a><\/span><\/p>\n<p><span style=\"font-size: 16pt;\"><a href=\"cr-jc-pr#Elenco\">PRENESTINA<\/a><\/span><\/p>\n<p><span style=\"font-size: 16pt;\"><a href=\"cr-jc-ti#Elenco\">TIBURTINA<\/a><\/span><\/p>\n<\/div>\n<\/div>\n<\/div>\n<\/li><\/ul>\n<\/div>\n<\/div>\n<\/div>\n<\/div>\n<\/div>\n<\/div>\n\n","protected":false},"excerpt":{"rendered":"","protected":false},"author":1,"featured_media":0,"parent":0,"menu_order":0,"comment_status":"closed","ping_status":"closed","template":"","meta":[],"_links":{"self":[{"href":"https:\/\/www.srsp.it\/index.php\/wp-json\/wp\/v2\/pages\/954"}],"collection":[{"href":"https:\/\/www.srsp.it\/index.php\/wp-json\/wp\/v2\/pages"}],"about":[{"href":"https:\/\/www.srsp.it\/index.php\/wp-json\/wp\/v2\/types\/page"}],"author":[{"embeddable":true,"href":"https:\/\/www.srsp.it\/index.php\/wp-json\/wp\/v2\/users\/1"}],"replies":[{"embeddable":true,"href":"https:\/\/www.srsp.it\/index.php\/wp-json\/wp\/v2\/comments?post=954"}],"version-history":[{"count":116,"href":"https:\/\/www.srsp.it\/index.php\/wp-json\/wp\/v2\/pages\/954\/revisions"}],"predecessor-version":[{"id":2637,"href":"https:\/\/www.srsp.it\/index.php\/wp-json\/wp\/v2\/pages\/954\/revisions\/2637"}],"wp:attachment":[{"href":"https:\/\/www.srsp.it\/index.php\/wp-json\/wp\/v2\/media?parent=954"}],"curies":[{"name":"wp","href":"https:\/\/api.w.org\/{rel}","templated":true}]}}