{"id":498,"date":"2018-05-24T23:45:02","date_gmt":"2018-05-24T21:45:02","guid":{"rendered":"http:\/\/www.srsp.it\/?page_id=498"},"modified":"2025-10-10T15:29:25","modified_gmt":"2025-10-10T13:29:25","slug":"fondi-bibliografici","status":"publish","type":"page","link":"https:\/\/www.srsp.it\/index.php\/fondi-bibliografici\/","title":{"rendered":"Fondi Bibliografici"},"content":{"rendered":"<style type=\"text\/css\"><\/style><div id=\"cmsms_row_69de6e8783aed\" class=\"cmsms_row cmsms_color_scheme_default\">\n<div class=\"cmsms_row_outer_parent\">\n<div class=\"cmsms_row_outer\">\n<div class=\"cmsms_row_inner\">\n<div class=\"cmsms_row_margin\">\n<div class=\"cmsms_column one_first\">\n<div class=\"cmsms_text\" data-animation=\"fadeIn\" data-delay=\"100\">\n<p>La Societ\u00e0 romana di storia patria, insediata nel borrominiano ex Convento dei Filippini alla Chiesa Nuova dal 15 dicembre 1883, nell\u2019aprile del 1884 ottenne la personalit\u00e0 giuridica, circostanza che consent\u00ec al Ministro della Pubblica Istruzione di affidare la Biblioteca Vallicelliana alla Societ\u00e0 romana di storia patria, al fine di salvaguardarne l\u2019integrit\u00e0, messa in serio pericolo dal programmato trasferimento alla Biblioteca Nazionale Centrale.<\/p>\n<p>Da allora fino al 1946 i Fondi Vallicelliani furono gestiti dalla Societ\u00e0; nel 1946 fu conclusa una nuova convenzione con la Biblioteca Vallicelliana: i rapporti tra i due Istituti, pur nel permanere di una funzionale interdipendenza, furono diversamente disciplinati: la gestione dei fondi vallicelliani, prima demandata alla Societ\u00e0, torn\u00f2 alla Biblioteca e ad essa venne anche affidata la fruizione pubblica delle raccolte della Societ\u00e0.<\/p>\n<p>La Biblioteca Vallicelliana nel 1986 richiese che fosse rivista la convenzione, che dal 1946 regolava i rapporti tra la Biblioteca stessa e la Societ\u00e0: il 15 maggio 1996 verr\u00e0 firmata dalle parti\u00a0<a href=\"http:\/\/www.srsp.it\/documents\/Convenzione%20Vallicelliana.pdf\">una nuova convenzione<\/a>\u00a0che \u00e8 tuttora in vigore.<\/p>\n<p>I volumi della Societ\u00e0 sono di pubblica consultazione, con i rispettivi cataloghi, presso la Biblioteca Vallicelliana che per la convenzione si occupa della fruizione al pubblico.<\/p>\n<p>La Societ\u00e0 romana partecipa dal 1996 al Servizio Bibliotecario Nazionale (SBN); \u00e8 quindi possibile reperire on line le informazioni relative alle monografie da allora acquisite e ai periodici correnti. Inoltre sono stati inseriti in SBN anche i periodici estinti con l\u2019indicazione della relativa consistenza.<\/p>\n<p><strong>Codice ISIL: IT-RM0249\u00a0\u00a0\u00a0\u00a0\u00a0\u00a0\u00a0\u00a0\u00a0\u00a0\u00a0\u00a0 Codice SBN: RML11<\/strong><\/p>\n<p><strong>Catalogo cartaceo<\/strong>:\u00a0\u00a0 Si\u00a0\u00a0\u00a0\u00a0\u00a0\u00a0 <strong>Catalogo informatizzato<\/strong>: Si<\/p>\n<p><strong>Per autore<\/strong>: Si\u00a0\u00a0\u00a0\u00a0\u00a0\u00a0\u00a0\u00a0\u00a0\u00a0\u00a0\u00a0 <strong>Per soggetto<\/strong>: Si<\/p>\n<p><strong>OPAC Nazionale<\/strong>: <a href=\"http:\/\/www.sbn.it\/opacsbn\/opac\/iccu\/informazioni.jsp\" target=\"_blank\" rel=\"noopener\">http:\/\/www.sbn.it\/opacsbn\/opac\/iccu\/informazioni.jsp<\/a><\/p>\n<p>Percentuale dei volumi catalogati sul posseduto: 100% tra cataloghi cartacei e informatizzati.<\/p>\n<p>Attualmente il patrimonio bibliografico della Societ\u00e0, consistente in circa 44.550 unit\u00e0 bibliografiche, \u00e8 costituito da periodici, collane e singoli volumi, specialmente relativi alla storia culturale, economica, sociale, artistica e istituzionale di Roma e del Lazio.<\/p>\n<p>I periodici, le collane e le monografie correnti vengono acquisiti grazie ad una costante e ricca attivit\u00e0 editoriale che vanta lo scambio con riviste e pubblicazioni edite dai pi\u00f9 importanti istituti di cultura italiani ed europei cos\u00ec suddivise: Periodici n. 470; Collane n. 200; Fondo Sociale n. 4.070 circa.<\/p>\n<p style=\"text-align: center;\"><strong>Fondo Bibliografico Rodolfo Bonfiglietti<\/strong><\/p>\n<p>Nel 1929 la Societ\u00e0 venne in possesso, per dono testamentario, della biblioteca del socio ing. Rodolfo Bonfiglietti: una ricca raccolta di volumi concernenti specialmente la topografia e storia di Roma nel medioevo e un importante nucleo di monografie riguardanti l\u2019architettura di Roma.<\/p>\n<p>Il Fondo \u00e8 composto da circa 2.624 unit\u00e0 bibliografiche, \u00e8 provvisto di un catalogo topografico e per autore e si \u00e8 provveduto al suo inserimento in SBN.<\/p>\n<p style=\"text-align: center;\"><strong>Fondo Bibliografico Ugo Balzani<\/strong><\/p>\n<p>Nel 1919 le figlie del conte Ugo Balzani, Presidente della Societ\u00e0 dal gennaio 1891 al gennaio 1895 e dal novembre 1897 al maggio 1907, donarono alla Societ\u00e0 la biblioteca paterna, ricca di opere inglesi relative alla storia d\u2019Italia. Negli anni successivi le eredi donarono annualmente una cospicua somma di denaro in modo da permettere alla Societ\u00e0 il completamento delle collezioni.<\/p>\n<p>Il Fondo conta circa 4.185 unit\u00e0 bibliografiche: \u00e8 provvisto di un catalogo topografico e per autore ed \u00e8 in atto l\u2019inserimento in SBN.<\/p>\n<p style=\"text-align: center;\"><strong>Fondo Bibliografico Oreste Tommasini<\/strong><\/p>\n<p>Nel 1920, dopo la morte del senatore Oreste Tommasini, studioso di storia di Roma nel Medioevo e nel Rinascimento e Presidente della Societ\u00e0 dal novembre 1883 al gennaio 1891 e dal gennaio 1895 al novembre 1897, i figli donano alla Societ\u00e0 romana di storia patria la sua ricca biblioteca, costituita principalmente da opere dei secoli XIX-XX e da alcune edizioni dei secoli XVII-XVIII.<\/p>\n<p>Il Fondo consta di circa 10.140 unit\u00e0 bibliografiche: \u00e8 provvisto di un catalogo topografico e per autore ed \u00e8 in atto l\u2019inserimento in SBN.<\/p>\n<p>La Societ\u00e0 romana di storia patria gestisce direttamente l\u2019incremento, l\u2019inventariazione, la catalogazione e l\u2019inserimento in SBN di tutto il proprio patrimonio corrente e pregresso.<\/p>\n<p style=\"text-align: center;\">REGOLAMENTO INTERNO DELLA BIBLIOTECA<\/p>\n<p>Scarica da <a href=\"https:\/\/www.srsp.it\/documents\/RegolamentoBiblioteca.doc.pdf\" target=\"_blank\" rel=\"noopener\">qui il Regolamento interno della Biblioteca<\/a><\/p>\n<p>&nbsp;<\/p>\n<\/div>\n<\/div>\n<\/div>\n<\/div>\n<\/div>\n<\/div>\n<\/div>\n\n","protected":false},"excerpt":{"rendered":"","protected":false},"author":1,"featured_media":0,"parent":0,"menu_order":0,"comment_status":"closed","ping_status":"closed","template":"","meta":[],"_links":{"self":[{"href":"https:\/\/www.srsp.it\/index.php\/wp-json\/wp\/v2\/pages\/498"}],"collection":[{"href":"https:\/\/www.srsp.it\/index.php\/wp-json\/wp\/v2\/pages"}],"about":[{"href":"https:\/\/www.srsp.it\/index.php\/wp-json\/wp\/v2\/types\/page"}],"author":[{"embeddable":true,"href":"https:\/\/www.srsp.it\/index.php\/wp-json\/wp\/v2\/users\/1"}],"replies":[{"embeddable":true,"href":"https:\/\/www.srsp.it\/index.php\/wp-json\/wp\/v2\/comments?post=498"}],"version-history":[{"count":10,"href":"https:\/\/www.srsp.it\/index.php\/wp-json\/wp\/v2\/pages\/498\/revisions"}],"predecessor-version":[{"id":4185,"href":"https:\/\/www.srsp.it\/index.php\/wp-json\/wp\/v2\/pages\/498\/revisions\/4185"}],"wp:attachment":[{"href":"https:\/\/www.srsp.it\/index.php\/wp-json\/wp\/v2\/media?parent=498"}],"curies":[{"name":"wp","href":"https:\/\/api.w.org\/{rel}","templated":true}]}}