{"id":4041,"date":"2025-04-04T16:36:56","date_gmt":"2025-04-04T14:36:56","guid":{"rendered":"https:\/\/www.srsp.it\/?page_id=4041"},"modified":"2025-04-18T16:49:22","modified_gmt":"2025-04-18T14:49:22","slug":"archivio-cap-com-rieti","status":"publish","type":"page","link":"https:\/\/www.srsp.it\/index.php\/archivio-cap-com-rieti\/","title":{"rendered":"Archivio Capitolare e Comunale di Rieti"},"content":{"rendered":"<style type=\"text\/css\"> \n#cmsms_row_69d596ddc7831 .cmsms_row_outer_parent { \n\tpadding-top: 0px; \n} \n\n#cmsms_row_69d596ddc7831 .cmsms_row_outer_parent { \n\tpadding-bottom: 50px; \n} \n\n \n#cmsms_divider_69d596ddc7df0 { \n\tpadding-top:0px; \n\tmargin-bottom:5px; \n} \n \n#cmsms_row_69d596ddc7ea8 .cmsms_row_outer_parent { \n\tpadding-top: 0px; \n} \n\n#cmsms_row_69d596ddc7ea8 .cmsms_row_outer_parent { \n\tpadding-bottom: 50px; \n} \n\n<\/style><div id=\"cmsms_row_69d596ddc7831\" class=\"cmsms_row cmsms_color_scheme_default\">\n<div class=\"cmsms_row_outer_parent\">\n<div class=\"cmsms_row_outer\">\n<div class=\"cmsms_row_inner\">\n<div class=\"cmsms_row_margin\">\n<div class=\"cmsms_column one_third\" data-animation=\"fadeInUp\" data-delay=\"100\">\n<div class=\"cmsms_text\" data-animation=\"fadeInUp\" data-delay=\"150\">\n<p style=\"text-align: justify;\"><span style=\"color: #800000; font-size: 16px;\"><br \/>\nLa Societ\u00e0 Romana di Storia Patria, da sempre impegnata nella valorizzazione e nella conservazione del patrimonio storico e culturale italiano, ha avviato un progetto di digitalizzazione dei documenti storici custoditi nell&#8217;Archivio Capitolare di Rieti.<br \/>\n<\/span><\/p>\n<p style=\"text-align: justify;\"><span style=\"color: #800000; font-size: 16px;\">Questo progetto si propone di rendere accessibili online documenti risalenti a un lungo periodo della storia della penisola italiana, dal 922 al 1464, che offrono una finestra unica sulla vita sociale, religiosa e politica dell&#8217;epoca.<\/span><\/p>\n<p style=\"text-align: justify;\"><span style=\"color: #800000; font-size: 16px;\"> L&#8217;obiettivo principale di questo progetto \u00e8 duplice: da un lato, preservare i documenti originali attraverso la creazione di copie digitali di alta qualit\u00e0; dall&#8217;altro, rendere questi materiali accessibili a un pubblico pi\u00f9 ampio, facilitando la ricerca e la consultazione da parte di studiosi, studenti e appassionati di storia. <\/span><\/p>\n<p style=\"text-align: justify;\"><span style=\"color: #800000; font-size: 16px;\">I documenti oggetto di digitalizzazione sono conservati nella fototeca Pierre Toubert della Societ\u00e0 Romana di Storia Patria. <\/span><\/p>\n<p style=\"text-align: justify;\"><span style=\"color: #800000; font-size: 16px;\">Questa fototeca \u00e8 un&#8217;importante risorsa per la ricerca storica, contenente una vasta collezione di immagini e documenti che raccontano la storia di Roma e del suo territorio.<\/span><\/p>\n<p style=\"text-align: justify;\"><span style=\"color: #800000; font-size: 16px;\">La scelta di digitalizzare i documenti dell&#8217;Archivio Capitolare e Comunale di Rieti si inserisce in un contesto pi\u00f9 ampio di valorizzazione del patrimonio culturale locale, contribuendo a una maggiore conoscenza e apprezzamento della storia reatina.<\/span><\/p>\n<\/div>\n<\/div>\n<div class=\"cmsms_column two_third\" data-animation=\"fadeInUp\" data-delay=\"50\">\n<div class=\"custom_html\">\n<iframe width=\"100%\"  height=\"965px\" src=\"https:\/\/www.srsp.it\/archivio_Rieti.asp\" title=\"\" frameborder=\"0\"><\/iframe>\n<\/div>\n<div id=\"cmsms_divider_69d596ddc7df0\" class=\"cmsms_divider solid\"><\/div>\n<div class=\"cmsms_text\">\n<p style=\"text-align: center;\"><span style=\"color: #800000;\">Informazioni per l&#8217;utilizzo<br \/>\n<\/span><\/p>\n<p style=\"text-align: center;\"><span style=\"color: #800000;\"><span style=\"color: #ff0000;\">Se state visualizzando la pagina tramite cellulare consigliamo di ruotarlo in orizzontale<\/span><\/span><\/p>\n<p style=\"text-align: center;\"><span style=\"color: #800000;\">E&#8217; possibile ricercare i documenti in pi\u00f9 modi digitando interamente o parzialmente nei campi predisposti:<\/span><br \/>\n<span style=\"color: #800000;\">la <span style=\"color: #ff0000;\">DATA<\/span> (se completa nel formato aaaa.mm.gg)<br \/>\n<\/span><span style=\"color: #800000;\">il <span style=\"color: #ff0000;\">NUMERO INVENTARIO della FOTOTECA TOUBERT<br \/>\n<\/span><\/span><span style=\"color: #800000;\">l&#8217;<span style=\"color: #ff0000;\">ARMADIO <span style=\"color: #800000;\">ed il <span style=\"color: #ff0000;\">FASCICOLO<\/span><\/span><\/span><br \/>\n<\/span><span style=\"color: #800000;\">Immettendo un valore di ricerca in pi\u00f9 campi contemporaneamente i documenti risultanti avranno <span style=\"color: #ff0000;\">tutti<\/span> i requisiti richiesti.<br \/>\nN.B. alcuni documenti presentano delle annotazioni visibili soffermandosi con il mouse sulla <em>data<\/em>.<br \/>\n<\/span><span style=\"color: #800000;\">Per <span style=\"color: #ff0000;\">visualizzare<\/span> l&#8217;immagine di un documento presente nell&#8217;elenco si potr\u00e0 cliccare sulla relativa data oppure sull&#8217;anteprima.<br \/>\n<\/span><span style=\"color: #800000;\"><br \/>\n<\/span><\/p>\n<\/div>\n<\/div>\n<\/div>\n<\/div>\n<\/div>\n<\/div>\n<\/div>\n<div id=\"cmsms_row_69d596ddc7ea8\" class=\"cmsms_row cmsms_color_scheme_default\">\n<div class=\"cmsms_row_outer_parent\">\n<div class=\"cmsms_row_outer\">\n<div class=\"cmsms_row_inner\">\n<div class=\"cmsms_row_margin\">\n<div class=\"cmsms_column one_first\">\n<\/div>\n<\/div>\n<\/div>\n<\/div>\n<\/div>\n<\/div>\n\n","protected":false},"excerpt":{"rendered":"","protected":false},"author":1,"featured_media":0,"parent":0,"menu_order":0,"comment_status":"closed","ping_status":"closed","template":"","meta":[],"_links":{"self":[{"href":"https:\/\/www.srsp.it\/index.php\/wp-json\/wp\/v2\/pages\/4041"}],"collection":[{"href":"https:\/\/www.srsp.it\/index.php\/wp-json\/wp\/v2\/pages"}],"about":[{"href":"https:\/\/www.srsp.it\/index.php\/wp-json\/wp\/v2\/types\/page"}],"author":[{"embeddable":true,"href":"https:\/\/www.srsp.it\/index.php\/wp-json\/wp\/v2\/users\/1"}],"replies":[{"embeddable":true,"href":"https:\/\/www.srsp.it\/index.php\/wp-json\/wp\/v2\/comments?post=4041"}],"version-history":[{"count":6,"href":"https:\/\/www.srsp.it\/index.php\/wp-json\/wp\/v2\/pages\/4041\/revisions"}],"predecessor-version":[{"id":4062,"href":"https:\/\/www.srsp.it\/index.php\/wp-json\/wp\/v2\/pages\/4041\/revisions\/4062"}],"wp:attachment":[{"href":"https:\/\/www.srsp.it\/index.php\/wp-json\/wp\/v2\/media?parent=4041"}],"curies":[{"name":"wp","href":"https:\/\/api.w.org\/{rel}","templated":true}]}}