{"id":3703,"date":"2024-10-05T18:34:52","date_gmt":"2024-10-05T16:34:52","guid":{"rendered":"https:\/\/www.srsp.it\/?page_id=3703"},"modified":"2024-10-09T16:15:18","modified_gmt":"2024-10-09T14:15:18","slug":"archivio-decupis","status":"publish","type":"page","link":"https:\/\/www.srsp.it\/index.php\/archivio-decupis\/","title":{"rendered":"Il Fondo Cesare De Cupis"},"content":{"rendered":"<style type=\"text\/css\"> \n#cmsms_row_69de37ce969d4 .cmsms_row_outer_parent { \n\tpadding-top: 0px; \n} \n\n#cmsms_row_69de37ce969d4 .cmsms_row_outer_parent { \n\tpadding-bottom: 50px; \n} \n\n \n#cmsms_tabs_list_item_69de37ce96c97 a:hover,#cmsms_tabs_list_item_69de37ce96c97.current_tab a { \n\tbackground-color:#7f263c; \n\tborder-color:#7f263c; \n} \n\n#cmsms_tabs_list_item_69de37ce96d48 a:hover,#cmsms_tabs_list_item_69de37ce96d48.current_tab a { \n\tbackground-color:#7f263c; \n\tborder-color:#7f263c; \n} \n \n#cmsms_row_69de37ce96de2 .cmsms_row_outer_parent { \n\tpadding-top: 0px; \n} \n\n#cmsms_row_69de37ce96de2 .cmsms_row_outer_parent { \n\tpadding-bottom: 50px; \n} \n\n<\/style><div id=\"cmsms_row_69de37ce969d4\" class=\"cmsms_row cmsms_color_scheme_default\">\n<div class=\"cmsms_row_outer_parent\">\n<div class=\"cmsms_row_outer\">\n<div class=\"cmsms_row_inner\">\n<div class=\"cmsms_row_margin\">\n<div class=\"cmsms_column one_first\">\n \n<div class=\"cmsms_tabs tabs_mode_tab\" data-animation=\"fadeInUp\" data-delay=\"100\">\n<ul class=\"cmsms_tabs_list\">\n<li id=\"cmsms_tabs_list_item_69de37ce96c97\" class=\"cmsms_tabs_list_item current_tab\">\n<a href=\"#\" class=\"cmsms-icon-note-1\">\n<span>Presentazione del Progetto<\/span>\n<\/a>\n<\/li><li id=\"cmsms_tabs_list_item_69de37ce96d48\" class=\"cmsms_tabs_list_item\">\n<a href=\"#\" class=\"cmsms-icon-search-7\">\n<span>Ricerche<\/span>\n<\/a>\n<\/li><\/ul>\n<div class=\"cmsms_tabs_wrap\">\n<div id=\"cmsms_tab_69de37ce96c97\" class=\"cmsms_tab active_tab\">\n<div class=\"cmsms_tab_inner\">\n<p style=\"text-align: justify;\"><span style=\"color: #800000; font-family: Verdana; font-size: medium;\">Il fondo, di propriet\u00e0 dell\u2019Accademia Nazionale di San Luca per lascito testamentario, raccoglie le carte di Cesare De Cupis (1845-1928), bibliofilo, storico e studioso di Roma e della Campagna Romana nonch\u00e9 socio della Societ\u00e0 romana di storia patria dal 1925. Il Fondo \u00e8 depositato presso la Societ\u00e0 romana di storia patria dal 1976. Composto di circa 40.000 carte, suddivise in 46 faldoni, contiene intere trascrizioni, regesti, copie o sintesi di documenti con i corrispondenti rinvii archivistici e bibliografici, tratti dai pi\u00f9 importanti complessi documentali italiani e in particolare dagli archivi Santacroce, Colonna, \u00a0Orsini, Archivio segreto vaticano, Archivio di Stato di Roma e Archivio capitolino, oltre a meno noti archivi locali e comunali. Il fondo \u00e8 composto di materiale eterogeneo (testi manoscritti, dattiloscritti e a stampa, fotografie, carte topografiche, ritagli di giornale, corrispondenza) relativo a diversi casati urbani, alla storia di Roma e della Campagna romana dall\u2019origine, al Medioevo all\u2019et\u00e0 contemporanea.<\/span><\/p>\n<p style=\"text-align: justify;\"><span style=\"color: #800000; font-family: Verdana; font-size: medium;\">Sebbene parte dei documenti raccolti e citati dal De Cupis siano nel tempo giunti a conoscenza di studiosi e ricercatori di tutto il mondo, il corpus dell\u2019archivio costituisce una importante traccia del modo in cui operava un ricercatore di grande spessore nel secolo scorso, senza strumenti digitali ma con una analiticit\u00e0 e una precisione degni di rappresentare un modello per chiunque si avvicini alla ricerca storica, genealogica, araldica, sociale e politica.<\/span><\/p>\n<p style=\"text-align: justify;\"><span style=\"color: #800000; font-family: Verdana; font-size: medium;\">Per questo motivo, come prototipo di un pi\u00f9 ampio lavoro, comprensivo di tutto il materiale conservato, \u00e8 nato questo progetto di digitalizzazione di quattro serie e diverse sottoserie dedicate alla ricostruzione della storia e genealogia della famiglia De Cupis e della biografia di Cesare, con fondamentali notizie relative al rapporto tra i De Cupis, gli Orsini, i Colonna, i Santacroce e i feudi della Campagna romana. Una particolare importanza emersa dalle fonti digitalizzate \u00e8 relativa al grande palazzo di famiglia, edificato tra via dell\u2019Anima e piazza Navona, gi\u00e0 propriet\u00e0 del cardinale Giovanni Domenico De Cupis.<\/span><\/p>\n<p style=\"text-align: justify;\"><span style=\"color: #800000; font-family: Verdana; font-size: medium;\">In questa prima fase del progetto e con il fine di costruire un modello da proseguire si \u00e8 provveduto alla digitalizzazione, metadatazione e inserimento sul sito web di 3.000 unit\u00e0 inventariali relative alla B. 1 \u201cFamiglia De Cupis\u201d (1383-1928); BB. 3-4 \u201cArchivio Santacroce\u201d (XIII-XIX sec.); BB. 43-45 \u201cMemorie storico-economiche dell\u2019Agro romano\u201d (IV-XX sec.).<\/span><\/p>\n<p style=\"text-align: justify;\"><span style=\"color: #800000; font-family: Verdana; font-size: medium;\">Si segnala che la documentazione relativa alla \u201cFamiglia de Cupis\u201d \u00e8 in gran parte inedita e di grande pregio; la documentazione proveniente dall\u2019 \u201cArchivio Santacroce\u201d \u00e8 conservata con inventario cartaceo presso l\u2019ASR; le pergamene del casato Orsini sono oggi digitalizzate nel \u201cBollettino della Regia Deputazione di Storia patria per l\u2019Umbria\u201d (<a href=\"https:\/\/dspu.it\/\" target=\"_blank\" rel=\"noopener\">https:\/\/dspu.it\/<\/a>) e nei fondi dell\u2019Archivio capitolino da poco tempo messi in consultazione digitale (<a href=\"http:\/\/www.archiviocapitolinorisorsedigitali.it\/\" target=\"_blank\" rel=\"noopener\">http:\/\/www.archiviocapitolinorisorsedigitali.it\/<\/a>).<br \/>\nInoltre si segnala che Cesare De Cupis don\u00f2 parte della sua collezione anche all&#8217;ASR. Tale documentazione \u00e8 oggi confluita nel fondo Raccolte e Miscellanee Acquisti e doni, p. 1266 dell&#8217;inventario cartaceo presente in sala.<br \/>\n<\/span><\/p>\n<p style=\"text-align: center;\"><img class=\"aligncenter\" src=\"https:\/\/srsp.it\/images\/RegioneL.jpg\" \/><\/p>\n<p style=\"text-align: justify;\"><span style=\"color: #800000; font-family: Verdana; font-size: medium;\">Il progetto di digitalizzazione, metadatazione e il restyling del sito della Societ\u00e0 sono stati realizzati con il contributo della Regione Lazio, Direzione Cultura e Lazio Creativo, Area Servizi Culturali e Promozione della Lettura, L.R. n. 24\/2019, Piano 2023.<\/span><\/p>\n<\/div>\n<\/div><div id=\"cmsms_tab_69de37ce96d48\" class=\"cmsms_tab\">\n<div class=\"cmsms_tab_inner\">\n<div style=\"text-align: center; border: 0; width: 100%; height: 100%; padding: 0px;\"><iframe style=\"display: block; margin: 0 auto; width: 100%; height: 2000px; padding: 0px;\" title=\"\" src=\"https:\/\/www.srsp.it\/archivio_DeCupis.asp\" name=\"ricerca\" frameborder=\"0\" scrolling=\"auto\"><\/iframe><\/div>\n<\/div>\n<\/div><\/div>\n<\/div>\n<\/div>\n<\/div>\n<\/div>\n<\/div>\n<\/div>\n<\/div>\n<div id=\"cmsms_row_69de37ce96de2\" class=\"cmsms_row cmsms_color_scheme_default\">\n<div class=\"cmsms_row_outer_parent\">\n<div class=\"cmsms_row_outer\">\n<div class=\"cmsms_row_inner\">\n<div class=\"cmsms_row_margin\">\n<div class=\"cmsms_column one_first\">\n<p><\/p>\n<\/div>\n<\/div>\n<\/div>\n<\/div>\n<\/div>\n<\/div>\n\n","protected":false},"excerpt":{"rendered":"","protected":false},"author":1,"featured_media":0,"parent":0,"menu_order":0,"comment_status":"closed","ping_status":"closed","template":"","meta":[],"_links":{"self":[{"href":"https:\/\/www.srsp.it\/index.php\/wp-json\/wp\/v2\/pages\/3703"}],"collection":[{"href":"https:\/\/www.srsp.it\/index.php\/wp-json\/wp\/v2\/pages"}],"about":[{"href":"https:\/\/www.srsp.it\/index.php\/wp-json\/wp\/v2\/types\/page"}],"author":[{"embeddable":true,"href":"https:\/\/www.srsp.it\/index.php\/wp-json\/wp\/v2\/users\/1"}],"replies":[{"embeddable":true,"href":"https:\/\/www.srsp.it\/index.php\/wp-json\/wp\/v2\/comments?post=3703"}],"version-history":[{"count":27,"href":"https:\/\/www.srsp.it\/index.php\/wp-json\/wp\/v2\/pages\/3703\/revisions"}],"predecessor-version":[{"id":3740,"href":"https:\/\/www.srsp.it\/index.php\/wp-json\/wp\/v2\/pages\/3703\/revisions\/3740"}],"wp:attachment":[{"href":"https:\/\/www.srsp.it\/index.php\/wp-json\/wp\/v2\/media?parent=3703"}],"curies":[{"name":"wp","href":"https:\/\/api.w.org\/{rel}","templated":true}]}}