{"id":1684,"date":"2021-05-14T16:42:15","date_gmt":"2021-05-14T14:42:15","guid":{"rendered":"http:\/\/www.srsp.it\/?page_id=1684"},"modified":"2021-12-06T20:41:27","modified_gmt":"2021-12-06T19:41:27","slug":"miscellanea-70","status":"publish","type":"page","link":"https:\/\/www.srsp.it\/index.php\/miscellanea-70\/","title":{"rendered":"Miscellanea 70"},"content":{"rendered":"<style type=\"text\/css\"> \n#cmsms_row_69f2ba863ce13 .cmsms_row_outer_parent { \n\tpadding-top: 0px; \n} \n\n#cmsms_row_69f2ba863ce13 .cmsms_row_outer_parent { \n\tpadding-bottom: 0px; \n} \n\n \n#cmsms_row_69f2ba863d5a8 .cmsms_row_outer_parent { \n\tpadding-top: 0px; \n} \n\n#cmsms_row_69f2ba863d5a8 .cmsms_row_outer_parent { \n\tpadding-bottom: 50px; \n} \n\n<\/style><div id=\"cmsms_row_69f2ba863ce13\" class=\"cmsms_row cmsms_color_scheme_default\">\n<div class=\"cmsms_row_outer_parent\">\n<div class=\"cmsms_row_outer\">\n<div class=\"cmsms_row_inner\">\n<div class=\"cmsms_row_margin\">\n<div class=\"cmsms_column two_third\" data-animation=\"fadeIn\" data-delay=\"100\">\n<div class=\"aligncenter\">\n<div class=\"cmsms_img  cmsms_image_c with_caption\" data-animation=\"fadeIn\" data-delay=\"100\">\n<img src=\"https:\/\/www.srsp.it\/wp-content\/uploads\/2021\/05\/Misc70-1.jpg\" alt=\" Miscellanea 70\" \/>\n<p class=\"cmsms_img_caption\">Miscellanea 70<\/p><\/div>\n<\/div>\n<\/div>\n<div class=\"cmsms_column one_third\">\n<div class=\"cmsms_text\">\n<p><span style=\"color: #800000;\">Isabella Salvagni<br \/>\n<strong>Da Universitas ad Academia<br \/>\n<\/strong>II. La fondazione dell\u2019Accademia de i Pitto-ri e Scultori di Roma nella chiesa dei santi Luca e Martina.<br \/>\nLe professioni artistiche a Roma: istituzioni, sedi, societ\u00e0 (1588-1705)<br \/>\n<strong><br \/>\n<\/strong><\/span><\/p>\n<p>Collana Miscellanea della Societ\u00e0 romana di storia patria, 70<br \/>\nfebbraio 2021, pp.\u00a0 658<br \/>\n<strong> \u20ac 40,00<\/strong><\/p>\n<p><span style=\"color: #800000;\">ISBN 9788897808589 <\/span><\/p>\n<p><a href=\"http:\/\/www.srsp.it\/wp-content\/uploads\/2021\/05\/Miscellanea70.pdf\" target=\"_blank\">Click per la scheda in formato pdf<\/a><\/p>\n<\/div>\n<\/div>\n<\/div>\n<\/div>\n<\/div>\n<\/div>\n<\/div>\n<div id=\"cmsms_row_69f2ba863d5a8\" class=\"cmsms_row cmsms_color_scheme_default\">\n<div class=\"cmsms_row_outer_parent\">\n<div class=\"cmsms_row_outer\">\n<div class=\"cmsms_row_inner\">\n<div class=\"cmsms_row_margin\">\n<div class=\"cmsms_column one_first\" data-animation=\"bounceInUp\" data-delay=\"200\">\n<div class=\"cmsms_text\" data-animation=\"fadeInDown\" data-delay=\"50\">\n<hr \/>\n<p style=\"text-align: justify;\"><span style=\"color: #800000;\">Secondo una consolidata tradizione l\u2019Accademia del Disegno dei Pittori, Scultori e Architetti di Roma intitolata a San Luca, \u201cideata\u201d da Girolamo Muziano nel 1577, fu finalmente \u201cfondata\u201d da Federico Zuccari nel 1593. La rilettura storica delle dinamiche intrecciatesi all\u2019interno dell\u2019ambiente artistico romano tra \u2018600 e primissimo \u2018700 modifica l\u2019assunto di tale demiurgica \u201cfondazione\u201d, restituendocene un portato diverso e rivelandoci che essa fu confezionata come operazione propagandistica e trascinata nella letteratura corrente fino ad ora. Ben lontana dall\u2019essere frutto di una o pi\u00f9 iniziative astratte e isolate, la nascita dell\u2019Accademia fu il risultato di ben pi\u00f9 complessi avvenimenti, nonch\u00e9 esito di quel lungo iter di trasformazione che invest\u00ec l\u2019antica \u00abUniversitas pictur\u00e6 ac miniatur\u00e6\u00bb, e che occup\u00f2 interamente il \u2018500, per concludersi e trovare attuazione entro il primo \u2018600. Questo processo composito si riflesse anche e soprattutto nei luoghi di insediamento dell\u2019istituzione, che ne tradussero il portato \u2018politico\u2019 in immagine architettonica, proiettando quest\u2019ultima alla scala della citt\u00e0, passando inesorabilmente attraverso il tentativo di assoggettare al controllo delle gerarchie ecclesiastiche l\u2019ambiente e la produzione artistica contemporanea, e, non da ultimo, coinvolgendo il sito nel quale l\u2019Accademia sarebbe andata infine ad insediarsi: i fori Romano ed Imperiali, ridisegnati dal nuovo Quartiere dei Pantani e ora connessi alla citt\u00e0.<\/span><\/p>\n<p style=\"text-align: justify;\"><span style=\"color: #800000;\">ISABELLA SALVAGNI. Storica ed archivista, pi\u00f9 volte libero docente presso universit\u00e0 statali, gi\u00e0 Aiuto-Curatore dell\u2019Archivio Storico dell\u2019Accademia nazionale di San Luca. Ha partecipato a e coordinato gruppi di ricerca, curato l\u2019allestimento di mostre documentarie. Ripetutamente borsi-sta presso enti nazionali, ha affrontato e svolto in collaborazione con universit\u00e0, soprintendenze e istituti culturali italiani e stranieri numerosi studi, confluiti in diverse monografie e saggi editi, tra i quali si ricordano i molteplici contributi sulle origini, le sedi e la storia dell\u2019Accademia di San Luca.<\/span><\/p>\n<p style=\"text-align: center;\"><span style=\"color: #800000;\">IL VOLUME \u00c8 STATO REALIZZATO GRAZIE AL CONTRIBUTO<\/span><br \/>\n<span style=\"color: #800000;\">DEL MINISTERO PER I BENI E LE ATTIVIT\u00c0 CULTURALI E PER IL TURISMO<\/span><br \/>\n<span style=\"color: #800000;\">DIREZIONE GENERALE BIBLIOTECHE E ISTITUTI CULTURALI<\/span><\/p>\n<\/div>\n<\/div>\n<\/div>\n<\/div>\n<\/div>\n<\/div>\n<\/div>\n\n","protected":false},"excerpt":{"rendered":"","protected":false},"author":1,"featured_media":0,"parent":0,"menu_order":0,"comment_status":"closed","ping_status":"closed","template":"","meta":[],"_links":{"self":[{"href":"https:\/\/www.srsp.it\/index.php\/wp-json\/wp\/v2\/pages\/1684"}],"collection":[{"href":"https:\/\/www.srsp.it\/index.php\/wp-json\/wp\/v2\/pages"}],"about":[{"href":"https:\/\/www.srsp.it\/index.php\/wp-json\/wp\/v2\/types\/page"}],"author":[{"embeddable":true,"href":"https:\/\/www.srsp.it\/index.php\/wp-json\/wp\/v2\/users\/1"}],"replies":[{"embeddable":true,"href":"https:\/\/www.srsp.it\/index.php\/wp-json\/wp\/v2\/comments?post=1684"}],"version-history":[{"count":3,"href":"https:\/\/www.srsp.it\/index.php\/wp-json\/wp\/v2\/pages\/1684\/revisions"}],"predecessor-version":[{"id":1692,"href":"https:\/\/www.srsp.it\/index.php\/wp-json\/wp\/v2\/pages\/1684\/revisions\/1692"}],"wp:attachment":[{"href":"https:\/\/www.srsp.it\/index.php\/wp-json\/wp\/v2\/media?parent=1684"}],"curies":[{"name":"wp","href":"https:\/\/api.w.org\/{rel}","templated":true}]}}