{"id":143,"date":"2016-04-29T11:18:36","date_gmt":"2016-04-29T09:18:36","guid":{"rendered":"http:\/\/www.srsp.it\/?page_id=143"},"modified":"2025-09-17T14:50:55","modified_gmt":"2025-09-17T12:50:55","slug":"termini-e-condizioni","status":"publish","type":"page","link":"https:\/\/www.srsp.it\/index.php\/termini-e-condizioni\/","title":{"rendered":"Come acquistare"},"content":{"rendered":"<style type=\"text\/css\"> \n#cmsms_row_69ea977de459b .cmsms_row_outer_parent { \n\tpadding-top: 0px; \n} \n\n#cmsms_row_69ea977de459b .cmsms_row_outer_parent { \n\tpadding-bottom: 50px; \n} \n\n<\/style><div id=\"cmsms_row_69ea977de459b\" class=\"cmsms_row cmsms_color_scheme_default\">\n<div class=\"cmsms_row_outer_parent\">\n<div class=\"cmsms_row_outer\">\n<div class=\"cmsms_row_inner\">\n<div class=\"cmsms_row_margin\">\n<div class=\"cmsms_column one_first\">\n<div class=\"aligncenter\">\n<div class=\"cmsms_img  cmsms_image_c\">\n<img src=\"https:\/\/www.srsp.it\/wp-content\/uploads\/2025\/09\/Avviso_sped_USA.png\" alt=\"\" \/>\n<\/div>\n<\/div>\n<\/div>\n<\/div>\n<\/div>\n<\/div>\n<\/div>\n<\/div>\n<div id=\"cmsms_row_69ea977de4c05\" class=\"cmsms_row cmsms_color_scheme_default\">\n<div class=\"cmsms_row_outer_parent\">\n<div class=\"cmsms_row_outer\">\n<div class=\"cmsms_row_inner\">\n<div class=\"cmsms_row_margin\">\n<div class=\"cmsms_column one_first\" data-animation=\"fadeIn\" data-delay=\"200\">\n<div class=\"cmsms_text\" data-animation=\"fadeInDown\" data-delay=\"150\">\n<p><strong>TERMINI DI SERVIZIO<\/strong><\/p>\n<p><strong>\u00a0<\/strong><strong>I) Condizioni Generali per l&#8217;acquisto dei volumi della societ\u00e0 romana di storia patria (SRSP)<\/strong><\/p>\n<p style=\"text-align: justify;\">La SRSP invita ciascun utente a leggere con attenzione le presenti condizioni generali di vendita dei volumi, prima di perfezionare qualsivoglia acquisto e, una volta conclusa tale operazione, a stamparle o salvarne copia in formato digitale.<\/p>\n<p>Le Condizioni Generali disciplinano l\u2019acquisto a distanza dei volumi promossi sul sito www.srsp.it, di titolarit\u00e0 della Societ\u00e0 romana di storia patria, con sede in Piazza della Chiesa Nuova, 18, 00186 Roma (RM), C.F. 80123030589.<\/p>\n<p>La SRSP potr\u00e0 modificare, senza alcun preavviso, le Condizioni Generali. Tali modifiche, avranno efficacia a far data dal giorno della loro pubblicazione sul Sito. Agli ordini di acquisto inoltrati alla SRSP prima della pubblicazione delle modifiche sopracitate verranno applicate le Condizioni Generali vigenti al momento della conclusione del contratto di vendita.<\/p>\n<p>Le Condizioni Generali sono disponibili in lingua italiana.<\/p>\n<p><strong>II) Procedura di acquisto \u2013 Conclusione del contratto di Vendita<\/strong><\/p>\n<p>I volumi possono essere acquistati:<\/p>\n<ul>\n<li>direttamente dal sito visitando la pagina E-commerce cliccando sull&#8217;icona carrello presente nelle schede dei volumi. In questo caso \u00e8 necessaria la registrazione;<\/li>\n<li>tramite l&#8217;invio di una mail a ordini@srsp.it<\/li>\n<\/ul>\n<p>Per espletare al meglio l\u2019ordine si prega di indicare chiaramente tutti i dati contrassegnati dall\u2019asterisco specificando sempre il Codice Fiscale o la Partita IVA poich\u00e9 dobbiamo emettere obbligatoriamente fattura. Numero di telefono o indirizzo e-mail ci permetteranno di rendere pi\u00f9 veloci eventuali comunicazioni.<\/p>\n<p>Ai Soci ed alle librerie viene praticato lo sconto del 25% sul prezzo di catalogo.<\/p>\n<p>Ricevuto l\u2019Ordine, la SRSP invia automaticamente al Cliente una e-mail di conferma di ricezione contenente gli estremi dell\u2019ordine e tutti i dati relativi all\u2019acquisto e i relativi costi, nonch\u00e9 i dati anagrafici e i recapiti del Cliente. Il Cliente si impegna a verificarne la correttezza e a comunicare tempestivamente alla SRSP eventuali modifiche. Il ricevimento della e-mail conferma la presa visione ed accettazione da parte del Cliente delle Condizioni Generali e delle Condizioni Specifiche.<\/p>\n<p>La SRSP ha facolt\u00e0 di accettare o meno gli ordini ricevuti senza che, in caso di mancata accettazione, il Cliente possa avanzare diritti o pretese nei confronti della SRSP ad alcun titolo. Il contratto di vendita si intender\u00e0 concluso al momento dell\u2019accettazione dell\u2019Ordine da parte della SRSP inviato all\u2019indirizzo di posta elettronica del Cliente.<\/p>\n<p>Una volta ricevuta l\u2019accettazione dell\u2019Ordine da parte della SRSP, quest\u2019ultimo provveder\u00e0 alla spedizione dei volumi selezionati che verr\u00e0 comunicata al Cliente a mezzo posta elettronica.<\/p>\n<p><strong>III) Prezzo dei volumi della SRSP \u2013 Disponibilit\u00e0 dei volumi<\/strong><\/p>\n<p>I prezzi pubblicati nelle homepage o nelle diverse sezioni del sito dedicate ad ogni singolo volume sono esenti da I.V.A. e non includono eventuali tasse, dazi ed imposte applicabili nel Paese di destinazione dei volumi ove questo sia diverso dall\u2019Italia. Tali costi, diversi da Paese a Paese, sono a carico del Cliente, al quale spetta l\u2019onere di verificarne l\u2019ammontare presso le competenti autorit\u00e0 doganali.<\/p>\n<p>Al prezzo del singolo volume deve essere aggiunto il costo di ogni spedizione, il cui ammontare potr\u00e0 variare in relazione al peso ed al paese di destinazione. L\u2019importo complessivo dovuto per i volumi prescelti sar\u00e0 chiaramente indicato e comunicato al Cliente, prima della conclusione del Contratto di Vendita.<\/p>\n<p>La spedizione avverr\u00e0 attraverso Poste Italiane.<\/p>\n<p><strong>ITALIA\u00a0\u00a0 COSTO IN EURO<\/strong><\/p>\n<p>Da 0 a 2 kg\u00a0\u00a0 \u20ac 5,00<\/p>\n<p>Da 2 a 5 kg\u00a0\u00a0 \u20ac 7,30<\/p>\n<p><u>Oltre i 5 kg o se viene superata la cifra di \u20ac 150,00 la spedizione <strong>in Italia<\/strong> \u00e8 gratuita<\/u><\/p>\n<p><strong>ESTERO<\/strong><\/p>\n<p>Le spese di spedizione per i diversi paesi esteri fanno riferimento alle <strong>tariffe in corso<\/strong> di Poste Italiane<\/p>\n<p>In caso di diversa esigenza si prega di non effettuare l\u2019ordine tramite E-commerce ma di inviare una mail a ordini@srsp.it specificando la modalit\u00e0 di spedizione desiderata; le spese di imballaggio, porto, bollo ecc. sono a carico del committente e la merce viaggia a suo rischio.<\/p>\n<p>Ogni ritardo nella consegna non \u00e8 da imputare alla SRSP.<\/p>\n<p>I prezzi riportati sul sito sono soggetti a possibili variazioni e\/o modifiche da parte di SRSP senza alcuno obbligo di preavviso al Cliente. Alcuni volumi possono essere soggetti a sconti o promozioni in particolari periodi dell\u2019anno.<\/p>\n<p><strong>IV) Modalit\u00e0 di pagamento<\/strong><\/p>\n<p>I pagamenti in esecuzione dei Contratti di Vendita potranno essere effettuati mediante<\/p>\n<ul>\n<li>carta di credito tramite sistema Woocommerce-Stripe;<\/li>\n<li>bonifico bancario indicando nella causale il numero d\u2019ordine;<\/li>\n<li>contanti se il ritiro dei volumi avviene presso la nostra sede.<\/li>\n<\/ul>\n<p>Al momento della formulazione dell\u2019ordine, il Cliente \u00e8 tenuto a indicare la modalit\u00e0 di pagamento prescelta. <u>Non si accettano richieste di pagamento a mezzo contrassegno.<\/u><\/p>\n<p>Indipendentemente dalla modalit\u00e0 di pagamento prescelta il Cliente, accedendo alla sezione \u201cVisualizza gli ordini\u201d, avr\u00e0 la possibilit\u00e0 di visionare gli ordini effettuati e il loro stato.<\/p>\n<p>In caso di mancato pagamento &#8211; per diversi motivi &#8211; del prezzo indicato nel Contratto di Vendita, la SRSP inviter\u00e0 il Cliente a provvedere al saldo. Sino a quando il Cliente non abbia regolarizzato la propria posizione, la SRSP si riserva il diritto di risolvere con effetto immediato eventuali Contratti di Vendita in essere, nonch\u00e9 di bloccare le funzioni di acquisto mediante il sito dandone comunicazione scritta al Cliente, restando comunque impregiudicato il diritto della SRSP a richiedere il ristoro di ogni ulteriore danno patito.<\/p>\n<p><strong>V) Consegna dei volumi<\/strong><\/p>\n<p>Il vettore spedizioniere \u00e8 POSTE ITALIANE.<\/p>\n<p>Vengono forniti, a richiesta, i tempi complessivi di consegna perch\u00e9 l\u2019ordine sia pronto per la spedizione e consegnato al Cliente. I tempi di disponibilit\u00e0 e di consegna possono subire variazioni, pertanto la SRSP non si impegna, n\u00e9 garantisce il pieno rispetto dei tempi di consegna, n\u00e9 si riterr\u00e0 responsabile per eventuali ritardi.<\/p>\n<p>Qualora i tempi di consegna del volume dovessero subire ritardi rispetto a quanto comunicato, la SRSP, entro 30 giorni dal ricevimento dell\u2019ordine, invier\u00e0 al Cliente apposita comunicazione a mezzo posta elettronica non appena a conoscenza dell\u2019evento.<\/p>\n<p>Nessuna responsabilit\u00e0, a qualsiasi titolo, potr\u00e0 essere addebitata dal Cliente alla SRSP, in caso di ritardo nell\u2019evasione dell\u2019Ordine o nella consegna del volume oggetto dei Contratti di Vendita.<\/p>\n<p>Per ciascun Contratto di Vendita perfezionato attraverso il sito, la SRSP emetter\u00e0 il relativo documento contabile previsto per legge relativo ai volumi acquistati. Non sar\u00e0 possibile procedere ad alcuna variazione del documento contabile successivamente alla sua emissione.<\/p>\n<p>Per effettuare correttamente la consegna dei volumi ordinati, \u00e8 sempre richiesta la presenza del Cliente o di un suo incaricato. Ove nessuno di essi fosse reperibile al momento e nel luogo di consegna dei volumi acquistati, il vettore spedizioniere lascer\u00e0 un avviso di ritiro pacco presso gli uffici competenti. Se il pacco non verr\u00e0 ritirato il volume rientrer\u00e0 presso i magazzini della SRSP. Una volta rientrato in sede, il Cliente verr\u00e0 contattato dall\u2019ufficio vendite e potr\u00e0 decidere se effettuare una seconda spedizione o se richiedere il rimborso dell\u2019intero Ordine (ovviamente escluse le spese di spedizione).<\/p>\n<p>Il relativo Contratto di Vendita si intender\u00e0 cos\u00ec automaticamente e definitivamente risolto.<\/p>\n<p>Nei casi di forza maggiore, indisponibilit\u00e0 dei mezzi di trasporto, eventi imprevedibili, la SRSP si riserva il diritto di risolvere il Contratto di Vendita ovvero di frazionare, rinviare o cancellare, in tutto o in parte, la consegna prevista, ove detti eventi provochino un ritardo nelle consegne ovvero le rendano difficili o impossibili e\/o causino un significativo aumento del loro costo a carico della SRSP. In tali ipotesi, sar\u00e0 compito della SRSP fornire tempestiva comunicazione delle proprie determinazioni all\u2019indirizzo di posta elettronica del Cliente. Quest\u2019ultimo, in tali casi avr\u00e0 diritto ad ottenere la restituzione del prezzo eventualmente corrisposto, esclusa qualsiasi ulteriore pretesa o risarcimento, a qualsiasi titolo, nei confronti della SRSP.<\/p>\n<p><strong>VI) Diritto di recesso del Cliente<\/strong><\/p>\n<p>Ai sensi degli artt. 64 e seguenti del Codice del Consumo, il Consumatore ha diritto a recedere dall\u2019acquisto senza alcuna penalit\u00e0 e senza specificarne il motivo.<\/p>\n<p>Per esercitare il diritto di recesso il Cliente dovr\u00e0 informare la SRSP entro il termine di 14 giorni lavorativi dalla ricezione dei volumi prescelti compilando il <a href=\"https:\/\/www.srsp.it\/documents\/SRSP-Modulo_di_recesso.pdf\" target=\"_blank\" rel=\"noopener\"><strong>modulo qui scaricabile <\/strong><\/a>e inviarlo a <a href=\"mailto:ordini@srsp.it\">ordini@srsp.it<\/a> oppure spedirlo a mezzo raccomandata A\/R all\u2019indirizzo Societ\u00e0 romana di storia patria \u2013 Piazza della Chiesa Nuova, 18 &#8211; 00186 Roma (RM) \u2013 Italia. Se desidera assistenza, potr\u00e0 contattarci all\u2019indirizzo mail <a href=\"mailto:ordini@srsp.it\">ordini@srsp.it<\/a>. \u00c8 inoltre tenuto a restituirci i prodotti senza ritardo e comunque entro 14 giorni dal giorno in cui ha comunicato il recesso.<\/p>\n<p>La restituzione dei volumi oggetto di recesso dovr\u00e0 essere effettuata, a cura e spese del Consumatore, a mezzo corriere di propria scelta, al seguente indirizzo: Societ\u00e0 romana di storia patria \u2013 Piazza della Chiesa Nuova, 18 &#8211; 00186 Roma (RM) \u2013 Italia.<\/p>\n<p>Ai fini del valido esercizio del diritto di recesso, il Consumatore dovr\u00e0 rispettare le seguenti condizioni e modalit\u00e0:<\/p>\n<ul>\n<li>il recesso potr\u00e0 applicarsi anche limitatamente ai singoli volumi oggetto di un unico Contratto di Vendita, fermo restando che il Consumatore non potr\u00e0 esercitare il recesso limitatamente ad una parte del singolo Volume acquistato;<\/li>\n<li>tutti i volumi per i quali il Consumatore abbia esercitato il diritto di recesso dovranno risultare integri al pari della confezione originale, completa in tutte le sue parti ivi compresi il materiale d\u2019imballaggio, i sigilli eventualmente apposti, nonch\u00e9 l\u2019eventuale documentazione accessoria;<\/li>\n<li>qualora il volume per il quale \u00e8 stato esercitato il diritto di recesso pervenga danneggiato alla SRSP, questi sar\u00e0 tenuto esclusivamente a darne comunicazione al Consumatore allo scopo di consentirgli, ove possibile, di esercitare il proprio diritto di rivalsa nei confronti del corriere prescelto per la restituzione dei volumi.<\/li>\n<\/ul>\n<p>La SRSP non risponder\u00e0 in nessun caso per danneggiamenti, furti o smarrimenti di volumi oggetto di reso, sino all\u2019avvenuta riconsegna degli stessi. Ogni rischio sar\u00e0, pertanto, a carico esclusivo del Consumatore.<\/p>\n<p>Una volta verificata l\u2019integrit\u00e0 del volume restituito, la SRSP provveder\u00e0 a rimborsare il Consumatore dell\u2019intero importo pagato per i volumi di cui al Contratto di Vendita oggetto di recesso, entro e non oltre 30 giorni dalla ricezione dei medesimi. Il rimborso avverr\u00e0 a mezzo bonifico bancario impiegando i dati comunicati nel modulo di recesso dal Consumatore stesso.<\/p>\n<p>Qualora il Consumatore violi, in tutto o in parte, le disposizioni dettate in materia di recesso dalle presenti Condizioni Generali, il Contratto di Vendita rester\u00e0 valido ed efficace e la SRSP provveder\u00e0 a restituire i Volumi indebitamente resi al Consumatore, addebitando a quest\u2019ultimo le relative spese di spedizione.<\/p>\n<p>La SRSP ha diritto di recedere da ciascun Contratto di Vendita concluso dal Cliente, dandone allo stesso comunicazione scritta tramite e-mail, cos\u00ec come potr\u00e0 non accettare alcun ordine da parte di utenti o Clienti che abbiamo attuato comportamenti non regolari, siano sospettati di comportamenti contrari alla legge o sia imposto da un ordine di una autorit\u00e0 giudiziaria.<\/p>\n<p><strong>VII) Garanzia &#8211; Resi<\/strong><\/p>\n<p>La SRSP compir\u00e0 ogni ragionevole sforzo per sostituire, a proprie spese ed entro un temine congruo, il volume difettoso. Ove ci\u00f2 non fosse possibile, o risultasse eccessivamente oneroso, il Consumatore avr\u00e0 diritto a risolvere il Contratto di Vendita e, conseguentemente, ad ottenere il riaccredito delle somme versate per l\u2019acquisto e la spedizione del volume, restando esclusa ogni ulteriore responsabilit\u00e0 della SRSP, a qualunque titolo e per qualsivoglia ragione.<\/p>\n<p>Ove il Cliente rilevasse eventuali difformit\u00e0 tra quanto ordinato e quanto ricevuto, ed in particolare, riscontrasse qualsiasi problema inerente l\u2019integrit\u00e0 fisica, la corrispondenza o completezza dei volumi ricevuti, dovr\u00e0 tempestivamente informare l\u2019Ufficio vendite della SRSP, che provveder\u00e0 a fornire le indicazioni necessarie alla soluzione del problema, e ove possibile, alla spedizione degli articoli mancanti, alla sostituzione degli articoli difettosi oppure al loro rimborso.<\/p>\n<p><strong>VIII) Comunicazioni e Reclami<\/strong><\/p>\n<p>Tutte le comunicazioni o gli eventuali reclami nei confronti della SRSP dovranno essere indirizzati all\u2019Ufficio vendite della SRSP inviando una mail all\u2019indirizzo <a href=\"mailto:ordini@srsp.it\">ordini@srsp.it<\/a> oppure lettera intestata a Societ\u00e0 romana di storia patria \u2013 Piazza della Chiesa Nuova, 18 &#8211; 00186 Roma (RM) \u2013 Italia.<\/p>\n<p><strong>IX) Diritti di propriet\u00e0 intellettuale<\/strong><\/p>\n<p>Il Cliente dichiara e riconosce che tutti i marchi, disegni, modelli, segni distintivi, opere dell\u2019ingegno, ovvero ogni altro diritto di propriet\u00e0 intellettuale ed industriale accessibile dal e\/o riprodotto sul Sito in ogni modo e\/o forma, ivi incluso il logo SRSP sono di esclusiva titolarit\u00e0 della SRSP.<\/p>\n<p><strong>X) Privacy<\/strong><\/p>\n<p>Per la disciplina del trattamento dei dati personali da parte della SRSP, si rinvia all\u2019area del sito appositamente dedicata, raggiungibile alla pagina \u201c<u>Informativa sulla Privacy\u201d<\/u><\/p>\n<p><strong>XI) Normativa di riferimento \u2013 Foro competente<\/strong><\/p>\n<p>Le presenti Condizioni Generali sono rette dalla legge italiana cos\u00ec come ciascun Contratto di Vendita e soggette alla giurisdizione italiana.<\/p>\n<p>Ogni controversia relativa alle Condizioni Generali ovvero ai Contratti di Vendita sar\u00e0 devoluta alla competenza esclusiva del Foro di Roma, fermo restando l\u2019applicabilit\u00e0 delle norme inderogabili di legge poste a tutela dei Consumatori.<\/p>\n<p>Ai sensi e per gli effetti degli articoli 1341 e 1342 cc. il Cliente dichiara di aver preso visione, compreso e di voler accettare tutte le clausole.<\/p>\n<\/div>\n<\/div>\n<\/div>\n<\/div>\n<\/div>\n<\/div>\n<\/div>\n\n","protected":false},"excerpt":{"rendered":"","protected":false},"author":1,"featured_media":0,"parent":0,"menu_order":0,"comment_status":"closed","ping_status":"closed","template":"","meta":[],"_links":{"self":[{"href":"https:\/\/www.srsp.it\/index.php\/wp-json\/wp\/v2\/pages\/143"}],"collection":[{"href":"https:\/\/www.srsp.it\/index.php\/wp-json\/wp\/v2\/pages"}],"about":[{"href":"https:\/\/www.srsp.it\/index.php\/wp-json\/wp\/v2\/types\/page"}],"author":[{"embeddable":true,"href":"https:\/\/www.srsp.it\/index.php\/wp-json\/wp\/v2\/users\/1"}],"replies":[{"embeddable":true,"href":"https:\/\/www.srsp.it\/index.php\/wp-json\/wp\/v2\/comments?post=143"}],"version-history":[{"count":19,"href":"https:\/\/www.srsp.it\/index.php\/wp-json\/wp\/v2\/pages\/143\/revisions"}],"predecessor-version":[{"id":4166,"href":"https:\/\/www.srsp.it\/index.php\/wp-json\/wp\/v2\/pages\/143\/revisions\/4166"}],"wp:attachment":[{"href":"https:\/\/www.srsp.it\/index.php\/wp-json\/wp\/v2\/media?parent=143"}],"curies":[{"name":"wp","href":"https:\/\/api.w.org\/{rel}","templated":true}]}}