{"id":12,"date":"2016-04-05T16:42:01","date_gmt":"2016-04-05T14:42:01","guid":{"rendered":"http:\/\/www.srsp.it\/?page_id=12"},"modified":"2023-04-13T22:36:53","modified_gmt":"2023-04-13T20:36:53","slug":"chi-siamo","status":"publish","type":"page","link":"https:\/\/www.srsp.it\/index.php\/chi-siamo\/","title":{"rendered":"Chi siamo"},"content":{"rendered":"<style type=\"text\/css\"><\/style><div id=\"cmsms_row_69ef1aa3d2014\" class=\"cmsms_row cmsms_color_scheme_default\">\n<div class=\"cmsms_row_outer_parent\">\n<div class=\"cmsms_row_outer\">\n<div class=\"cmsms_row_inner\">\n<div class=\"cmsms_row_margin\">\n<div class=\"cmsms_column one_first\">\n<div class=\"cmsms_text\" data-animation=\"fadeIn\" data-delay=\"50\">\n<p>\n<strong>ATTO DI FONDAZIONE<\/strong><\/p>\n<p>Dell\u2019atto costitutivo si hanno due redazioni che portano la medesima data (5 dicembre 1876) e sono munite di firme autografe. Ma, mentre la prima risulta scritta alla data dichiarata, la seconda deve ritenersi redatta dopo il 3 gennaio seguente, perch\u00e9 in essa si fa riferimento alla protezione del Comune di Roma, che fu comunicata con lettera di quel giorno. Le firme sono 14 nella prima redazione, 11 nella seconda.<\/p>\n<p><strong>Prima redazione<\/strong><\/p>\n<p>\u00c8 costituita dai sottoscritti, in questo giorno 5 dicembre 1876 una societ\u00e0 Romana di Storia Patria allo scopo di pubblicare documenti illustrativi della storia della citt\u00e0 e della provincia di Roma in tutti i suoi rapporti dalla caduta dell\u2019Impero alla fine del secolo decimottavo, ed un Bollettino annuale di studi e memorie concernenti la storia medesima.<br \/>\nI soci si divideranno in attivi e contribuenti. Il Consiglio Direttivo della Societ\u00e0, cui incombe la Direzione e compilazione di tutti i lavori che la medesima si propone a scopo, \u00e8 sin da ora composto dai primi sedici iscritti nell\u2019Albo Sociale come soci attivi, che rimarranno in ufficio loro vita natural durante. Essi a maggioranza di voti provvederanno a mantenere completo il numero dei consiglieri, traendo i nuovi eletti da socii attivi originarii della Provincia Romana, che meglio si saranno adoperati per la Societ\u00e0.<\/p>\n<p><strong>Roma, il 5 Decembre 1876<\/strong><br \/>\nUgo Balzani, Carlo Castellani, Ciampi Ignazio, Costantino Corvisieri, Giuseppe Cugnoni, G. Battista de Rossi, Ignazio Giorgi, Ignazio Guidi, Ernesto Monaci, Giulio Navone, Giuseppe Tomassetti, Oreste Tommasini, Carlo Valenziani, Visconti P. E.<\/p>\n<p><strong>Seconda redazione<\/strong><\/p>\n<p>\u00c8 costituita dai sottoscritti una societ\u00e0 Romana di Storia Patria allo scopo di pubblicare documenti illustrativi della storia della citt\u00e0 e della provincia di Roma in tutti i suoi rapporti dalla caduta dell\u2019Impero alla fine del secolo decimottavo, ed un Bollettino trimestrale di studi e memorie concernenti la storia medesima.<br \/>\nQuesta Societ\u00e0 \u00e8 posta sotto la protezione del Comune di Roma.<br \/>\nI sottoscritti si aggregheranno col nome di Soc\u00ee corrispondenti quelle persone che si saranno rese benemerite della Societ\u00e0 con contribuzioni scientifiche prestate alla medesima.<br \/>\nSono dichiarati Soci Patroni quelle persone che sborseranno per una volta L. 500 per formare il fondo sociale.<br \/>\nSono dichiarati Soci contribuenti quelle persone che si associeranno almeno per cinque anni al Bollettino della Societ\u00e0.<\/p>\n<p><strong>Roma, il 5 Decembre 1876<\/strong><br \/>\nCarlo Castellani, Ignazio Ciampi, Costantino Corvisieri, Giuseppe Cugnoni, Giovanni Battista de Rossi, Ignazio Giorgi, Ignazio Guidi, Ernesto Monaci, Giulio Navone, Giuseppe Tomassetti, Oreste Tommasini.<\/p>\n<\/div>\n<\/div>\n<\/div>\n<\/div>\n<\/div>\n<\/div>\n<\/div>\n\n","protected":false},"excerpt":{"rendered":"","protected":false},"author":1,"featured_media":0,"parent":0,"menu_order":0,"comment_status":"closed","ping_status":"closed","template":"","meta":[],"_links":{"self":[{"href":"https:\/\/www.srsp.it\/index.php\/wp-json\/wp\/v2\/pages\/12"}],"collection":[{"href":"https:\/\/www.srsp.it\/index.php\/wp-json\/wp\/v2\/pages"}],"about":[{"href":"https:\/\/www.srsp.it\/index.php\/wp-json\/wp\/v2\/types\/page"}],"author":[{"embeddable":true,"href":"https:\/\/www.srsp.it\/index.php\/wp-json\/wp\/v2\/users\/1"}],"replies":[{"embeddable":true,"href":"https:\/\/www.srsp.it\/index.php\/wp-json\/wp\/v2\/comments?post=12"}],"version-history":[{"count":4,"href":"https:\/\/www.srsp.it\/index.php\/wp-json\/wp\/v2\/pages\/12\/revisions"}],"predecessor-version":[{"id":86,"href":"https:\/\/www.srsp.it\/index.php\/wp-json\/wp\/v2\/pages\/12\/revisions\/86"}],"wp:attachment":[{"href":"https:\/\/www.srsp.it\/index.php\/wp-json\/wp\/v2\/media?parent=12"}],"curies":[{"name":"wp","href":"https:\/\/api.w.org\/{rel}","templated":true}]}}